{"id":5457,"date":"2022-06-24T08:16:03","date_gmt":"2022-06-24T08:16:03","guid":{"rendered":"http:\/\/tigerpico.de\/?page_id=5457"},"modified":"2022-09-27T13:23:07","modified_gmt":"2022-09-27T13:23:07","slug":"entrhal","status":"publish","type":"page","link":"https:\/\/tigerpico.de\/en_us\/service_center\/success-stories\/entrhal","title":{"rendered":"Entrhal"},"content":{"rendered":"<div data-elementor-type=\"wp-page\" data-elementor-id=\"5457\" class=\"elementor elementor-5457\" data-elementor-post-type=\"page\">\n\t\t\t\t\t\t<section class=\"elementor-section elementor-top-section elementor-element elementor-element-d145518 elementor-section-boxed elementor-section-height-default elementor-section-height-default\" data-id=\"d145518\" data-element_type=\"section\" data-e-type=\"section\">\n\t\t\t\t\t\t<div class=\"elementor-container elementor-column-gap-default\">\n\t\t\t\t\t<div class=\"elementor-column elementor-col-100 elementor-top-column elementor-element elementor-element-acf25e1\" data-id=\"acf25e1\" data-element_type=\"column\" data-e-type=\"column\">\n\t\t\t<div class=\"elementor-widget-wrap elementor-element-populated\">\n\t\t\t\t\t\t<div class=\"elementor-element elementor-element-3aa78a8 elementor-widget elementor-widget-heading\" data-id=\"3aa78a8\" data-element_type=\"widget\" data-e-type=\"widget\" data-widget_type=\"heading.default\">\n\t\t\t\t<div class=\"elementor-widget-container\">\n\t\t\t\t\t<h2 class=\"elementor-heading-title elementor-size-default\">Siegelger\u00e4t zur Versiegelung von Sterilisationsverpackungen<\/h2>\t\t\t\t<\/div>\n\t\t\t\t<\/div>\n\t\t\t\t<div class=\"elementor-element elementor-element-c7bb65a elementor-widget elementor-widget-text-editor\" data-id=\"c7bb65a\" data-element_type=\"widget\" data-e-type=\"widget\" data-widget_type=\"text-editor.default\">\n\t\t\t\t<div class=\"elementor-widget-container\">\n\t\t\t\t\t\t\t\t\t<p><span style=\"color: #000000;\"><strong>Entrhal Medical in Germany<\/strong><\/span><\/p>\t\t\t\t\t\t\t\t<\/div>\n\t\t\t\t<\/div>\n\t\t\t\t\t<\/div>\n\t\t<\/div>\n\t\t\t\t\t<\/div>\n\t\t<\/section>\n\t\t\t\t<section class=\"elementor-section elementor-top-section elementor-element elementor-element-b7831df elementor-section-boxed elementor-section-height-default elementor-section-height-default\" data-id=\"b7831df\" data-element_type=\"section\" data-e-type=\"section\">\n\t\t\t\t\t\t<div class=\"elementor-container elementor-column-gap-default\">\n\t\t\t\t\t<div class=\"elementor-column elementor-col-33 elementor-top-column elementor-element elementor-element-4ad0f61\" data-id=\"4ad0f61\" data-element_type=\"column\" data-e-type=\"column\">\n\t\t\t<div class=\"elementor-widget-wrap elementor-element-populated\">\n\t\t\t\t\t\t<div class=\"elementor-element elementor-element-8d8b19c elementor-widget elementor-widget-text-editor\" data-id=\"8d8b19c\" data-element_type=\"widget\" data-e-type=\"widget\" data-widget_type=\"text-editor.default\">\n\t\t\t\t<div class=\"elementor-widget-container\">\n\t\t\t\t\t\t\t\t\t<p><span style=\"color: #000000;\">Die Siegelger\u00e4te wurden eigens entwickelt, um das Versiegeln von Sterilisationsverpackungen einfacher und sicherer zu machen.<br \/><\/span><span style=\"color: #000000;\">Durch das gro\u00dffl\u00e4chige Anzeigefeld, mit klaren und eindeutigen Meldungen, ist die Handhabung so einfach, dass auch gelegentliche Benutzer das Ger\u00e4t leicht bedienen k\u00f6nnen.<br \/><\/span><span style=\"color: #000000;\">Das Siegelger\u00e4t ist au\u00dferordentlich kompakt und ben\u00f6tigt, bei gleicher Leistung, nur einen Bruchteil der Stellfl\u00e4che eines herk\u00f6mmlichen Ger\u00e4tes.<\/span><\/p>\t\t\t\t\t\t\t\t<\/div>\n\t\t\t\t<\/div>\n\t\t\t\t\t<\/div>\n\t\t<\/div>\n\t\t\t\t<div class=\"elementor-column elementor-col-33 elementor-top-column elementor-element elementor-element-53eaadd\" data-id=\"53eaadd\" data-element_type=\"column\" data-e-type=\"column\">\n\t\t\t<div class=\"elementor-widget-wrap elementor-element-populated\">\n\t\t\t\t\t\t<div class=\"elementor-element elementor-element-b31e75f elementor-widget elementor-widget-image\" data-id=\"b31e75f\" data-element_type=\"widget\" data-e-type=\"widget\" data-widget_type=\"image.default\">\n\t\t\t\t<div class=\"elementor-widget-container\">\n\t\t\t\t\t\t\t\t\t\t\t\t\t\t\t<img decoding=\"async\" width=\"300\" height=\"158\" src=\"https:\/\/tigerpico.de\/wp-content\/uploads\/2022\/06\/997611a8be.jpg\" class=\"attachment-large size-large wp-image-5467\" alt=\"\" \/>\t\t\t\t\t\t\t\t\t\t\t\t\t\t\t<\/div>\n\t\t\t\t<\/div>\n\t\t\t\t<div class=\"elementor-element elementor-element-1799124 elementor-widget elementor-widget-text-editor\" data-id=\"1799124\" data-element_type=\"widget\" data-e-type=\"widget\" data-widget_type=\"text-editor.default\">\n\t\t\t\t<div class=\"elementor-widget-container\">\n\t\t\t\t\t\t\t\t\t<p><span style=\"color: #000000;\">Die neu entwickelten Heizelemente heizen schnell auf, verteilen die W\u00e4rme gleichm\u00e4\u00dfig und sorgen so f\u00fcr perfekte Siegeln\u00e4hte.<\/span><\/p>\t\t\t\t\t\t\t\t<\/div>\n\t\t\t\t<\/div>\n\t\t\t\t\t<\/div>\n\t\t<\/div>\n\t\t\t\t<div class=\"elementor-column elementor-col-33 elementor-top-column elementor-element elementor-element-14831c1\" data-id=\"14831c1\" data-element_type=\"column\" data-e-type=\"column\">\n\t\t\t<div class=\"elementor-widget-wrap elementor-element-populated\">\n\t\t\t\t\t\t<div class=\"elementor-element elementor-element-a98420d elementor-widget elementor-widget-text-editor\" data-id=\"a98420d\" data-element_type=\"widget\" data-e-type=\"widget\" data-widget_type=\"text-editor.default\">\n\t\t\t\t<div class=\"elementor-widget-container\">\n\t\t\t\t\t\t\t\t\t<div id=\"c915\" class=\"csc-default\"><div class=\"csc-textpic-text\"><p><span style=\"color: #000000;\">Alle Ger\u00e4te sind nach den europ\u00e4ischen Sicherheitsrichtlinien gepr\u00fcft. Jedes einzelne Ger\u00e4t wird validiert, ausf\u00fchrlich getestet und mit Werkszertifikat, Bedienungsanleitung und Serviceinforma- tionen geliefert gem\u00e4\u00df ISO 11607.<\/span><\/p><p><span style=\"color: #000000;\">Mehrere Modelle erf\u00fcllen die unterschiedlichen Anforderungen der Praxis. Vom Einstiegsmodell EM 10 f\u00fcr kleineres Siegelaufkommen, \u00fcber das Standardger\u00e4t EM 20 bis hin zum Topmodell EM 30 mit eingebautem Drucker, Kraftmessung, Computer- und Etikettendrucker-schnittstelle gibt es f\u00fcr jeden Bedarf das geeignete Ger\u00e4t.<\/span><\/p><\/div><\/div><div id=\"c1238\" class=\"csc-default\"><h1><span style=\"color: #84b437;\">Kontakt:<\/span><\/h1><ul><li><span style=\"color: #000000;\">E-Mail:\u00a0<strong><span style=\"color: #84b437;\"><a style=\"color: #84b437;\" href=\"mailto:info@entrhal-medical.de\">info@entrhal-medical.de<\/a><\/span><\/strong><\/span><\/li><li><span style=\"color: #000000;\">Telefon: 02834 \/ 94 24 88 45<\/span><\/li><li><span style=\"color: #000000;\">Web:\u00a0<span style=\"color: #84b437;\"><strong><a style=\"color: #84b437;\" href=\"http:\/\/www.entrhal-medical.de\/\/\" target=\"_blank\" rel=\"noopener\">www.entrhal-medical.de\/\/<\/a><\/strong><\/span><\/span><\/li><\/ul><\/div>\t\t\t\t\t\t\t\t<\/div>\n\t\t\t\t<\/div>\n\t\t\t\t\t<\/div>\n\t\t<\/div>\n\t\t\t\t\t<\/div>\n\t\t<\/section>\n\t\t\t\t<\/div>","protected":false},"excerpt":{"rendered":"<p>Siegelger\u00e4t zur Versiegelung von Sterilisationsverpackungen Entrhal Medical in Germany Die Siegelger\u00e4te wurden eigens entwickelt, um das Versiegeln von Sterilisationsverpackungen einfacher und sicherer zu machen. Durch das gro\u00dffl\u00e4chige Anzeigefeld, mit klaren und eindeutigen Meldungen, ist die Handhabung so einfach, dass auch gelegentliche Benutzer das Ger\u00e4t leicht bedienen k\u00f6nnen. Das Siegelger\u00e4t ist au\u00dferordentlich kompakt und ben\u00f6tigt, bei [&hellip;]<\/p>\n","protected":false},"author":2,"featured_media":0,"parent":5351,"menu_order":3,"comment_status":"closed","ping_status":"closed","template":"","meta":{"ocean_post_layout":"full-screen","ocean_both_sidebars_style":"","ocean_both_sidebars_content_width":0,"ocean_both_sidebars_sidebars_width":0,"ocean_sidebar":"0","ocean_second_sidebar":"0","ocean_disable_margins":"enable","ocean_add_body_class":"","ocean_shortcode_before_top_bar":"","ocean_shortcode_after_top_bar":"","ocean_shortcode_before_header":"","ocean_shortcode_after_header":"","ocean_has_shortcode":"","ocean_shortcode_after_title":"","ocean_shortcode_before_footer_widgets":"","ocean_shortcode_after_footer_widgets":"","ocean_shortcode_before_footer_bottom":"","ocean_shortcode_after_footer_bottom":"","ocean_display_top_bar":"off","ocean_display_header":"on","ocean_header_style":"","ocean_center_header_left_menu":"0","ocean_custom_header_template":"0","ocean_custom_logo":0,"ocean_custom_retina_logo":0,"ocean_custom_logo_max_width":0,"ocean_custom_logo_tablet_max_width":0,"ocean_custom_logo_mobile_max_width":0,"ocean_custom_logo_max_height":0,"ocean_custom_logo_tablet_max_height":0,"ocean_custom_logo_mobile_max_height":0,"ocean_header_custom_menu":"0","ocean_menu_typo_font_family":"0","ocean_menu_typo_font_subset":"","ocean_menu_typo_font_size":0,"ocean_menu_typo_font_size_tablet":0,"ocean_menu_typo_font_size_mobile":0,"ocean_menu_typo_font_size_unit":"px","ocean_menu_typo_font_weight":"","ocean_menu_typo_font_weight_tablet":"","ocean_menu_typo_font_weight_mobile":"","ocean_menu_typo_transform":"","ocean_menu_typo_transform_tablet":"","ocean_menu_typo_transform_mobile":"","ocean_menu_typo_line_height":0,"ocean_menu_typo_line_height_tablet":0,"ocean_menu_typo_line_height_mobile":0,"ocean_menu_typo_line_height_unit":"","ocean_menu_typo_spacing":0,"ocean_menu_typo_spacing_tablet":0,"ocean_menu_typo_spacing_mobile":0,"ocean_menu_typo_spacing_unit":"","ocean_menu_link_color":"","ocean_menu_link_color_hover":"","ocean_menu_link_color_active":"","ocean_menu_link_background":"","ocean_menu_link_hover_background":"","ocean_menu_link_active_background":"","ocean_menu_social_links_bg":"","ocean_menu_social_hover_links_bg":"","ocean_menu_social_links_color":"","ocean_menu_social_hover_links_color":"","ocean_disable_title":"on","ocean_disable_heading":"on","ocean_post_title":"","ocean_post_subheading":"","ocean_post_title_style":"","ocean_post_title_background_color":"","ocean_post_title_background":0,"ocean_post_title_bg_image_position":"","ocean_post_title_bg_image_attachment":"","ocean_post_title_bg_image_repeat":"","ocean_post_title_bg_image_size":"","ocean_post_title_height":0,"ocean_post_title_bg_overlay":0.5,"ocean_post_title_bg_overlay_color":"","ocean_disable_breadcrumbs":"off","ocean_breadcrumbs_color":"","ocean_breadcrumbs_separator_color":"","ocean_breadcrumbs_links_color":"","ocean_breadcrumbs_links_hover_color":"","ocean_display_footer_widgets":"off","ocean_display_footer_bottom":"off","ocean_custom_footer_template":"0","footnotes":""},"class_list":["post-5457","page","type-page","status-publish","hentry","entry"],"yoast_head":"<!-- This site is optimized with the Yoast SEO plugin v27.4 - https:\/\/yoast.com\/product\/yoast-seo-wordpress\/ -->\n<title>Entrhal - TESTING-tigerpico-de<\/title>\n<meta name=\"robots\" content=\"index, follow, max-snippet:-1, max-image-preview:large, max-video-preview:-1\" \/>\n<link rel=\"canonical\" href=\"https:\/\/tigerpico.de\/en_us\/service_center\/success-stories\/entrhal\/\" \/>\n<meta property=\"og:locale\" content=\"en_US\" \/>\n<meta property=\"og:type\" content=\"article\" \/>\n<meta property=\"og:title\" content=\"Entrhal - TESTING-tigerpico-de\" \/>\n<meta property=\"og:description\" content=\"Siegelger\u00e4t zur Versiegelung von Sterilisationsverpackungen Entrhal Medical in Germany Die Siegelger\u00e4te wurden eigens entwickelt, um das Versiegeln von Sterilisationsverpackungen einfacher und sicherer zu machen. Durch das gro\u00dffl\u00e4chige Anzeigefeld, mit klaren und eindeutigen Meldungen, ist die Handhabung so einfach, dass auch gelegentliche Benutzer das Ger\u00e4t leicht bedienen k\u00f6nnen. Das Siegelger\u00e4t ist au\u00dferordentlich kompakt und ben\u00f6tigt, bei [&hellip;]\" \/>\n<meta property=\"og:url\" content=\"https:\/\/tigerpico.de\/en_us\/service_center\/success-stories\/entrhal\/\" \/>\n<meta property=\"og:site_name\" content=\"TESTING-tigerpico-de\" \/>\n<meta property=\"article:publisher\" content=\"https:\/\/www.facebook.com\/WilkeTechnology\/\" \/>\n<meta property=\"article:modified_time\" content=\"2022-09-27T13:23:07+00:00\" \/>\n<meta property=\"og:image\" content=\"https:\/\/tigerpico.de\/wp-content\/uploads\/2022\/06\/997611a8be.jpg\" \/>\n<meta name=\"twitter:card\" content=\"summary_large_image\" \/>\n<meta name=\"twitter:label1\" content=\"Est. reading time\" \/>\n\t<meta name=\"twitter:data1\" content=\"1 minute\" \/>\n<script type=\"application\/ld+json\" class=\"yoast-schema-graph\">{\"@context\":\"https:\\\/\\\/schema.org\",\"@graph\":[{\"@type\":\"WebPage\",\"@id\":\"https:\\\/\\\/tigerpico.de\\\/service_center\\\/success-stories\\\/entrhal\",\"url\":\"https:\\\/\\\/tigerpico.de\\\/service_center\\\/success-stories\\\/entrhal\",\"name\":\"Entrhal - TESTING-tigerpico-de\",\"isPartOf\":{\"@id\":\"https:\\\/\\\/tigerpico.de\\\/#website\"},\"primaryImageOfPage\":{\"@id\":\"https:\\\/\\\/tigerpico.de\\\/service_center\\\/success-stories\\\/entrhal#primaryimage\"},\"image\":{\"@id\":\"https:\\\/\\\/tigerpico.de\\\/service_center\\\/success-stories\\\/entrhal#primaryimage\"},\"thumbnailUrl\":\"https:\\\/\\\/tigerpico.de\\\/wp-content\\\/uploads\\\/2022\\\/06\\\/997611a8be.jpg\",\"datePublished\":\"2022-06-24T08:16:03+00:00\",\"dateModified\":\"2022-09-27T13:23:07+00:00\",\"breadcrumb\":{\"@id\":\"https:\\\/\\\/tigerpico.de\\\/service_center\\\/success-stories\\\/entrhal#breadcrumb\"},\"inLanguage\":\"en-US\",\"potentialAction\":[{\"@type\":\"ReadAction\",\"target\":[\"https:\\\/\\\/tigerpico.de\\\/service_center\\\/success-stories\\\/entrhal\"]}]},{\"@type\":\"ImageObject\",\"inLanguage\":\"en-US\",\"@id\":\"https:\\\/\\\/tigerpico.de\\\/service_center\\\/success-stories\\\/entrhal#primaryimage\",\"url\":\"https:\\\/\\\/tigerpico.de\\\/wp-content\\\/uploads\\\/2022\\\/06\\\/997611a8be.jpg\",\"contentUrl\":\"https:\\\/\\\/tigerpico.de\\\/wp-content\\\/uploads\\\/2022\\\/06\\\/997611a8be.jpg\"},{\"@type\":\"BreadcrumbList\",\"@id\":\"https:\\\/\\\/tigerpico.de\\\/service_center\\\/success-stories\\\/entrhal#breadcrumb\",\"itemListElement\":[{\"@type\":\"ListItem\",\"position\":1,\"name\":\"Startseite\",\"item\":\"https:\\\/\\\/tigerpico.de\\\/\"},{\"@type\":\"ListItem\",\"position\":2,\"name\":\"Service Center\",\"item\":\"https:\\\/\\\/tigerpico.de\\\/service_center\"},{\"@type\":\"ListItem\",\"position\":3,\"name\":\"Success Stories\",\"item\":\"https:\\\/\\\/tigerpico.de\\\/service_center\\\/success-stories\"},{\"@type\":\"ListItem\",\"position\":4,\"name\":\"Entrhal\"}]},{\"@type\":\"WebSite\",\"@id\":\"https:\\\/\\\/tigerpico.de\\\/#website\",\"url\":\"https:\\\/\\\/tigerpico.de\\\/\",\"name\":\"TESTING-tigerpico-de\",\"description\":\"Wilke Technology\",\"publisher\":{\"@id\":\"https:\\\/\\\/tigerpico.de\\\/#organization\"},\"potentialAction\":[{\"@type\":\"SearchAction\",\"target\":{\"@type\":\"EntryPoint\",\"urlTemplate\":\"https:\\\/\\\/tigerpico.de\\\/?s={search_term_string}\"},\"query-input\":{\"@type\":\"PropertyValueSpecification\",\"valueRequired\":true,\"valueName\":\"search_term_string\"}}],\"inLanguage\":\"en-US\"},{\"@type\":\"Organization\",\"@id\":\"https:\\\/\\\/tigerpico.de\\\/#organization\",\"name\":\"TESTING-tigerpico-de\",\"url\":\"https:\\\/\\\/tigerpico.de\\\/\",\"logo\":{\"@type\":\"ImageObject\",\"inLanguage\":\"en-US\",\"@id\":\"https:\\\/\\\/tigerpico.de\\\/#\\\/schema\\\/logo\\\/image\\\/\",\"url\":\"https:\\\/\\\/tigerpico.de\\\/wp-content\\\/uploads\\\/2022\\\/05\\\/Wilke_Logo_mittelgrun-4.png\",\"contentUrl\":\"https:\\\/\\\/tigerpico.de\\\/wp-content\\\/uploads\\\/2022\\\/05\\\/Wilke_Logo_mittelgrun-4.png\",\"width\":1690,\"height\":1680,\"caption\":\"TESTING-tigerpico-de\"},\"image\":{\"@id\":\"https:\\\/\\\/tigerpico.de\\\/#\\\/schema\\\/logo\\\/image\\\/\"},\"sameAs\":[\"https:\\\/\\\/www.facebook.com\\\/WilkeTechnology\\\/\",\"https:\\\/\\\/de.linkedin.com\\\/company\\\/wilke-technology-gmbh\",\"https:\\\/\\\/www.xing.com\\\/pages\\\/wilke-technology-gmbh\\\/about_us\"]}]}<\/script>\n<!-- \/ Yoast SEO plugin. -->","yoast_head_json":{"title":"Entrhal - TESTING-tigerpico-de","robots":{"index":"index","follow":"follow","max-snippet":"max-snippet:-1","max-image-preview":"max-image-preview:large","max-video-preview":"max-video-preview:-1"},"canonical":"https:\/\/tigerpico.de\/en_us\/service_center\/success-stories\/entrhal\/","og_locale":"en_US","og_type":"article","og_title":"Entrhal - TESTING-tigerpico-de","og_description":"Siegelger\u00e4t zur Versiegelung von Sterilisationsverpackungen Entrhal Medical in Germany Die Siegelger\u00e4te wurden eigens entwickelt, um das Versiegeln von Sterilisationsverpackungen einfacher und sicherer zu machen. Durch das gro\u00dffl\u00e4chige Anzeigefeld, mit klaren und eindeutigen Meldungen, ist die Handhabung so einfach, dass auch gelegentliche Benutzer das Ger\u00e4t leicht bedienen k\u00f6nnen. Das Siegelger\u00e4t ist au\u00dferordentlich kompakt und ben\u00f6tigt, bei [&hellip;]","og_url":"https:\/\/tigerpico.de\/en_us\/service_center\/success-stories\/entrhal\/","og_site_name":"TESTING-tigerpico-de","article_publisher":"https:\/\/www.facebook.com\/WilkeTechnology\/","article_modified_time":"2022-09-27T13:23:07+00:00","og_image":[{"url":"https:\/\/tigerpico.de\/wp-content\/uploads\/2022\/06\/997611a8be.jpg","type":"","width":"","height":""}],"twitter_card":"summary_large_image","twitter_misc":{"Est. reading time":"1 minute"},"schema":{"@context":"https:\/\/schema.org","@graph":[{"@type":"WebPage","@id":"https:\/\/tigerpico.de\/service_center\/success-stories\/entrhal","url":"https:\/\/tigerpico.de\/service_center\/success-stories\/entrhal","name":"Entrhal - TESTING-tigerpico-de","isPartOf":{"@id":"https:\/\/tigerpico.de\/#website"},"primaryImageOfPage":{"@id":"https:\/\/tigerpico.de\/service_center\/success-stories\/entrhal#primaryimage"},"image":{"@id":"https:\/\/tigerpico.de\/service_center\/success-stories\/entrhal#primaryimage"},"thumbnailUrl":"https:\/\/tigerpico.de\/wp-content\/uploads\/2022\/06\/997611a8be.jpg","datePublished":"2022-06-24T08:16:03+00:00","dateModified":"2022-09-27T13:23:07+00:00","breadcrumb":{"@id":"https:\/\/tigerpico.de\/service_center\/success-stories\/entrhal#breadcrumb"},"inLanguage":"en-US","potentialAction":[{"@type":"ReadAction","target":["https:\/\/tigerpico.de\/service_center\/success-stories\/entrhal"]}]},{"@type":"ImageObject","inLanguage":"en-US","@id":"https:\/\/tigerpico.de\/service_center\/success-stories\/entrhal#primaryimage","url":"https:\/\/tigerpico.de\/wp-content\/uploads\/2022\/06\/997611a8be.jpg","contentUrl":"https:\/\/tigerpico.de\/wp-content\/uploads\/2022\/06\/997611a8be.jpg"},{"@type":"BreadcrumbList","@id":"https:\/\/tigerpico.de\/service_center\/success-stories\/entrhal#breadcrumb","itemListElement":[{"@type":"ListItem","position":1,"name":"Startseite","item":"https:\/\/tigerpico.de\/"},{"@type":"ListItem","position":2,"name":"Service Center","item":"https:\/\/tigerpico.de\/service_center"},{"@type":"ListItem","position":3,"name":"Success Stories","item":"https:\/\/tigerpico.de\/service_center\/success-stories"},{"@type":"ListItem","position":4,"name":"Entrhal"}]},{"@type":"WebSite","@id":"https:\/\/tigerpico.de\/#website","url":"https:\/\/tigerpico.de\/","name":"TESTING-tigerpico-de","description":"Wilke Technology","publisher":{"@id":"https:\/\/tigerpico.de\/#organization"},"potentialAction":[{"@type":"SearchAction","target":{"@type":"EntryPoint","urlTemplate":"https:\/\/tigerpico.de\/?s={search_term_string}"},"query-input":{"@type":"PropertyValueSpecification","valueRequired":true,"valueName":"search_term_string"}}],"inLanguage":"en-US"},{"@type":"Organization","@id":"https:\/\/tigerpico.de\/#organization","name":"TESTING-tigerpico-de","url":"https:\/\/tigerpico.de\/","logo":{"@type":"ImageObject","inLanguage":"en-US","@id":"https:\/\/tigerpico.de\/#\/schema\/logo\/image\/","url":"https:\/\/tigerpico.de\/wp-content\/uploads\/2022\/05\/Wilke_Logo_mittelgrun-4.png","contentUrl":"https:\/\/tigerpico.de\/wp-content\/uploads\/2022\/05\/Wilke_Logo_mittelgrun-4.png","width":1690,"height":1680,"caption":"TESTING-tigerpico-de"},"image":{"@id":"https:\/\/tigerpico.de\/#\/schema\/logo\/image\/"},"sameAs":["https:\/\/www.facebook.com\/WilkeTechnology\/","https:\/\/de.linkedin.com\/company\/wilke-technology-gmbh","https:\/\/www.xing.com\/pages\/wilke-technology-gmbh\/about_us"]}]}},"_links":{"self":[{"href":"https:\/\/tigerpico.de\/en_us\/wp-json\/wp\/v2\/pages\/5457","targetHints":{"allow":["GET"]}}],"collection":[{"href":"https:\/\/tigerpico.de\/en_us\/wp-json\/wp\/v2\/pages"}],"about":[{"href":"https:\/\/tigerpico.de\/en_us\/wp-json\/wp\/v2\/types\/page"}],"author":[{"embeddable":true,"href":"https:\/\/tigerpico.de\/en_us\/wp-json\/wp\/v2\/users\/2"}],"replies":[{"embeddable":true,"href":"https:\/\/tigerpico.de\/en_us\/wp-json\/wp\/v2\/comments?post=5457"}],"version-history":[{"count":45,"href":"https:\/\/tigerpico.de\/en_us\/wp-json\/wp\/v2\/pages\/5457\/revisions"}],"predecessor-version":[{"id":21032,"href":"https:\/\/tigerpico.de\/en_us\/wp-json\/wp\/v2\/pages\/5457\/revisions\/21032"}],"up":[{"embeddable":true,"href":"https:\/\/tigerpico.de\/en_us\/wp-json\/wp\/v2\/pages\/5351"}],"wp:attachment":[{"href":"https:\/\/tigerpico.de\/en_us\/wp-json\/wp\/v2\/media?parent=5457"}],"curies":[{"name":"wp","href":"https:\/\/api.w.org\/{rel}","templated":true}]}}