{"id":5382,"date":"2022-06-23T14:35:48","date_gmt":"2022-06-23T14:35:48","guid":{"rendered":"http:\/\/tigerpico.de\/?page_id=5382"},"modified":"2023-01-13T15:58:57","modified_gmt":"2023-01-13T15:58:57","slug":"rizoudis","status":"publish","type":"page","link":"https:\/\/tigerpico.de\/en_us\/service_center\/success-stories\/rizoudis","title":{"rendered":"Rizoudis"},"content":{"rendered":"<div data-elementor-type=\"wp-page\" data-elementor-id=\"5382\" class=\"elementor elementor-5382\" data-elementor-post-type=\"page\">\n\t\t\t\t\t\t<section class=\"elementor-section elementor-top-section elementor-element elementor-element-43ff8ce elementor-section-boxed elementor-section-height-default elementor-section-height-default\" data-id=\"43ff8ce\" data-element_type=\"section\" data-e-type=\"section\">\n\t\t\t\t\t\t<div class=\"elementor-container elementor-column-gap-default\">\n\t\t\t\t\t<div class=\"elementor-column elementor-col-100 elementor-top-column elementor-element elementor-element-384c539\" data-id=\"384c539\" data-element_type=\"column\" data-e-type=\"column\">\n\t\t\t<div class=\"elementor-widget-wrap elementor-element-populated\">\n\t\t\t\t\t\t<div class=\"elementor-element elementor-element-7666b76 elementor-widget elementor-widget-text-editor\" data-id=\"7666b76\" data-element_type=\"widget\" data-e-type=\"widget\" data-widget_type=\"text-editor.default\">\n\t\t\t\t<div class=\"elementor-widget-container\">\n\t\t\t\t\t\t\t\t\t<h1><span style=\"color: #84b437;\">Von 0 auf 100 in nur 10 Tagen<\/span><\/h1><p><span style=\"color: #000000;\"><strong>Rizoudis Individualsoftware und Verfahrenstechnik GmbH in Deutschland<br \/><\/strong><\/span><span style=\"color: #000000;\">Ein Flotten\u00fcberwachungssystem mit Touch Screen Computern<\/span><\/p>\t\t\t\t\t\t\t\t<\/div>\n\t\t\t\t<\/div>\n\t\t\t\t\t<\/div>\n\t\t<\/div>\n\t\t\t\t\t<\/div>\n\t\t<\/section>\n\t\t\t\t<section class=\"elementor-section elementor-top-section elementor-element elementor-element-073c521 elementor-section-boxed elementor-section-height-default elementor-section-height-default\" data-id=\"073c521\" data-element_type=\"section\" data-e-type=\"section\">\n\t\t\t\t\t\t<div class=\"elementor-container elementor-column-gap-default\">\n\t\t\t\t\t<div class=\"elementor-column elementor-col-33 elementor-top-column elementor-element elementor-element-2bd407e\" data-id=\"2bd407e\" data-element_type=\"column\" data-e-type=\"column\">\n\t\t\t<div class=\"elementor-widget-wrap elementor-element-populated\">\n\t\t\t\t\t\t<div class=\"elementor-element elementor-element-f165841 elementor-widget elementor-widget-text-editor\" data-id=\"f165841\" data-element_type=\"widget\" data-e-type=\"widget\" data-widget_type=\"text-editor.default\">\n\t\t\t\t<div class=\"elementor-widget-container\">\n\t\t\t\t\t\t\t\t\t<p><span style=\"color: #000000;\">Man ist es gewohnt, als Windows-Programmierer einen PC zu haben, auf dem die Anwendung l\u00e4uft. In Fahrzeugen geht das nicht so ohne weiteres. Da gibt es einiges was dagegenspricht, z.B. Platz, Temperaturen, Ersch\u00fctterungen u.s.w.<br \/><\/span><span style=\"color: #000000;\">Also \u00fcberlegt man: Car-PCs, das sind gegen\u00fcber PCs doch recht kleine Kisten und ist ein vollwertiger PC. Genauer betrachtet, ist die Kiste immer noch recht gro\u00df, verbraucht recht ordentlich Strom und bootet genauso schnell oder langsam wie ein normaler PC.<br \/><\/span><span style=\"color: #000000;\">OK, denkt man, wie sieht es aus mit PDAs? Sind weit verbreitet, klein und handlich, recht g\u00fcnstig und kann mit den gleichen Werkzeugen programmiert werden wie PCs. Doch diese Dinger haben ebenfalls Nachteile wie z.B.: zum Entwickeln eines anderen Projektes nahmen wir ein Paar namhafte PDAs und entwickelten ebenfalls eine Applikation, die in Fahrzeugen eingesetzt werden soll.<br \/><\/span><span style=\"color: #000000;\">Nach einem Jahr, die gro\u00dfe \u00dcberraschung, die robuste Fahrzeughalterung von einem Drittanbieter ist nicht mehr lieferbar. EOL (end of live) auf Neudeutsch. \u201eJetzt sag deinem Kunden, der seine Halterung kaputt gemacht hat: Sie ben\u00f6tigen ein neues PDA, weil es nur daf\u00fcr eine Halterung gibt.\u201c<br \/><\/span><span style=\"color: #000000;\">Das Szenario kennen wir sicherlich alle mit den Freisprecheinrichtungen f\u00fcr das Handy. Das PDA unterliegt genau den gleichen Naturgesetzen des Massenmarktes.<\/span><\/p>\t\t\t\t\t\t\t\t<\/div>\n\t\t\t\t<\/div>\n\t\t\t\t<div class=\"elementor-element elementor-element-feec783 elementor-widget elementor-widget-image\" data-id=\"feec783\" data-element_type=\"widget\" data-e-type=\"widget\" data-widget_type=\"image.default\">\n\t\t\t\t<div class=\"elementor-widget-container\">\n\t\t\t\t\t\t\t\t\t\t\t\t\t\t\t<img decoding=\"async\" width=\"200\" height=\"166\" src=\"https:\/\/tigerpico.de\/wp-content\/uploads\/2022\/06\/a9f654737a.png\" class=\"attachment-large size-large wp-image-5395\" alt=\"\" \/>\t\t\t\t\t\t\t\t\t\t\t\t\t\t\t<\/div>\n\t\t\t\t<\/div>\n\t\t\t\t\t<\/div>\n\t\t<\/div>\n\t\t\t\t<div class=\"elementor-column elementor-col-33 elementor-top-column elementor-element elementor-element-d7df7a4\" data-id=\"d7df7a4\" data-element_type=\"column\" data-e-type=\"column\">\n\t\t\t<div class=\"elementor-widget-wrap elementor-element-populated\">\n\t\t\t\t\t\t<div class=\"elementor-element elementor-element-5a29839 elementor-widget elementor-widget-image\" data-id=\"5a29839\" data-element_type=\"widget\" data-e-type=\"widget\" data-widget_type=\"image.default\">\n\t\t\t\t<div class=\"elementor-widget-container\">\n\t\t\t\t\t\t\t\t\t\t\t\t\t\t\t<img decoding=\"async\" src=\"https:\/\/tigerpico.de\/wp-content\/uploads\/2022\/06\/674e272c6a.png\" title=\"\" alt=\"\" loading=\"lazy\" \/>\t\t\t\t\t\t\t\t\t\t\t\t\t\t\t<\/div>\n\t\t\t\t<\/div>\n\t\t\t\t<div class=\"elementor-element elementor-element-b6a9e75 elementor-widget elementor-widget-text-editor\" data-id=\"b6a9e75\" data-element_type=\"widget\" data-e-type=\"widget\" data-widget_type=\"text-editor.default\">\n\t\t\t\t<div class=\"elementor-widget-container\">\n\t\t\t\t\t\t\t\t\t<p><span style=\"color: #000000;\">Jetzt ist es pl\u00f6tzlich still geworden, alle K\u00f6pfe rauchten, denn es gab nicht mehr viele M\u00f6glichkeiten. Eine komplette Eigenentwicklung w\u00e4re bei uns m\u00f6glich gewesen.<br \/><\/span><span style=\"color: #000000;\">Durchs Googlen bin ich auf die Firma Wilke und das Produkt TP1000 gekommen. Der erste Gedanke, oh das k\u00f6nnte es sein. <\/span><span style=\"color: #000000;\">Bei genauerem Hinschauen, oh Schreck, eine eigene Entwicklungsumgebung (IDE) und weg von bekannten Werkzeugen. Weitere Recherchen haben jedoch nichts besseres an den Tag gebracht. Nachdem sich die Gesch\u00e4ftleitung eh nicht interessiert, wie das Ding programmiert wird, blieb ein erstes Testen nicht aus.<\/span><span style=\"color: #000000;\">Die erste telefonische Kontaktaufnahme vor dem Kauf mit Wilke hat ordentlich Mut gemacht, die Bestellung aufzugeben. Zwei Tage sp\u00e4ter war das Paket schon da und ich sah dies als beeindruckendes Beispiel an. Da wusste ich bereits, die Entscheidung war Gold richtig. Mit dem TP1000 kann ich mein Vorhaben zu 100% realisieren. <\/span><span style=\"color: #000000;\">Hab mir die sources angeschaut und war \u00fcberrascht, dass ich ohne vorher jemals TigerBasic gesehen zu haben, es doch so gut verstehen konnte. Es folgte ein weiteres Telefonat mit der Hotline &#8211; sehr angenehme und engagierte Leute &#8211; half mir einen \u00dcberblick zu gewinnen, \u00fcber die Funktionsweise der Hardware und der Entwicklungsumgebung.<\/span><\/p>\t\t\t\t\t\t\t\t<\/div>\n\t\t\t\t<\/div>\n\t\t\t\t\t<\/div>\n\t\t<\/div>\n\t\t\t\t<div class=\"elementor-column elementor-col-33 elementor-top-column elementor-element elementor-element-aef9b6a\" data-id=\"aef9b6a\" data-element_type=\"column\" data-e-type=\"column\">\n\t\t\t<div class=\"elementor-widget-wrap elementor-element-populated\">\n\t\t\t\t\t\t<div class=\"elementor-element elementor-element-0cc5b54 elementor-widget elementor-widget-text-editor\" data-id=\"0cc5b54\" data-element_type=\"widget\" data-e-type=\"widget\" data-widget_type=\"text-editor.default\">\n\t\t\t\t<div class=\"elementor-widget-container\">\n\t\t\t\t\t\t\t\t\t<p><span style=\"color: #000000;\">Bereits nach 10 Tagen hatte ich die komplette Applikation freigegeben zum Testen im Produktionsumfeld. Nach ein paar Tagen folgten ein paar kleine \u00c4nderungen und schon ging es an die Herstellung des Geh\u00e4uses. Mein Res\u00fcmee aus Anwendersicht, der das TP1000 und dessen IDE TigerBasic vorher nicht kannte:<br \/><\/span><span style=\"color: #000000;\">Der TP1000 ist sehr umfangreich best\u00fcckt mit Komponenten wie Touchpanel, RS232, Ethernet, USB, MF2 Keyboard, Digitale und Analoge IOs.<br \/><\/span><span style=\"color: #000000;\">Es bootet in etwa 1 Sekunde, hat einen reichlichen nicht fl\u00fcchtigen Speicher und arbeitet sehr zuverl\u00e4ssig. Die Entwicklungsumgebung ist gut strukturiert, sehr gut dokumentiert. Man sieht es ihr an, das sie \u00fcber viele Jahre ausgereift ist. Die Graphik Bibliothek ist sehr umfangreich uns l\u00e4sst kaum W\u00fcnsche offen. Und wenn es einen gibt, dann schreibt man an die Hotline und bekommt ein Update und man fragt sich \u201edas kann doch nicht sein, meine Email ist ja noch warm.\u201c<br \/><\/span><span style=\"color: #000000;\">Ich bin sicher f\u00fcr unser Unternehmen den richtigen Partner und das richtige Produkt gefunden zu haben. An dieser Stelle nochmals ein herzliches Dankesch\u00f6n an die Firma Wilke und dessen Support.<\/span><\/p><p><span style=\"color: #000000;\">Viele Gr\u00fc\u00dfe R. Kostas<\/span><\/p>\t\t\t\t\t\t\t\t<\/div>\n\t\t\t\t<\/div>\n\t\t\t\t<div class=\"elementor-element elementor-element-9c1da3b elementor-widget elementor-widget-image\" data-id=\"9c1da3b\" data-element_type=\"widget\" data-e-type=\"widget\" data-widget_type=\"image.default\">\n\t\t\t\t<div class=\"elementor-widget-container\">\n\t\t\t\t\t\t\t\t\t\t\t\t\t\t\t<img decoding=\"async\" width=\"200\" height=\"166\" src=\"https:\/\/tigerpico.de\/wp-content\/uploads\/2022\/06\/40713b961b.png\" class=\"attachment-large size-large wp-image-5393\" alt=\"\" \/>\t\t\t\t\t\t\t\t\t\t\t\t\t\t\t<\/div>\n\t\t\t\t<\/div>\n\t\t\t\t<div class=\"elementor-element elementor-element-00064fa elementor-widget elementor-widget-text-editor\" data-id=\"00064fa\" data-element_type=\"widget\" data-e-type=\"widget\" data-widget_type=\"text-editor.default\">\n\t\t\t\t<div class=\"elementor-widget-container\">\n\t\t\t\t\t\t\t\t\t<h1><span style=\"color: #83b338;\">Kontakt:<\/span><\/h1><ul><li><span style=\"color: #000000;\">E-Mail:<\/span><strong><span style=\"color: #83b338;\">\u00a0<a style=\"color: #83b338;\" href=\"mailto:post@rizoudis.de\">post@rizoudis.de<\/a><\/span><\/strong><\/li><li><span style=\"color: #000000;\">Telefon: 08131 \/ 90 747-0<\/span><\/li><li><span style=\"color: #000000;\">Web:<\/span>\u00a0<span style=\"color: #83b338;\"><strong><a style=\"color: #83b338;\" href=\"http:\/\/www.rizoudis.de\/\" target=\"_blank\" rel=\"noopener\">www.rizoudis.de<\/a><\/strong><\/span><\/li><\/ul>\t\t\t\t\t\t\t\t<\/div>\n\t\t\t\t<\/div>\n\t\t\t\t\t<\/div>\n\t\t<\/div>\n\t\t\t\t\t<\/div>\n\t\t<\/section>\n\t\t\t\t<\/div>","protected":false},"excerpt":{"rendered":"<p>Von 0 auf 100 in nur 10 Tagen Rizoudis Individualsoftware und Verfahrenstechnik GmbH in DeutschlandEin Flotten\u00fcberwachungssystem mit Touch Screen Computern Man ist es gewohnt, als Windows-Programmierer einen PC zu haben, auf dem die Anwendung l\u00e4uft. In Fahrzeugen geht das nicht so ohne weiteres. Da gibt es einiges was dagegenspricht, z.B. Platz, Temperaturen, Ersch\u00fctterungen u.s.w.Also \u00fcberlegt [&hellip;]<\/p>\n","protected":false},"author":2,"featured_media":0,"parent":5351,"menu_order":3,"comment_status":"closed","ping_status":"closed","template":"","meta":{"ocean_post_layout":"full-screen","ocean_both_sidebars_style":"","ocean_both_sidebars_content_width":0,"ocean_both_sidebars_sidebars_width":0,"ocean_sidebar":"0","ocean_second_sidebar":"0","ocean_disable_margins":"enable","ocean_add_body_class":"","ocean_shortcode_before_top_bar":"","ocean_shortcode_after_top_bar":"","ocean_shortcode_before_header":"","ocean_shortcode_after_header":"","ocean_has_shortcode":"","ocean_shortcode_after_title":"","ocean_shortcode_before_footer_widgets":"","ocean_shortcode_after_footer_widgets":"","ocean_shortcode_before_footer_bottom":"","ocean_shortcode_after_footer_bottom":"","ocean_display_top_bar":"off","ocean_display_header":"on","ocean_header_style":"","ocean_center_header_left_menu":"0","ocean_custom_header_template":"0","ocean_custom_logo":0,"ocean_custom_retina_logo":0,"ocean_custom_logo_max_width":0,"ocean_custom_logo_tablet_max_width":0,"ocean_custom_logo_mobile_max_width":0,"ocean_custom_logo_max_height":0,"ocean_custom_logo_tablet_max_height":0,"ocean_custom_logo_mobile_max_height":0,"ocean_header_custom_menu":"0","ocean_menu_typo_font_family":"0","ocean_menu_typo_font_subset":"","ocean_menu_typo_font_size":0,"ocean_menu_typo_font_size_tablet":0,"ocean_menu_typo_font_size_mobile":0,"ocean_menu_typo_font_size_unit":"px","ocean_menu_typo_font_weight":"","ocean_menu_typo_font_weight_tablet":"","ocean_menu_typo_font_weight_mobile":"","ocean_menu_typo_transform":"","ocean_menu_typo_transform_tablet":"","ocean_menu_typo_transform_mobile":"","ocean_menu_typo_line_height":0,"ocean_menu_typo_line_height_tablet":0,"ocean_menu_typo_line_height_mobile":0,"ocean_menu_typo_line_height_unit":"","ocean_menu_typo_spacing":0,"ocean_menu_typo_spacing_tablet":0,"ocean_menu_typo_spacing_mobile":0,"ocean_menu_typo_spacing_unit":"","ocean_menu_link_color":"","ocean_menu_link_color_hover":"","ocean_menu_link_color_active":"","ocean_menu_link_background":"","ocean_menu_link_hover_background":"","ocean_menu_link_active_background":"","ocean_menu_social_links_bg":"","ocean_menu_social_hover_links_bg":"","ocean_menu_social_links_color":"","ocean_menu_social_hover_links_color":"","ocean_disable_title":"on","ocean_disable_heading":"on","ocean_post_title":"","ocean_post_subheading":"","ocean_post_title_style":"","ocean_post_title_background_color":"","ocean_post_title_background":0,"ocean_post_title_bg_image_position":"","ocean_post_title_bg_image_attachment":"","ocean_post_title_bg_image_repeat":"","ocean_post_title_bg_image_size":"","ocean_post_title_height":0,"ocean_post_title_bg_overlay":0.5,"ocean_post_title_bg_overlay_color":"","ocean_disable_breadcrumbs":"off","ocean_breadcrumbs_color":"","ocean_breadcrumbs_separator_color":"","ocean_breadcrumbs_links_color":"","ocean_breadcrumbs_links_hover_color":"","ocean_display_footer_widgets":"off","ocean_display_footer_bottom":"off","ocean_custom_footer_template":"0","footnotes":""},"class_list":["post-5382","page","type-page","status-publish","hentry","entry"],"yoast_head":"<!-- This site is optimized with the Yoast SEO plugin v27.4 - https:\/\/yoast.com\/product\/yoast-seo-wordpress\/ -->\n<title>Rizoudis - TESTING-tigerpico-de<\/title>\n<meta name=\"robots\" content=\"index, follow, max-snippet:-1, max-image-preview:large, max-video-preview:-1\" \/>\n<link rel=\"canonical\" href=\"https:\/\/tigerpico.de\/en_us\/service_center\/success-stories\/rizoudis\/\" \/>\n<meta property=\"og:locale\" content=\"en_US\" \/>\n<meta property=\"og:type\" content=\"article\" \/>\n<meta property=\"og:title\" content=\"Rizoudis - TESTING-tigerpico-de\" \/>\n<meta property=\"og:description\" content=\"Von 0 auf 100 in nur 10 Tagen Rizoudis Individualsoftware und Verfahrenstechnik GmbH in DeutschlandEin Flotten\u00fcberwachungssystem mit Touch Screen Computern Man ist es gewohnt, als Windows-Programmierer einen PC zu haben, auf dem die Anwendung l\u00e4uft. In Fahrzeugen geht das nicht so ohne weiteres. Da gibt es einiges was dagegenspricht, z.B. Platz, Temperaturen, Ersch\u00fctterungen u.s.w.Also \u00fcberlegt [&hellip;]\" \/>\n<meta property=\"og:url\" content=\"https:\/\/tigerpico.de\/en_us\/service_center\/success-stories\/rizoudis\/\" \/>\n<meta property=\"og:site_name\" content=\"TESTING-tigerpico-de\" \/>\n<meta property=\"article:publisher\" content=\"https:\/\/www.facebook.com\/WilkeTechnology\/\" \/>\n<meta property=\"article:modified_time\" content=\"2023-01-13T15:58:57+00:00\" \/>\n<meta property=\"og:image\" content=\"https:\/\/tigerpico.de\/wp-content\/uploads\/2022\/06\/a9f654737a.png\" \/>\n<meta name=\"twitter:card\" content=\"summary_large_image\" \/>\n<meta name=\"twitter:label1\" content=\"Est. reading time\" \/>\n\t<meta name=\"twitter:data1\" content=\"4 minutes\" \/>\n<script type=\"application\/ld+json\" class=\"yoast-schema-graph\">{\"@context\":\"https:\\\/\\\/schema.org\",\"@graph\":[{\"@type\":\"WebPage\",\"@id\":\"https:\\\/\\\/tigerpico.de\\\/service_center\\\/success-stories\\\/rizoudis\",\"url\":\"https:\\\/\\\/tigerpico.de\\\/service_center\\\/success-stories\\\/rizoudis\",\"name\":\"Rizoudis - TESTING-tigerpico-de\",\"isPartOf\":{\"@id\":\"https:\\\/\\\/tigerpico.de\\\/#website\"},\"primaryImageOfPage\":{\"@id\":\"https:\\\/\\\/tigerpico.de\\\/service_center\\\/success-stories\\\/rizoudis#primaryimage\"},\"image\":{\"@id\":\"https:\\\/\\\/tigerpico.de\\\/service_center\\\/success-stories\\\/rizoudis#primaryimage\"},\"thumbnailUrl\":\"https:\\\/\\\/tigerpico.de\\\/wp-content\\\/uploads\\\/2022\\\/06\\\/a9f654737a.png\",\"datePublished\":\"2022-06-23T14:35:48+00:00\",\"dateModified\":\"2023-01-13T15:58:57+00:00\",\"breadcrumb\":{\"@id\":\"https:\\\/\\\/tigerpico.de\\\/service_center\\\/success-stories\\\/rizoudis#breadcrumb\"},\"inLanguage\":\"en-US\",\"potentialAction\":[{\"@type\":\"ReadAction\",\"target\":[\"https:\\\/\\\/tigerpico.de\\\/service_center\\\/success-stories\\\/rizoudis\"]}]},{\"@type\":\"ImageObject\",\"inLanguage\":\"en-US\",\"@id\":\"https:\\\/\\\/tigerpico.de\\\/service_center\\\/success-stories\\\/rizoudis#primaryimage\",\"url\":\"https:\\\/\\\/tigerpico.de\\\/wp-content\\\/uploads\\\/2022\\\/06\\\/a9f654737a.png\",\"contentUrl\":\"https:\\\/\\\/tigerpico.de\\\/wp-content\\\/uploads\\\/2022\\\/06\\\/a9f654737a.png\"},{\"@type\":\"BreadcrumbList\",\"@id\":\"https:\\\/\\\/tigerpico.de\\\/service_center\\\/success-stories\\\/rizoudis#breadcrumb\",\"itemListElement\":[{\"@type\":\"ListItem\",\"position\":1,\"name\":\"Startseite\",\"item\":\"https:\\\/\\\/tigerpico.de\\\/\"},{\"@type\":\"ListItem\",\"position\":2,\"name\":\"Service Center\",\"item\":\"https:\\\/\\\/tigerpico.de\\\/service_center\"},{\"@type\":\"ListItem\",\"position\":3,\"name\":\"Success Stories\",\"item\":\"https:\\\/\\\/tigerpico.de\\\/service_center\\\/success-stories\"},{\"@type\":\"ListItem\",\"position\":4,\"name\":\"Rizoudis\"}]},{\"@type\":\"WebSite\",\"@id\":\"https:\\\/\\\/tigerpico.de\\\/#website\",\"url\":\"https:\\\/\\\/tigerpico.de\\\/\",\"name\":\"TESTING-tigerpico-de\",\"description\":\"Wilke Technology\",\"publisher\":{\"@id\":\"https:\\\/\\\/tigerpico.de\\\/#organization\"},\"potentialAction\":[{\"@type\":\"SearchAction\",\"target\":{\"@type\":\"EntryPoint\",\"urlTemplate\":\"https:\\\/\\\/tigerpico.de\\\/?s={search_term_string}\"},\"query-input\":{\"@type\":\"PropertyValueSpecification\",\"valueRequired\":true,\"valueName\":\"search_term_string\"}}],\"inLanguage\":\"en-US\"},{\"@type\":\"Organization\",\"@id\":\"https:\\\/\\\/tigerpico.de\\\/#organization\",\"name\":\"TESTING-tigerpico-de\",\"url\":\"https:\\\/\\\/tigerpico.de\\\/\",\"logo\":{\"@type\":\"ImageObject\",\"inLanguage\":\"en-US\",\"@id\":\"https:\\\/\\\/tigerpico.de\\\/#\\\/schema\\\/logo\\\/image\\\/\",\"url\":\"https:\\\/\\\/tigerpico.de\\\/wp-content\\\/uploads\\\/2022\\\/05\\\/Wilke_Logo_mittelgrun-4.png\",\"contentUrl\":\"https:\\\/\\\/tigerpico.de\\\/wp-content\\\/uploads\\\/2022\\\/05\\\/Wilke_Logo_mittelgrun-4.png\",\"width\":1690,\"height\":1680,\"caption\":\"TESTING-tigerpico-de\"},\"image\":{\"@id\":\"https:\\\/\\\/tigerpico.de\\\/#\\\/schema\\\/logo\\\/image\\\/\"},\"sameAs\":[\"https:\\\/\\\/www.facebook.com\\\/WilkeTechnology\\\/\",\"https:\\\/\\\/de.linkedin.com\\\/company\\\/wilke-technology-gmbh\",\"https:\\\/\\\/www.xing.com\\\/pages\\\/wilke-technology-gmbh\\\/about_us\"]}]}<\/script>\n<!-- \/ Yoast SEO plugin. -->","yoast_head_json":{"title":"Rizoudis - TESTING-tigerpico-de","robots":{"index":"index","follow":"follow","max-snippet":"max-snippet:-1","max-image-preview":"max-image-preview:large","max-video-preview":"max-video-preview:-1"},"canonical":"https:\/\/tigerpico.de\/en_us\/service_center\/success-stories\/rizoudis\/","og_locale":"en_US","og_type":"article","og_title":"Rizoudis - TESTING-tigerpico-de","og_description":"Von 0 auf 100 in nur 10 Tagen Rizoudis Individualsoftware und Verfahrenstechnik GmbH in DeutschlandEin Flotten\u00fcberwachungssystem mit Touch Screen Computern Man ist es gewohnt, als Windows-Programmierer einen PC zu haben, auf dem die Anwendung l\u00e4uft. In Fahrzeugen geht das nicht so ohne weiteres. Da gibt es einiges was dagegenspricht, z.B. Platz, Temperaturen, Ersch\u00fctterungen u.s.w.Also \u00fcberlegt [&hellip;]","og_url":"https:\/\/tigerpico.de\/en_us\/service_center\/success-stories\/rizoudis\/","og_site_name":"TESTING-tigerpico-de","article_publisher":"https:\/\/www.facebook.com\/WilkeTechnology\/","article_modified_time":"2023-01-13T15:58:57+00:00","og_image":[{"url":"https:\/\/tigerpico.de\/wp-content\/uploads\/2022\/06\/a9f654737a.png","type":"","width":"","height":""}],"twitter_card":"summary_large_image","twitter_misc":{"Est. reading time":"4 minutes"},"schema":{"@context":"https:\/\/schema.org","@graph":[{"@type":"WebPage","@id":"https:\/\/tigerpico.de\/service_center\/success-stories\/rizoudis","url":"https:\/\/tigerpico.de\/service_center\/success-stories\/rizoudis","name":"Rizoudis - TESTING-tigerpico-de","isPartOf":{"@id":"https:\/\/tigerpico.de\/#website"},"primaryImageOfPage":{"@id":"https:\/\/tigerpico.de\/service_center\/success-stories\/rizoudis#primaryimage"},"image":{"@id":"https:\/\/tigerpico.de\/service_center\/success-stories\/rizoudis#primaryimage"},"thumbnailUrl":"https:\/\/tigerpico.de\/wp-content\/uploads\/2022\/06\/a9f654737a.png","datePublished":"2022-06-23T14:35:48+00:00","dateModified":"2023-01-13T15:58:57+00:00","breadcrumb":{"@id":"https:\/\/tigerpico.de\/service_center\/success-stories\/rizoudis#breadcrumb"},"inLanguage":"en-US","potentialAction":[{"@type":"ReadAction","target":["https:\/\/tigerpico.de\/service_center\/success-stories\/rizoudis"]}]},{"@type":"ImageObject","inLanguage":"en-US","@id":"https:\/\/tigerpico.de\/service_center\/success-stories\/rizoudis#primaryimage","url":"https:\/\/tigerpico.de\/wp-content\/uploads\/2022\/06\/a9f654737a.png","contentUrl":"https:\/\/tigerpico.de\/wp-content\/uploads\/2022\/06\/a9f654737a.png"},{"@type":"BreadcrumbList","@id":"https:\/\/tigerpico.de\/service_center\/success-stories\/rizoudis#breadcrumb","itemListElement":[{"@type":"ListItem","position":1,"name":"Startseite","item":"https:\/\/tigerpico.de\/"},{"@type":"ListItem","position":2,"name":"Service Center","item":"https:\/\/tigerpico.de\/service_center"},{"@type":"ListItem","position":3,"name":"Success Stories","item":"https:\/\/tigerpico.de\/service_center\/success-stories"},{"@type":"ListItem","position":4,"name":"Rizoudis"}]},{"@type":"WebSite","@id":"https:\/\/tigerpico.de\/#website","url":"https:\/\/tigerpico.de\/","name":"TESTING-tigerpico-de","description":"Wilke Technology","publisher":{"@id":"https:\/\/tigerpico.de\/#organization"},"potentialAction":[{"@type":"SearchAction","target":{"@type":"EntryPoint","urlTemplate":"https:\/\/tigerpico.de\/?s={search_term_string}"},"query-input":{"@type":"PropertyValueSpecification","valueRequired":true,"valueName":"search_term_string"}}],"inLanguage":"en-US"},{"@type":"Organization","@id":"https:\/\/tigerpico.de\/#organization","name":"TESTING-tigerpico-de","url":"https:\/\/tigerpico.de\/","logo":{"@type":"ImageObject","inLanguage":"en-US","@id":"https:\/\/tigerpico.de\/#\/schema\/logo\/image\/","url":"https:\/\/tigerpico.de\/wp-content\/uploads\/2022\/05\/Wilke_Logo_mittelgrun-4.png","contentUrl":"https:\/\/tigerpico.de\/wp-content\/uploads\/2022\/05\/Wilke_Logo_mittelgrun-4.png","width":1690,"height":1680,"caption":"TESTING-tigerpico-de"},"image":{"@id":"https:\/\/tigerpico.de\/#\/schema\/logo\/image\/"},"sameAs":["https:\/\/www.facebook.com\/WilkeTechnology\/","https:\/\/de.linkedin.com\/company\/wilke-technology-gmbh","https:\/\/www.xing.com\/pages\/wilke-technology-gmbh\/about_us"]}]}},"_links":{"self":[{"href":"https:\/\/tigerpico.de\/en_us\/wp-json\/wp\/v2\/pages\/5382","targetHints":{"allow":["GET"]}}],"collection":[{"href":"https:\/\/tigerpico.de\/en_us\/wp-json\/wp\/v2\/pages"}],"about":[{"href":"https:\/\/tigerpico.de\/en_us\/wp-json\/wp\/v2\/types\/page"}],"author":[{"embeddable":true,"href":"https:\/\/tigerpico.de\/en_us\/wp-json\/wp\/v2\/users\/2"}],"replies":[{"embeddable":true,"href":"https:\/\/tigerpico.de\/en_us\/wp-json\/wp\/v2\/comments?post=5382"}],"version-history":[{"count":51,"href":"https:\/\/tigerpico.de\/en_us\/wp-json\/wp\/v2\/pages\/5382\/revisions"}],"predecessor-version":[{"id":24292,"href":"https:\/\/tigerpico.de\/en_us\/wp-json\/wp\/v2\/pages\/5382\/revisions\/24292"}],"up":[{"embeddable":true,"href":"https:\/\/tigerpico.de\/en_us\/wp-json\/wp\/v2\/pages\/5351"}],"wp:attachment":[{"href":"https:\/\/tigerpico.de\/en_us\/wp-json\/wp\/v2\/media?parent=5382"}],"curies":[{"name":"wp","href":"https:\/\/api.w.org\/{rel}","templated":true}]}}