{"id":5278,"date":"2022-06-23T11:57:51","date_gmt":"2022-06-23T11:57:51","guid":{"rendered":"http:\/\/tigerpico.de\/?page_id=5278"},"modified":"2022-11-30T08:07:15","modified_gmt":"2022-11-30T08:07:15","slug":"arbeiten-bei-wilke-technology","status":"publish","type":"page","link":"https:\/\/tigerpico.de\/en_us\/service_center\/karriere\/arbeiten-bei-wilke-technology","title":{"rendered":"Working at Wilke Technology"},"content":{"rendered":"<div data-elementor-type=\"wp-page\" data-elementor-id=\"5278\" class=\"elementor elementor-5278\" data-elementor-post-type=\"page\">\n\t\t\t\t\t\t<section class=\"elementor-section elementor-top-section elementor-element elementor-element-44ef974 elementor-section-boxed elementor-section-height-default elementor-section-height-default\" data-id=\"44ef974\" data-element_type=\"section\" data-e-type=\"section\">\n\t\t\t\t\t\t<div class=\"elementor-container elementor-column-gap-default\">\n\t\t\t\t\t<div class=\"elementor-column elementor-col-50 elementor-top-column elementor-element elementor-element-1889947\" data-id=\"1889947\" data-element_type=\"column\" data-e-type=\"column\">\n\t\t\t<div class=\"elementor-widget-wrap elementor-element-populated\">\n\t\t\t\t\t\t<div class=\"elementor-element elementor-element-6ebe3dd elementor-widget elementor-widget-heading\" data-id=\"6ebe3dd\" data-element_type=\"widget\" data-e-type=\"widget\" data-widget_type=\"heading.default\">\n\t\t\t\t<div class=\"elementor-widget-container\">\n\t\t\t\t\t<h2 class=\"elementor-heading-title elementor-size-default\">Working at Wilke Technology<\/h2>\t\t\t\t<\/div>\n\t\t\t\t<\/div>\n\t\t\t\t<div class=\"elementor-element elementor-element-922ce0b elementor-widget elementor-widget-text-editor\" data-id=\"922ce0b\" data-element_type=\"widget\" data-e-type=\"widget\" data-widget_type=\"text-editor.default\">\n\t\t\t\t<div class=\"elementor-widget-container\">\n\t\t\t\t\t\t\t\t\t<p><span style=\"color: #000000;\">Here a glimpse at what we offer you.<\/span><\/p><p class=\"translation-block\"><strong>New experiences<\/strong><br>\nYou will be introduced to new customers with new and interesting technologies and projects, be it the activation of stepper motors or a laser show, made possible by the Basic Tiger\u00ae-Technology.<\/p><p><span style=\"color: #000000;\"><strong><br \/>Flexibility<br \/><\/strong>No matter whether office administrator, IT specialist or electronic engineer. In our young enterprise, you take on a large variety of different assignments, some of which you may never have come across before.<\/span><br \/><span style=\"color: #000000;\">We want people that are open to everything new.<\/span><\/p><p><span style=\"color: #000000;\"><strong><br \/>Teamwork<br \/><\/strong>Together nobody is ever alone. Your colleagues will be available for you at all times \u2013 it doesn\u2019t hurt to ask and together we can achieve more.<\/span><\/p><p><span style=\"color: #000000;\"><strong><br \/>DIY - Do it yourself!<br \/><\/strong>You are responsible for yourself. As long as you complete your assignments on time, it is up to you when and where you work on them!<\/span><\/p>\t\t\t\t\t\t\t\t<\/div>\n\t\t\t\t<\/div>\n\t\t\t\t\t<\/div>\n\t\t<\/div>\n\t\t\t\t<div class=\"elementor-column elementor-col-50 elementor-top-column elementor-element elementor-element-bdeb1f8\" data-id=\"bdeb1f8\" data-element_type=\"column\" data-e-type=\"column\">\n\t\t\t<div class=\"elementor-widget-wrap elementor-element-populated\">\n\t\t\t\t\t\t<div class=\"elementor-element elementor-element-701aac1 elementor-widget elementor-widget-image\" data-id=\"701aac1\" data-element_type=\"widget\" data-e-type=\"widget\" data-widget_type=\"image.default\">\n\t\t\t\t<div class=\"elementor-widget-container\">\n\t\t\t\t\t\t\t\t\t\t\t\t\t\t\t<img fetchpriority=\"high\" decoding=\"async\" width=\"300\" height=\"300\" src=\"https:\/\/tigerpico.de\/wp-content\/uploads\/2022\/06\/wilke_homepage_typo3_karriere_arbeitsumfeld_v03_01.png\" class=\"attachment-medium size-medium wp-image-5288\" alt=\"\" srcset=\"https:\/\/tigerpico.de\/wp-content\/uploads\/2022\/06\/wilke_homepage_typo3_karriere_arbeitsumfeld_v03_01.png 300w, https:\/\/tigerpico.de\/wp-content\/uploads\/2022\/06\/wilke_homepage_typo3_karriere_arbeitsumfeld_v03_01-100x100.png 100w, https:\/\/tigerpico.de\/wp-content\/uploads\/2022\/06\/wilke_homepage_typo3_karriere_arbeitsumfeld_v03_01-150x150.png 150w\" sizes=\"(max-width: 300px) 100vw, 300px\" \/>\t\t\t\t\t\t\t\t\t\t\t\t\t\t\t<\/div>\n\t\t\t\t<\/div>\n\t\t\t\t\t<\/div>\n\t\t<\/div>\n\t\t\t\t\t<\/div>\n\t\t<\/section>\n\t\t\t\t<\/div>","protected":false},"excerpt":{"rendered":"<p>Arbeiten bei Wilke Technology Hier ein kurzer Einblick dar\u00fcber, was wir Ihnen bieten. Neue ErfahrungenSie werden bei uns stets neue Kunden, mit neuen, interessanten Technologien und Projekten kennenlernen, sei es die\u00a0Ansteuerung von Schrittmotoren\u00a0oder eine\u00a0Lasershow\u00a0erm\u00f6glicht durch Basic-Tiger\u00ae-Technologie. Flexibilit\u00e4tEgal ob B\u00fcrokaufmann, Fachinformatiker oder Elektroniker. In unserem jungen Unternehmen \u00fcbernehmen Sie die unterschiedlichsten Aufgaben. Aufgaben, mit denen Sie [&hellip;]<\/p>\n","protected":false},"author":2,"featured_media":0,"parent":5131,"menu_order":3,"comment_status":"closed","ping_status":"closed","template":"","meta":{"ocean_post_layout":"full-screen","ocean_both_sidebars_style":"","ocean_both_sidebars_content_width":0,"ocean_both_sidebars_sidebars_width":0,"ocean_sidebar":"0","ocean_second_sidebar":"0","ocean_disable_margins":"enable","ocean_add_body_class":"","ocean_shortcode_before_top_bar":"","ocean_shortcode_after_top_bar":"","ocean_shortcode_before_header":"","ocean_shortcode_after_header":"","ocean_has_shortcode":"","ocean_shortcode_after_title":"","ocean_shortcode_before_footer_widgets":"","ocean_shortcode_after_footer_widgets":"","ocean_shortcode_before_footer_bottom":"","ocean_shortcode_after_footer_bottom":"","ocean_display_top_bar":"off","ocean_display_header":"on","ocean_header_style":"","ocean_center_header_left_menu":"0","ocean_custom_header_template":"0","ocean_custom_logo":0,"ocean_custom_retina_logo":0,"ocean_custom_logo_max_width":0,"ocean_custom_logo_tablet_max_width":0,"ocean_custom_logo_mobile_max_width":0,"ocean_custom_logo_max_height":0,"ocean_custom_logo_tablet_max_height":0,"ocean_custom_logo_mobile_max_height":0,"ocean_header_custom_menu":"0","ocean_menu_typo_font_family":"0","ocean_menu_typo_font_subset":"","ocean_menu_typo_font_size":0,"ocean_menu_typo_font_size_tablet":0,"ocean_menu_typo_font_size_mobile":0,"ocean_menu_typo_font_size_unit":"px","ocean_menu_typo_font_weight":"","ocean_menu_typo_font_weight_tablet":"","ocean_menu_typo_font_weight_mobile":"","ocean_menu_typo_transform":"","ocean_menu_typo_transform_tablet":"","ocean_menu_typo_transform_mobile":"","ocean_menu_typo_line_height":0,"ocean_menu_typo_line_height_tablet":0,"ocean_menu_typo_line_height_mobile":0,"ocean_menu_typo_line_height_unit":"","ocean_menu_typo_spacing":0,"ocean_menu_typo_spacing_tablet":0,"ocean_menu_typo_spacing_mobile":0,"ocean_menu_typo_spacing_unit":"","ocean_menu_link_color":"","ocean_menu_link_color_hover":"","ocean_menu_link_color_active":"","ocean_menu_link_background":"","ocean_menu_link_hover_background":"","ocean_menu_link_active_background":"","ocean_menu_social_links_bg":"","ocean_menu_social_hover_links_bg":"","ocean_menu_social_links_color":"","ocean_menu_social_hover_links_color":"","ocean_disable_title":"on","ocean_disable_heading":"on","ocean_post_title":"","ocean_post_subheading":"","ocean_post_title_style":"","ocean_post_title_background_color":"","ocean_post_title_background":0,"ocean_post_title_bg_image_position":"","ocean_post_title_bg_image_attachment":"","ocean_post_title_bg_image_repeat":"","ocean_post_title_bg_image_size":"","ocean_post_title_height":0,"ocean_post_title_bg_overlay":0.5,"ocean_post_title_bg_overlay_color":"","ocean_disable_breadcrumbs":"off","ocean_breadcrumbs_color":"","ocean_breadcrumbs_separator_color":"","ocean_breadcrumbs_links_color":"","ocean_breadcrumbs_links_hover_color":"","ocean_display_footer_widgets":"off","ocean_display_footer_bottom":"off","ocean_custom_footer_template":"0","footnotes":""},"class_list":["post-5278","page","type-page","status-publish","hentry","entry"],"yoast_head":"<!-- This site is optimized with the Yoast SEO plugin v27.4 - https:\/\/yoast.com\/product\/yoast-seo-wordpress\/ -->\n<title>Arbeiten bei Wilke Technology - TESTING-tigerpico-de<\/title>\n<meta name=\"robots\" content=\"index, follow, max-snippet:-1, max-image-preview:large, max-video-preview:-1\" \/>\n<link rel=\"canonical\" href=\"https:\/\/tigerpico.de\/en_us\/service_center\/karriere\/arbeiten-bei-wilke-technology\/\" \/>\n<meta property=\"og:locale\" content=\"en_US\" \/>\n<meta property=\"og:type\" content=\"article\" \/>\n<meta property=\"og:title\" content=\"Arbeiten bei Wilke Technology - TESTING-tigerpico-de\" \/>\n<meta property=\"og:description\" content=\"Arbeiten bei Wilke Technology Hier ein kurzer Einblick dar\u00fcber, was wir Ihnen bieten. Neue ErfahrungenSie werden bei uns stets neue Kunden, mit neuen, interessanten Technologien und Projekten kennenlernen, sei es die\u00a0Ansteuerung von Schrittmotoren\u00a0oder eine\u00a0Lasershow\u00a0erm\u00f6glicht durch Basic-Tiger\u00ae-Technologie. Flexibilit\u00e4tEgal ob B\u00fcrokaufmann, Fachinformatiker oder Elektroniker. In unserem jungen Unternehmen \u00fcbernehmen Sie die unterschiedlichsten Aufgaben. Aufgaben, mit denen Sie [&hellip;]\" \/>\n<meta property=\"og:url\" content=\"https:\/\/tigerpico.de\/en_us\/service_center\/karriere\/arbeiten-bei-wilke-technology\/\" \/>\n<meta property=\"og:site_name\" content=\"TESTING-tigerpico-de\" \/>\n<meta property=\"article:publisher\" content=\"https:\/\/www.facebook.com\/WilkeTechnology\/\" \/>\n<meta property=\"article:modified_time\" content=\"2022-11-30T08:07:15+00:00\" \/>\n<meta property=\"og:image\" content=\"https:\/\/tigerpico.de\/wp-content\/uploads\/2022\/06\/wilke_homepage_typo3_karriere_arbeitsumfeld_v03_01.png\" \/>\n<meta name=\"twitter:card\" content=\"summary_large_image\" \/>\n<meta name=\"twitter:label1\" content=\"Est. reading time\" \/>\n\t<meta name=\"twitter:data1\" content=\"1 minute\" \/>\n<script type=\"application\/ld+json\" class=\"yoast-schema-graph\">{\"@context\":\"https:\\\/\\\/schema.org\",\"@graph\":[{\"@type\":\"WebPage\",\"@id\":\"https:\\\/\\\/tigerpico.de\\\/service_center\\\/karriere\\\/arbeiten-bei-wilke-technology\",\"url\":\"https:\\\/\\\/tigerpico.de\\\/service_center\\\/karriere\\\/arbeiten-bei-wilke-technology\",\"name\":\"Arbeiten bei Wilke Technology - TESTING-tigerpico-de\",\"isPartOf\":{\"@id\":\"https:\\\/\\\/tigerpico.de\\\/#website\"},\"primaryImageOfPage\":{\"@id\":\"https:\\\/\\\/tigerpico.de\\\/service_center\\\/karriere\\\/arbeiten-bei-wilke-technology#primaryimage\"},\"image\":{\"@id\":\"https:\\\/\\\/tigerpico.de\\\/service_center\\\/karriere\\\/arbeiten-bei-wilke-technology#primaryimage\"},\"thumbnailUrl\":\"https:\\\/\\\/tigerpico.de\\\/wp-content\\\/uploads\\\/2022\\\/06\\\/wilke_homepage_typo3_karriere_arbeitsumfeld_v03_01.png\",\"datePublished\":\"2022-06-23T11:57:51+00:00\",\"dateModified\":\"2022-11-30T08:07:15+00:00\",\"breadcrumb\":{\"@id\":\"https:\\\/\\\/tigerpico.de\\\/service_center\\\/karriere\\\/arbeiten-bei-wilke-technology#breadcrumb\"},\"inLanguage\":\"en-US\",\"potentialAction\":[{\"@type\":\"ReadAction\",\"target\":[\"https:\\\/\\\/tigerpico.de\\\/service_center\\\/karriere\\\/arbeiten-bei-wilke-technology\"]}]},{\"@type\":\"ImageObject\",\"inLanguage\":\"en-US\",\"@id\":\"https:\\\/\\\/tigerpico.de\\\/service_center\\\/karriere\\\/arbeiten-bei-wilke-technology#primaryimage\",\"url\":\"https:\\\/\\\/tigerpico.de\\\/wp-content\\\/uploads\\\/2022\\\/06\\\/wilke_homepage_typo3_karriere_arbeitsumfeld_v03_01.png\",\"contentUrl\":\"https:\\\/\\\/tigerpico.de\\\/wp-content\\\/uploads\\\/2022\\\/06\\\/wilke_homepage_typo3_karriere_arbeitsumfeld_v03_01.png\"},{\"@type\":\"BreadcrumbList\",\"@id\":\"https:\\\/\\\/tigerpico.de\\\/service_center\\\/karriere\\\/arbeiten-bei-wilke-technology#breadcrumb\",\"itemListElement\":[{\"@type\":\"ListItem\",\"position\":1,\"name\":\"Startseite\",\"item\":\"https:\\\/\\\/tigerpico.de\\\/\"},{\"@type\":\"ListItem\",\"position\":2,\"name\":\"Service Center\",\"item\":\"https:\\\/\\\/tigerpico.de\\\/service_center\"},{\"@type\":\"ListItem\",\"position\":3,\"name\":\"Karriere\",\"item\":\"https:\\\/\\\/tigerpico.de\\\/service_center\\\/karriere\"},{\"@type\":\"ListItem\",\"position\":4,\"name\":\"Arbeiten bei Wilke Technology\"}]},{\"@type\":\"WebSite\",\"@id\":\"https:\\\/\\\/tigerpico.de\\\/#website\",\"url\":\"https:\\\/\\\/tigerpico.de\\\/\",\"name\":\"TESTING-tigerpico-de\",\"description\":\"Wilke Technology\",\"publisher\":{\"@id\":\"https:\\\/\\\/tigerpico.de\\\/#organization\"},\"potentialAction\":[{\"@type\":\"SearchAction\",\"target\":{\"@type\":\"EntryPoint\",\"urlTemplate\":\"https:\\\/\\\/tigerpico.de\\\/?s={search_term_string}\"},\"query-input\":{\"@type\":\"PropertyValueSpecification\",\"valueRequired\":true,\"valueName\":\"search_term_string\"}}],\"inLanguage\":\"en-US\"},{\"@type\":\"Organization\",\"@id\":\"https:\\\/\\\/tigerpico.de\\\/#organization\",\"name\":\"TESTING-tigerpico-de\",\"url\":\"https:\\\/\\\/tigerpico.de\\\/\",\"logo\":{\"@type\":\"ImageObject\",\"inLanguage\":\"en-US\",\"@id\":\"https:\\\/\\\/tigerpico.de\\\/#\\\/schema\\\/logo\\\/image\\\/\",\"url\":\"https:\\\/\\\/tigerpico.de\\\/wp-content\\\/uploads\\\/2022\\\/05\\\/Wilke_Logo_mittelgrun-4.png\",\"contentUrl\":\"https:\\\/\\\/tigerpico.de\\\/wp-content\\\/uploads\\\/2022\\\/05\\\/Wilke_Logo_mittelgrun-4.png\",\"width\":1690,\"height\":1680,\"caption\":\"TESTING-tigerpico-de\"},\"image\":{\"@id\":\"https:\\\/\\\/tigerpico.de\\\/#\\\/schema\\\/logo\\\/image\\\/\"},\"sameAs\":[\"https:\\\/\\\/www.facebook.com\\\/WilkeTechnology\\\/\",\"https:\\\/\\\/de.linkedin.com\\\/company\\\/wilke-technology-gmbh\",\"https:\\\/\\\/www.xing.com\\\/pages\\\/wilke-technology-gmbh\\\/about_us\"]}]}<\/script>\n<!-- \/ Yoast SEO plugin. -->","yoast_head_json":{"title":"Arbeiten bei Wilke Technology - TESTING-tigerpico-de","robots":{"index":"index","follow":"follow","max-snippet":"max-snippet:-1","max-image-preview":"max-image-preview:large","max-video-preview":"max-video-preview:-1"},"canonical":"https:\/\/tigerpico.de\/en_us\/service_center\/karriere\/arbeiten-bei-wilke-technology\/","og_locale":"en_US","og_type":"article","og_title":"Arbeiten bei Wilke Technology - TESTING-tigerpico-de","og_description":"Arbeiten bei Wilke Technology Hier ein kurzer Einblick dar\u00fcber, was wir Ihnen bieten. Neue ErfahrungenSie werden bei uns stets neue Kunden, mit neuen, interessanten Technologien und Projekten kennenlernen, sei es die\u00a0Ansteuerung von Schrittmotoren\u00a0oder eine\u00a0Lasershow\u00a0erm\u00f6glicht durch Basic-Tiger\u00ae-Technologie. Flexibilit\u00e4tEgal ob B\u00fcrokaufmann, Fachinformatiker oder Elektroniker. In unserem jungen Unternehmen \u00fcbernehmen Sie die unterschiedlichsten Aufgaben. Aufgaben, mit denen Sie [&hellip;]","og_url":"https:\/\/tigerpico.de\/en_us\/service_center\/karriere\/arbeiten-bei-wilke-technology\/","og_site_name":"TESTING-tigerpico-de","article_publisher":"https:\/\/www.facebook.com\/WilkeTechnology\/","article_modified_time":"2022-11-30T08:07:15+00:00","og_image":[{"url":"https:\/\/tigerpico.de\/wp-content\/uploads\/2022\/06\/wilke_homepage_typo3_karriere_arbeitsumfeld_v03_01.png","type":"","width":"","height":""}],"twitter_card":"summary_large_image","twitter_misc":{"Est. reading time":"1 minute"},"schema":{"@context":"https:\/\/schema.org","@graph":[{"@type":"WebPage","@id":"https:\/\/tigerpico.de\/service_center\/karriere\/arbeiten-bei-wilke-technology","url":"https:\/\/tigerpico.de\/service_center\/karriere\/arbeiten-bei-wilke-technology","name":"Arbeiten bei Wilke Technology - TESTING-tigerpico-de","isPartOf":{"@id":"https:\/\/tigerpico.de\/#website"},"primaryImageOfPage":{"@id":"https:\/\/tigerpico.de\/service_center\/karriere\/arbeiten-bei-wilke-technology#primaryimage"},"image":{"@id":"https:\/\/tigerpico.de\/service_center\/karriere\/arbeiten-bei-wilke-technology#primaryimage"},"thumbnailUrl":"https:\/\/tigerpico.de\/wp-content\/uploads\/2022\/06\/wilke_homepage_typo3_karriere_arbeitsumfeld_v03_01.png","datePublished":"2022-06-23T11:57:51+00:00","dateModified":"2022-11-30T08:07:15+00:00","breadcrumb":{"@id":"https:\/\/tigerpico.de\/service_center\/karriere\/arbeiten-bei-wilke-technology#breadcrumb"},"inLanguage":"en-US","potentialAction":[{"@type":"ReadAction","target":["https:\/\/tigerpico.de\/service_center\/karriere\/arbeiten-bei-wilke-technology"]}]},{"@type":"ImageObject","inLanguage":"en-US","@id":"https:\/\/tigerpico.de\/service_center\/karriere\/arbeiten-bei-wilke-technology#primaryimage","url":"https:\/\/tigerpico.de\/wp-content\/uploads\/2022\/06\/wilke_homepage_typo3_karriere_arbeitsumfeld_v03_01.png","contentUrl":"https:\/\/tigerpico.de\/wp-content\/uploads\/2022\/06\/wilke_homepage_typo3_karriere_arbeitsumfeld_v03_01.png"},{"@type":"BreadcrumbList","@id":"https:\/\/tigerpico.de\/service_center\/karriere\/arbeiten-bei-wilke-technology#breadcrumb","itemListElement":[{"@type":"ListItem","position":1,"name":"Startseite","item":"https:\/\/tigerpico.de\/"},{"@type":"ListItem","position":2,"name":"Service Center","item":"https:\/\/tigerpico.de\/service_center"},{"@type":"ListItem","position":3,"name":"Karriere","item":"https:\/\/tigerpico.de\/service_center\/karriere"},{"@type":"ListItem","position":4,"name":"Arbeiten bei Wilke Technology"}]},{"@type":"WebSite","@id":"https:\/\/tigerpico.de\/#website","url":"https:\/\/tigerpico.de\/","name":"TESTING-tigerpico-de","description":"Wilke Technology","publisher":{"@id":"https:\/\/tigerpico.de\/#organization"},"potentialAction":[{"@type":"SearchAction","target":{"@type":"EntryPoint","urlTemplate":"https:\/\/tigerpico.de\/?s={search_term_string}"},"query-input":{"@type":"PropertyValueSpecification","valueRequired":true,"valueName":"search_term_string"}}],"inLanguage":"en-US"},{"@type":"Organization","@id":"https:\/\/tigerpico.de\/#organization","name":"TESTING-tigerpico-de","url":"https:\/\/tigerpico.de\/","logo":{"@type":"ImageObject","inLanguage":"en-US","@id":"https:\/\/tigerpico.de\/#\/schema\/logo\/image\/","url":"https:\/\/tigerpico.de\/wp-content\/uploads\/2022\/05\/Wilke_Logo_mittelgrun-4.png","contentUrl":"https:\/\/tigerpico.de\/wp-content\/uploads\/2022\/05\/Wilke_Logo_mittelgrun-4.png","width":1690,"height":1680,"caption":"TESTING-tigerpico-de"},"image":{"@id":"https:\/\/tigerpico.de\/#\/schema\/logo\/image\/"},"sameAs":["https:\/\/www.facebook.com\/WilkeTechnology\/","https:\/\/de.linkedin.com\/company\/wilke-technology-gmbh","https:\/\/www.xing.com\/pages\/wilke-technology-gmbh\/about_us"]}]}},"_links":{"self":[{"href":"https:\/\/tigerpico.de\/en_us\/wp-json\/wp\/v2\/pages\/5278","targetHints":{"allow":["GET"]}}],"collection":[{"href":"https:\/\/tigerpico.de\/en_us\/wp-json\/wp\/v2\/pages"}],"about":[{"href":"https:\/\/tigerpico.de\/en_us\/wp-json\/wp\/v2\/types\/page"}],"author":[{"embeddable":true,"href":"https:\/\/tigerpico.de\/en_us\/wp-json\/wp\/v2\/users\/2"}],"replies":[{"embeddable":true,"href":"https:\/\/tigerpico.de\/en_us\/wp-json\/wp\/v2\/comments?post=5278"}],"version-history":[{"count":42,"href":"https:\/\/tigerpico.de\/en_us\/wp-json\/wp\/v2\/pages\/5278\/revisions"}],"predecessor-version":[{"id":22997,"href":"https:\/\/tigerpico.de\/en_us\/wp-json\/wp\/v2\/pages\/5278\/revisions\/22997"}],"up":[{"embeddable":true,"href":"https:\/\/tigerpico.de\/en_us\/wp-json\/wp\/v2\/pages\/5131"}],"wp:attachment":[{"href":"https:\/\/tigerpico.de\/en_us\/wp-json\/wp\/v2\/media?parent=5278"}],"curies":[{"name":"wp","href":"https:\/\/api.w.org\/{rel}","templated":true}]}}