{"id":5242,"date":"2022-06-23T11:23:28","date_gmt":"2022-06-23T11:23:28","guid":{"rendered":"http:\/\/tigerpico.de\/?page_id=5242"},"modified":"2022-11-30T08:11:50","modified_gmt":"2022-11-30T08:11:50","slug":"buerokauffrau","status":"publish","type":"page","link":"https:\/\/tigerpico.de\/en_us\/service_center\/karriere\/buerokauffrau","title":{"rendered":"Buerokauffrau\/mann"},"content":{"rendered":"<div data-elementor-type=\"wp-page\" data-elementor-id=\"5242\" class=\"elementor elementor-5242\" data-elementor-post-type=\"page\">\n\t\t\t\t\t\t<section class=\"elementor-section elementor-top-section elementor-element elementor-element-7fd2e4e elementor-section-boxed elementor-section-height-default elementor-section-height-default\" data-id=\"7fd2e4e\" data-element_type=\"section\" data-e-type=\"section\">\n\t\t\t\t\t\t<div class=\"elementor-container elementor-column-gap-default\">\n\t\t\t\t\t<div class=\"elementor-column elementor-col-50 elementor-top-column elementor-element elementor-element-672b390\" data-id=\"672b390\" data-element_type=\"column\" data-e-type=\"column\">\n\t\t\t<div class=\"elementor-widget-wrap elementor-element-populated\">\n\t\t\t\t\t\t<div class=\"elementor-element elementor-element-0a86860 elementor-widget elementor-widget-heading\" data-id=\"0a86860\" data-element_type=\"widget\" data-e-type=\"widget\" data-widget_type=\"heading.default\">\n\t\t\t\t<div class=\"elementor-widget-container\">\n\t\t\t\t\t<h2 class=\"elementor-heading-title elementor-size-default\">Training as office administrator at Wilke Technology<\/h2>\t\t\t\t<\/div>\n\t\t\t\t<\/div>\n\t\t\t\t<div class=\"elementor-element elementor-element-249de43 elementor-widget elementor-widget-text-editor\" data-id=\"249de43\" data-element_type=\"widget\" data-e-type=\"widget\" data-widget_type=\"text-editor.default\">\n\t\t\t\t<div class=\"elementor-widget-container\">\n\t\t\t\t\t\t\t\t\t<p><span style=\"color: #000000;\"><strong>Outgoing? You enjoy interacting with people?<br \/><\/strong>Then Wilke Technology is the place to be.<\/span><br \/><span style=\"color: #000000;\">. As office administrator you will be interacting with customers from all over the world as well as maintain and look after our contacts.<\/span><\/p><p><span style=\"color: #000000;\"><strong><br \/>Organized<\/strong>?<\/span><br \/><span style=\"color: #000000;\">From order processing to shipment of goods you will take over various different assignments together with your colleagues. You consult customers, handle orders, take care of logistics, etc<\/span><\/p><p><span style=\"color: #000000;\">As office administrator you ensure the smooth operation of all processes within our company which requires team players with personal responsibility and organizational skills!<\/span><\/p><p><span style=\"color: #000000;\"><strong>We expect:<\/strong><\/span><\/p><ul><li><span style=\"color: #000000;\">Openness and flexibility<\/span><\/li><li><span style=\"color: #000000;\">Ability to organize and communicate<\/span><\/li><li><span style=\"color: #000000;\">Team spirit, fairness and respect when interacting with people<\/span><\/li><li><span style=\"color: #000000;\">A good educational background<\/span><\/li><\/ul><p><span style=\"color: #83b338;\"><a style=\"color: #83b338;\" href=\"https:\/\/tigerpico.de\/en_us\/service_center\/karriere\/arbeiten-bei-wilke-technology\/\"><strong>We offer!<\/strong><\/a><\/span><\/p>\t\t\t\t\t\t\t\t<\/div>\n\t\t\t\t<\/div>\n\t\t\t\t\t<\/div>\n\t\t<\/div>\n\t\t\t\t<div class=\"elementor-column elementor-col-50 elementor-top-column elementor-element elementor-element-274a3fb\" data-id=\"274a3fb\" data-element_type=\"column\" data-e-type=\"column\">\n\t\t\t<div class=\"elementor-widget-wrap elementor-element-populated\">\n\t\t\t\t\t\t<div class=\"elementor-element elementor-element-b98f74f elementor-widget elementor-widget-image\" data-id=\"b98f74f\" data-element_type=\"widget\" data-e-type=\"widget\" data-widget_type=\"image.default\">\n\t\t\t\t<div class=\"elementor-widget-container\">\n\t\t\t\t\t\t\t\t\t\t\t\t\t\t\t<img fetchpriority=\"high\" decoding=\"async\" width=\"300\" height=\"437\" src=\"https:\/\/tigerpico.de\/wp-content\/uploads\/2022\/06\/807a3f7507.jpg\" class=\"attachment-medium_large size-medium_large wp-image-5256\" alt=\"\" srcset=\"https:\/\/tigerpico.de\/wp-content\/uploads\/2022\/06\/807a3f7507.jpg 300w, https:\/\/tigerpico.de\/wp-content\/uploads\/2022\/06\/807a3f7507-206x300.jpg 206w\" sizes=\"(max-width: 300px) 100vw, 300px\" \/>\t\t\t\t\t\t\t\t\t\t\t\t\t\t\t<\/div>\n\t\t\t\t<\/div>\n\t\t\t\t\t<\/div>\n\t\t<\/div>\n\t\t\t\t\t<\/div>\n\t\t<\/section>\n\t\t\t\t<\/div>","protected":false},"excerpt":{"rendered":"<p>Ausbildung zur\/m B\u00fcrokauffrau\/mann) bei Wilke Technology Kontaktfreudig? Sie lieben den Umgang mit Menschen?Dann sind Sie bei Wilke Technology genau richtig. Als B\u00fcrokauffrau(-mann)werden Sie bei uns den Kontakt mit verschiedensten Kunden aus der ganzen Welt schlie\u00dfen, hegen und pflegen. Organisiert?Von der Bestellannahme bis zum Warenversand \u00fcbernehmen Sie mit Ihren Kollegen die unterschiedlichsten Aufgaben. Sie beraten Kunden, [&hellip;]<\/p>\n","protected":false},"author":2,"featured_media":0,"parent":5131,"menu_order":3,"comment_status":"closed","ping_status":"closed","template":"","meta":{"ocean_post_layout":"full-screen","ocean_both_sidebars_style":"","ocean_both_sidebars_content_width":0,"ocean_both_sidebars_sidebars_width":0,"ocean_sidebar":"0","ocean_second_sidebar":"0","ocean_disable_margins":"enable","ocean_add_body_class":"","ocean_shortcode_before_top_bar":"","ocean_shortcode_after_top_bar":"","ocean_shortcode_before_header":"","ocean_shortcode_after_header":"","ocean_has_shortcode":"","ocean_shortcode_after_title":"","ocean_shortcode_before_footer_widgets":"","ocean_shortcode_after_footer_widgets":"","ocean_shortcode_before_footer_bottom":"","ocean_shortcode_after_footer_bottom":"","ocean_display_top_bar":"off","ocean_display_header":"on","ocean_header_style":"","ocean_center_header_left_menu":"0","ocean_custom_header_template":"0","ocean_custom_logo":0,"ocean_custom_retina_logo":0,"ocean_custom_logo_max_width":0,"ocean_custom_logo_tablet_max_width":0,"ocean_custom_logo_mobile_max_width":0,"ocean_custom_logo_max_height":0,"ocean_custom_logo_tablet_max_height":0,"ocean_custom_logo_mobile_max_height":0,"ocean_header_custom_menu":"0","ocean_menu_typo_font_family":"0","ocean_menu_typo_font_subset":"","ocean_menu_typo_font_size":0,"ocean_menu_typo_font_size_tablet":0,"ocean_menu_typo_font_size_mobile":0,"ocean_menu_typo_font_size_unit":"px","ocean_menu_typo_font_weight":"","ocean_menu_typo_font_weight_tablet":"","ocean_menu_typo_font_weight_mobile":"","ocean_menu_typo_transform":"","ocean_menu_typo_transform_tablet":"","ocean_menu_typo_transform_mobile":"","ocean_menu_typo_line_height":0,"ocean_menu_typo_line_height_tablet":0,"ocean_menu_typo_line_height_mobile":0,"ocean_menu_typo_line_height_unit":"","ocean_menu_typo_spacing":0,"ocean_menu_typo_spacing_tablet":0,"ocean_menu_typo_spacing_mobile":0,"ocean_menu_typo_spacing_unit":"","ocean_menu_link_color":"","ocean_menu_link_color_hover":"","ocean_menu_link_color_active":"","ocean_menu_link_background":"","ocean_menu_link_hover_background":"","ocean_menu_link_active_background":"","ocean_menu_social_links_bg":"","ocean_menu_social_hover_links_bg":"","ocean_menu_social_links_color":"","ocean_menu_social_hover_links_color":"","ocean_disable_title":"on","ocean_disable_heading":"on","ocean_post_title":"","ocean_post_subheading":"","ocean_post_title_style":"","ocean_post_title_background_color":"","ocean_post_title_background":0,"ocean_post_title_bg_image_position":"","ocean_post_title_bg_image_attachment":"","ocean_post_title_bg_image_repeat":"","ocean_post_title_bg_image_size":"","ocean_post_title_height":0,"ocean_post_title_bg_overlay":0.5,"ocean_post_title_bg_overlay_color":"","ocean_disable_breadcrumbs":"off","ocean_breadcrumbs_color":"","ocean_breadcrumbs_separator_color":"","ocean_breadcrumbs_links_color":"","ocean_breadcrumbs_links_hover_color":"","ocean_display_footer_widgets":"off","ocean_display_footer_bottom":"off","ocean_custom_footer_template":"0","footnotes":""},"class_list":["post-5242","page","type-page","status-publish","hentry","entry"],"yoast_head":"<!-- This site is optimized with the Yoast SEO plugin v27.4 - https:\/\/yoast.com\/product\/yoast-seo-wordpress\/ -->\n<title>Buerokauffrau\/mann - TESTING-tigerpico-de<\/title>\n<meta name=\"robots\" content=\"index, follow, max-snippet:-1, max-image-preview:large, max-video-preview:-1\" \/>\n<link rel=\"canonical\" href=\"https:\/\/tigerpico.de\/en_us\/service_center\/karriere\/buerokauffrau\/\" \/>\n<meta property=\"og:locale\" content=\"en_US\" \/>\n<meta property=\"og:type\" content=\"article\" \/>\n<meta property=\"og:title\" content=\"Buerokauffrau\/mann - TESTING-tigerpico-de\" \/>\n<meta property=\"og:description\" content=\"Ausbildung zur\/m B\u00fcrokauffrau\/mann) bei Wilke Technology Kontaktfreudig? Sie lieben den Umgang mit Menschen?Dann sind Sie bei Wilke Technology genau richtig. Als B\u00fcrokauffrau(-mann)werden Sie bei uns den Kontakt mit verschiedensten Kunden aus der ganzen Welt schlie\u00dfen, hegen und pflegen. Organisiert?Von der Bestellannahme bis zum Warenversand \u00fcbernehmen Sie mit Ihren Kollegen die unterschiedlichsten Aufgaben. Sie beraten Kunden, [&hellip;]\" \/>\n<meta property=\"og:url\" content=\"https:\/\/tigerpico.de\/en_us\/service_center\/karriere\/buerokauffrau\/\" \/>\n<meta property=\"og:site_name\" content=\"TESTING-tigerpico-de\" \/>\n<meta property=\"article:publisher\" content=\"https:\/\/www.facebook.com\/WilkeTechnology\/\" \/>\n<meta property=\"article:modified_time\" content=\"2022-11-30T08:11:50+00:00\" \/>\n<meta property=\"og:image\" content=\"https:\/\/tigerpico.de\/wp-content\/uploads\/2022\/06\/807a3f7507.jpg\" \/>\n<meta name=\"twitter:card\" content=\"summary_large_image\" \/>\n<meta name=\"twitter:label1\" content=\"Est. reading time\" \/>\n\t<meta name=\"twitter:data1\" content=\"1 minute\" \/>\n<script type=\"application\/ld+json\" class=\"yoast-schema-graph\">{\"@context\":\"https:\\\/\\\/schema.org\",\"@graph\":[{\"@type\":\"WebPage\",\"@id\":\"https:\\\/\\\/tigerpico.de\\\/service_center\\\/karriere\\\/buerokauffrau\",\"url\":\"https:\\\/\\\/tigerpico.de\\\/service_center\\\/karriere\\\/buerokauffrau\",\"name\":\"Buerokauffrau\\\/mann - TESTING-tigerpico-de\",\"isPartOf\":{\"@id\":\"https:\\\/\\\/tigerpico.de\\\/#website\"},\"primaryImageOfPage\":{\"@id\":\"https:\\\/\\\/tigerpico.de\\\/service_center\\\/karriere\\\/buerokauffrau#primaryimage\"},\"image\":{\"@id\":\"https:\\\/\\\/tigerpico.de\\\/service_center\\\/karriere\\\/buerokauffrau#primaryimage\"},\"thumbnailUrl\":\"https:\\\/\\\/tigerpico.de\\\/wp-content\\\/uploads\\\/2022\\\/06\\\/807a3f7507.jpg\",\"datePublished\":\"2022-06-23T11:23:28+00:00\",\"dateModified\":\"2022-11-30T08:11:50+00:00\",\"breadcrumb\":{\"@id\":\"https:\\\/\\\/tigerpico.de\\\/service_center\\\/karriere\\\/buerokauffrau#breadcrumb\"},\"inLanguage\":\"en-US\",\"potentialAction\":[{\"@type\":\"ReadAction\",\"target\":[\"https:\\\/\\\/tigerpico.de\\\/service_center\\\/karriere\\\/buerokauffrau\"]}]},{\"@type\":\"ImageObject\",\"inLanguage\":\"en-US\",\"@id\":\"https:\\\/\\\/tigerpico.de\\\/service_center\\\/karriere\\\/buerokauffrau#primaryimage\",\"url\":\"https:\\\/\\\/tigerpico.de\\\/wp-content\\\/uploads\\\/2022\\\/06\\\/807a3f7507.jpg\",\"contentUrl\":\"https:\\\/\\\/tigerpico.de\\\/wp-content\\\/uploads\\\/2022\\\/06\\\/807a3f7507.jpg\"},{\"@type\":\"BreadcrumbList\",\"@id\":\"https:\\\/\\\/tigerpico.de\\\/service_center\\\/karriere\\\/buerokauffrau#breadcrumb\",\"itemListElement\":[{\"@type\":\"ListItem\",\"position\":1,\"name\":\"Startseite\",\"item\":\"https:\\\/\\\/tigerpico.de\\\/\"},{\"@type\":\"ListItem\",\"position\":2,\"name\":\"Service Center\",\"item\":\"https:\\\/\\\/tigerpico.de\\\/service_center\"},{\"@type\":\"ListItem\",\"position\":3,\"name\":\"Karriere\",\"item\":\"https:\\\/\\\/tigerpico.de\\\/service_center\\\/karriere\"},{\"@type\":\"ListItem\",\"position\":4,\"name\":\"Buerokauffrau\\\/mann\"}]},{\"@type\":\"WebSite\",\"@id\":\"https:\\\/\\\/tigerpico.de\\\/#website\",\"url\":\"https:\\\/\\\/tigerpico.de\\\/\",\"name\":\"TESTING-tigerpico-de\",\"description\":\"Wilke Technology\",\"publisher\":{\"@id\":\"https:\\\/\\\/tigerpico.de\\\/#organization\"},\"potentialAction\":[{\"@type\":\"SearchAction\",\"target\":{\"@type\":\"EntryPoint\",\"urlTemplate\":\"https:\\\/\\\/tigerpico.de\\\/?s={search_term_string}\"},\"query-input\":{\"@type\":\"PropertyValueSpecification\",\"valueRequired\":true,\"valueName\":\"search_term_string\"}}],\"inLanguage\":\"en-US\"},{\"@type\":\"Organization\",\"@id\":\"https:\\\/\\\/tigerpico.de\\\/#organization\",\"name\":\"TESTING-tigerpico-de\",\"url\":\"https:\\\/\\\/tigerpico.de\\\/\",\"logo\":{\"@type\":\"ImageObject\",\"inLanguage\":\"en-US\",\"@id\":\"https:\\\/\\\/tigerpico.de\\\/#\\\/schema\\\/logo\\\/image\\\/\",\"url\":\"https:\\\/\\\/tigerpico.de\\\/wp-content\\\/uploads\\\/2022\\\/05\\\/Wilke_Logo_mittelgrun-4.png\",\"contentUrl\":\"https:\\\/\\\/tigerpico.de\\\/wp-content\\\/uploads\\\/2022\\\/05\\\/Wilke_Logo_mittelgrun-4.png\",\"width\":1690,\"height\":1680,\"caption\":\"TESTING-tigerpico-de\"},\"image\":{\"@id\":\"https:\\\/\\\/tigerpico.de\\\/#\\\/schema\\\/logo\\\/image\\\/\"},\"sameAs\":[\"https:\\\/\\\/www.facebook.com\\\/WilkeTechnology\\\/\",\"https:\\\/\\\/de.linkedin.com\\\/company\\\/wilke-technology-gmbh\",\"https:\\\/\\\/www.xing.com\\\/pages\\\/wilke-technology-gmbh\\\/about_us\"]}]}<\/script>\n<!-- \/ Yoast SEO plugin. -->","yoast_head_json":{"title":"Buerokauffrau\/mann - TESTING-tigerpico-de","robots":{"index":"index","follow":"follow","max-snippet":"max-snippet:-1","max-image-preview":"max-image-preview:large","max-video-preview":"max-video-preview:-1"},"canonical":"https:\/\/tigerpico.de\/en_us\/service_center\/karriere\/buerokauffrau\/","og_locale":"en_US","og_type":"article","og_title":"Buerokauffrau\/mann - TESTING-tigerpico-de","og_description":"Ausbildung zur\/m B\u00fcrokauffrau\/mann) bei Wilke Technology Kontaktfreudig? Sie lieben den Umgang mit Menschen?Dann sind Sie bei Wilke Technology genau richtig. Als B\u00fcrokauffrau(-mann)werden Sie bei uns den Kontakt mit verschiedensten Kunden aus der ganzen Welt schlie\u00dfen, hegen und pflegen. Organisiert?Von der Bestellannahme bis zum Warenversand \u00fcbernehmen Sie mit Ihren Kollegen die unterschiedlichsten Aufgaben. Sie beraten Kunden, [&hellip;]","og_url":"https:\/\/tigerpico.de\/en_us\/service_center\/karriere\/buerokauffrau\/","og_site_name":"TESTING-tigerpico-de","article_publisher":"https:\/\/www.facebook.com\/WilkeTechnology\/","article_modified_time":"2022-11-30T08:11:50+00:00","og_image":[{"url":"https:\/\/tigerpico.de\/wp-content\/uploads\/2022\/06\/807a3f7507.jpg","type":"","width":"","height":""}],"twitter_card":"summary_large_image","twitter_misc":{"Est. reading time":"1 minute"},"schema":{"@context":"https:\/\/schema.org","@graph":[{"@type":"WebPage","@id":"https:\/\/tigerpico.de\/service_center\/karriere\/buerokauffrau","url":"https:\/\/tigerpico.de\/service_center\/karriere\/buerokauffrau","name":"Buerokauffrau\/mann - TESTING-tigerpico-de","isPartOf":{"@id":"https:\/\/tigerpico.de\/#website"},"primaryImageOfPage":{"@id":"https:\/\/tigerpico.de\/service_center\/karriere\/buerokauffrau#primaryimage"},"image":{"@id":"https:\/\/tigerpico.de\/service_center\/karriere\/buerokauffrau#primaryimage"},"thumbnailUrl":"https:\/\/tigerpico.de\/wp-content\/uploads\/2022\/06\/807a3f7507.jpg","datePublished":"2022-06-23T11:23:28+00:00","dateModified":"2022-11-30T08:11:50+00:00","breadcrumb":{"@id":"https:\/\/tigerpico.de\/service_center\/karriere\/buerokauffrau#breadcrumb"},"inLanguage":"en-US","potentialAction":[{"@type":"ReadAction","target":["https:\/\/tigerpico.de\/service_center\/karriere\/buerokauffrau"]}]},{"@type":"ImageObject","inLanguage":"en-US","@id":"https:\/\/tigerpico.de\/service_center\/karriere\/buerokauffrau#primaryimage","url":"https:\/\/tigerpico.de\/wp-content\/uploads\/2022\/06\/807a3f7507.jpg","contentUrl":"https:\/\/tigerpico.de\/wp-content\/uploads\/2022\/06\/807a3f7507.jpg"},{"@type":"BreadcrumbList","@id":"https:\/\/tigerpico.de\/service_center\/karriere\/buerokauffrau#breadcrumb","itemListElement":[{"@type":"ListItem","position":1,"name":"Startseite","item":"https:\/\/tigerpico.de\/"},{"@type":"ListItem","position":2,"name":"Service Center","item":"https:\/\/tigerpico.de\/service_center"},{"@type":"ListItem","position":3,"name":"Karriere","item":"https:\/\/tigerpico.de\/service_center\/karriere"},{"@type":"ListItem","position":4,"name":"Buerokauffrau\/mann"}]},{"@type":"WebSite","@id":"https:\/\/tigerpico.de\/#website","url":"https:\/\/tigerpico.de\/","name":"TESTING-tigerpico-de","description":"Wilke Technology","publisher":{"@id":"https:\/\/tigerpico.de\/#organization"},"potentialAction":[{"@type":"SearchAction","target":{"@type":"EntryPoint","urlTemplate":"https:\/\/tigerpico.de\/?s={search_term_string}"},"query-input":{"@type":"PropertyValueSpecification","valueRequired":true,"valueName":"search_term_string"}}],"inLanguage":"en-US"},{"@type":"Organization","@id":"https:\/\/tigerpico.de\/#organization","name":"TESTING-tigerpico-de","url":"https:\/\/tigerpico.de\/","logo":{"@type":"ImageObject","inLanguage":"en-US","@id":"https:\/\/tigerpico.de\/#\/schema\/logo\/image\/","url":"https:\/\/tigerpico.de\/wp-content\/uploads\/2022\/05\/Wilke_Logo_mittelgrun-4.png","contentUrl":"https:\/\/tigerpico.de\/wp-content\/uploads\/2022\/05\/Wilke_Logo_mittelgrun-4.png","width":1690,"height":1680,"caption":"TESTING-tigerpico-de"},"image":{"@id":"https:\/\/tigerpico.de\/#\/schema\/logo\/image\/"},"sameAs":["https:\/\/www.facebook.com\/WilkeTechnology\/","https:\/\/de.linkedin.com\/company\/wilke-technology-gmbh","https:\/\/www.xing.com\/pages\/wilke-technology-gmbh\/about_us"]}]}},"_links":{"self":[{"href":"https:\/\/tigerpico.de\/en_us\/wp-json\/wp\/v2\/pages\/5242","targetHints":{"allow":["GET"]}}],"collection":[{"href":"https:\/\/tigerpico.de\/en_us\/wp-json\/wp\/v2\/pages"}],"about":[{"href":"https:\/\/tigerpico.de\/en_us\/wp-json\/wp\/v2\/types\/page"}],"author":[{"embeddable":true,"href":"https:\/\/tigerpico.de\/en_us\/wp-json\/wp\/v2\/users\/2"}],"replies":[{"embeddable":true,"href":"https:\/\/tigerpico.de\/en_us\/wp-json\/wp\/v2\/comments?post=5242"}],"version-history":[{"count":68,"href":"https:\/\/tigerpico.de\/en_us\/wp-json\/wp\/v2\/pages\/5242\/revisions"}],"predecessor-version":[{"id":23006,"href":"https:\/\/tigerpico.de\/en_us\/wp-json\/wp\/v2\/pages\/5242\/revisions\/23006"}],"up":[{"embeddable":true,"href":"https:\/\/tigerpico.de\/en_us\/wp-json\/wp\/v2\/pages\/5131"}],"wp:attachment":[{"href":"https:\/\/tigerpico.de\/en_us\/wp-json\/wp\/v2\/media?parent=5242"}],"curies":[{"name":"wp","href":"https:\/\/api.w.org\/{rel}","templated":true}]}}