{"id":5085,"date":"2022-06-23T07:21:07","date_gmt":"2022-06-23T07:21:07","guid":{"rendered":"http:\/\/tigerpico.de\/?page_id=5085"},"modified":"2023-01-13T14:46:08","modified_gmt":"2023-01-13T14:46:08","slug":"impressum","status":"publish","type":"page","link":"https:\/\/tigerpico.de\/en_us\/service_center\/impressum","title":{"rendered":"Imprint"},"content":{"rendered":"<div data-elementor-type=\"wp-page\" data-elementor-id=\"5085\" class=\"elementor elementor-5085\" data-elementor-post-type=\"page\">\n\t\t\t\t\t\t<section class=\"elementor-section elementor-top-section elementor-element elementor-element-e6b3b1a elementor-section-boxed elementor-section-height-default elementor-section-height-default\" data-id=\"e6b3b1a\" data-element_type=\"section\" data-e-type=\"section\">\n\t\t\t\t\t\t<div class=\"elementor-container elementor-column-gap-default\">\n\t\t\t\t\t<div class=\"elementor-column elementor-col-100 elementor-top-column elementor-element elementor-element-7a126b8\" data-id=\"7a126b8\" data-element_type=\"column\" data-e-type=\"column\">\n\t\t\t<div class=\"elementor-widget-wrap elementor-element-populated\">\n\t\t\t\t\t\t<div class=\"elementor-element elementor-element-7c22a74 elementor-widget elementor-widget-heading\" data-id=\"7c22a74\" data-element_type=\"widget\" data-e-type=\"widget\" data-widget_type=\"heading.default\">\n\t\t\t\t<div class=\"elementor-widget-container\">\n\t\t\t\t\t<h2 class=\"elementor-heading-title elementor-size-default\">Imprint<\/h2>\t\t\t\t<\/div>\n\t\t\t\t<\/div>\n\t\t\t\t\t<\/div>\n\t\t<\/div>\n\t\t\t\t\t<\/div>\n\t\t<\/section>\n\t\t\t\t<section class=\"elementor-section elementor-top-section elementor-element elementor-element-f4b984b elementor-section-boxed elementor-section-height-default elementor-section-height-default\" data-id=\"f4b984b\" data-element_type=\"section\" data-e-type=\"section\">\n\t\t\t\t\t\t<div class=\"elementor-container elementor-column-gap-default\">\n\t\t\t\t\t<div class=\"elementor-column elementor-col-33 elementor-top-column elementor-element elementor-element-c5337e2\" data-id=\"c5337e2\" data-element_type=\"column\" data-e-type=\"column\">\n\t\t\t<div class=\"elementor-widget-wrap elementor-element-populated\">\n\t\t\t\t\t\t<div class=\"elementor-element elementor-element-d5242df elementor-widget elementor-widget-text-editor\" data-id=\"d5242df\" data-element_type=\"widget\" data-e-type=\"widget\" data-widget_type=\"text-editor.default\">\n\t\t\t\t<div class=\"elementor-widget-container\">\n\t\t\t\t\t\t\t\t\t<p><span style=\"color: #000000;\">Name:<\/span><br \/><span style=\"color: #000000;\"><span style=\"font-size: 14px;\">Street:<br \/><\/span><span style=\"font-size: 14px;\">ZIP Code \/ City:<br \/><\/span><span style=\"font-size: 14px;\">Country:<br \/><\/span><span style=\"font-size: 14px;\"><br \/><span style=\"color: #000000;\">Phone:<\/span><br \/>Fax:<\/span><\/span><\/p><p><span style=\"color: #000000;\">E-Mail:<br \/><\/span><span style=\"font-size: 14px; color: #000000;\">Internet:<\/span><\/p><p><span style=\"color: #000000;\"><span style=\"font-size: 14px;\">Register Court:<br \/><\/span><span style=\"font-size: 14px;\">Register Number:<br \/><\/span><span style=\"font-size: 14px;\">VAT ID:<br \/><\/span><span style=\"font-size: 14px;\">President:<br \/><\/span><\/span><\/p><p><span style=\"color: #000000;\">Responsible for the content<\/span><br \/><span style=\"font-size: 14px; color: #000000;\">according to \u00a7 55 Abs. 2 RStV<\/span><\/p><p>\u00a0<\/p><p>\u00a0<\/p>\t\t\t\t\t\t\t\t<\/div>\n\t\t\t\t<\/div>\n\t\t\t\t\t<\/div>\n\t\t<\/div>\n\t\t\t\t<div class=\"elementor-column elementor-col-33 elementor-top-column elementor-element elementor-element-9f47d62\" data-id=\"9f47d62\" data-element_type=\"column\" data-e-type=\"column\">\n\t\t\t<div class=\"elementor-widget-wrap elementor-element-populated\">\n\t\t\t\t\t\t<div class=\"elementor-element elementor-element-5b0951c elementor-widget elementor-widget-text-editor\" data-id=\"5b0951c\" data-element_type=\"widget\" data-e-type=\"widget\" data-widget_type=\"text-editor.default\">\n\t\t\t\t<div class=\"elementor-widget-container\">\n\t\t\t\t\t\t\t\t\t<p><span style=\"color: #000000;\">Wilke Technology GmbH<\/span><br \/><span style=\"color: #000000;\">Heider-Hof-Weg 23D<\/span><br \/><span style=\"color: #000000;\">52080 Aachen<\/span><br \/><span style=\"color: #000000;\">Germany<\/span><\/p><p><span style=\"color: #000000;\">+49 2405 408 55 &#8211; 0<\/span><br \/><span style=\"color: #000000;\">+49 2405 408 55 &#8211; 444<\/span><\/p><p><span style=\"color: #000000;\">info@wilke.de<\/span><br \/><span style=\"color: #000000;\">www.wilke.de<\/span><\/p><p><span style=\"color: #000000;\">Aachen<\/span><br \/><span style=\"color: #000000;\">HRB-Nr. B 4272<\/span><br \/><span style=\"color: #000000;\">DE 121688007<\/span><br \/><span style=\"color: #000000;\">Dipl.-Ing. Hans-J\u00fcrgen Wilke &amp;<\/span><br \/><span style=\"color: #000000;\">Argiroula Wilke<\/span><\/p><p><span style=\"color: #000000;\">Hans-J\u00fcrgen Wilke<\/span><br \/><span style=\"color: #000000;\">Heider-Hof-Weg 23D<\/span><br \/><span style=\"color: #000000;\">52080 Aachen<\/span><\/p><p>\u00a0<\/p>\t\t\t\t\t\t\t\t<\/div>\n\t\t\t\t<\/div>\n\t\t\t\t\t<\/div>\n\t\t<\/div>\n\t\t\t\t<div class=\"elementor-column elementor-col-33 elementor-top-column elementor-element elementor-element-301f4ed\" data-id=\"301f4ed\" data-element_type=\"column\" data-e-type=\"column\">\n\t\t\t<div class=\"elementor-widget-wrap elementor-element-populated\">\n\t\t\t\t\t\t<div class=\"elementor-element elementor-element-e1bdcf3 elementor-widget elementor-widget-image\" data-id=\"e1bdcf3\" data-element_type=\"widget\" data-e-type=\"widget\" data-widget_type=\"image.default\">\n\t\t\t\t<div class=\"elementor-widget-container\">\n\t\t\t\t\t\t\t\t\t\t\t\t\t\t\t<img fetchpriority=\"high\" decoding=\"async\" width=\"300\" height=\"298\" src=\"https:\/\/tigerpico.de\/wp-content\/uploads\/2022\/11\/Wilke_Logo_mittelgruen-300x298.png\" class=\"attachment-medium size-medium wp-image-23015\" alt=\"\" srcset=\"https:\/\/tigerpico.de\/wp-content\/uploads\/2022\/11\/Wilke_Logo_mittelgruen-300x298.png 300w, https:\/\/tigerpico.de\/wp-content\/uploads\/2022\/11\/Wilke_Logo_mittelgruen-150x150.png 150w, https:\/\/tigerpico.de\/wp-content\/uploads\/2022\/11\/Wilke_Logo_mittelgruen-12x12.png 12w, https:\/\/tigerpico.de\/wp-content\/uploads\/2022\/11\/Wilke_Logo_mittelgruen-100x100.png 100w, https:\/\/tigerpico.de\/wp-content\/uploads\/2022\/11\/Wilke_Logo_mittelgruen.png 406w\" sizes=\"(max-width: 300px) 100vw, 300px\" \/>\t\t\t\t\t\t\t\t\t\t\t\t\t\t\t<\/div>\n\t\t\t\t<\/div>\n\t\t\t\t\t<\/div>\n\t\t<\/div>\n\t\t\t\t\t<\/div>\n\t\t<\/section>\n\t\t\t\t<section class=\"elementor-section elementor-top-section elementor-element elementor-element-8b373ac elementor-section-boxed elementor-section-height-default elementor-section-height-default\" data-id=\"8b373ac\" data-element_type=\"section\" data-e-type=\"section\">\n\t\t\t\t\t\t<div class=\"elementor-container elementor-column-gap-default\">\n\t\t\t\t\t<div class=\"elementor-column elementor-col-50 elementor-top-column elementor-element elementor-element-7359df8\" data-id=\"7359df8\" data-element_type=\"column\" data-e-type=\"column\">\n\t\t\t<div class=\"elementor-widget-wrap elementor-element-populated\">\n\t\t\t\t\t\t<div class=\"elementor-element elementor-element-4956952 elementor-widget elementor-widget-text-editor\" data-id=\"4956952\" data-element_type=\"widget\" data-e-type=\"widget\" data-widget_type=\"text-editor.default\">\n\t\t\t\t<div class=\"elementor-widget-container\">\n\t\t\t\t\t\t\t\t\t<p><span style=\"color: #000000;\"><strong>Liability:<\/strong>\u00a0This Web site can contain references to other rights of ownership and information about copyright which must be taken into account of and followed. All information of this website have been collected with care and to our best knowledge and belief. We do not take, however, no liability or guarantee for the completeness or exactness of the information provided and for the results following the use of such information by the user. Wilke Technology assumes no liability and guarantee for that any problem can be solved by using the provided information. By publishing the information, Wilke Technology grants no usufructs with copyright, patent or other intellectual property.<\/span><\/p><p><span style=\"color: #000000;\">The contents of these web pages exclusively serve the general information of the user. The provided information cannot replace a technical consultation and individual advice. We reserve for us the right to change or to update the information in this web pages at any time and without previous announcement. This also applies to improvements and\/or changes at the products described on this web pages or our programs. <\/span><span style=\"color: #000000;\">In the case that we show references to other web pages (references, external links, hyperlinks), by chosing them you leave our web pages and this action leads to contents of other suppliers for whom we don't show ourselves responsible or liable. We assume no liability for disturbances or damages of any type which may arise from the use of these or a web page interlinked with that, particularly data or program loss in EDP or other systems.\u00a0<\/span><\/p><p><span style=\"color: #000000;\">Although we check the data of our web pages as well as the files suitable for the download on virus liberty, no liability for virus liberty is assumed. The user must use all possibilities to prevent disturbances or damages and to take up corresponding precautions. The online communication possible with us provided by our web pages exclusively serves to establish a contact and is not a medium for the exchange of data or to make a declaration or statement to us.. As far as data is transmitted by e-mail, particularly in the case of sensible data, it has to be taken into account that it can be technically possible for third parties to read or to change unauthorizedly such data. The exclusion of liability is essential basis of the provided information on these web pages. In the event that parts or single wordings of the exclusion of liability should not correspond to the current legal position, no more or not complete, the other parts of the exclusion of liability remain untouched in their contents and their validity.\nPrices as shown on this website are vaild for USA customers. Distributors prices and prices from other websites can differ, as they include duties, tariffs, taxes and shipping charges. For any questions, please don't hesitate to contact our distributors or Wilke Technology directly.<\/span><\/p>\t\t\t\t\t\t\t\t<\/div>\n\t\t\t\t<\/div>\n\t\t\t\t\t<\/div>\n\t\t<\/div>\n\t\t\t\t<div class=\"elementor-column elementor-col-50 elementor-top-column elementor-element elementor-element-70762a7\" data-id=\"70762a7\" data-element_type=\"column\" data-e-type=\"column\">\n\t\t\t<div class=\"elementor-widget-wrap\">\n\t\t\t\t\t\t\t<\/div>\n\t\t<\/div>\n\t\t\t\t\t<\/div>\n\t\t<\/section>\n\t\t\t\t<section class=\"elementor-section elementor-top-section elementor-element elementor-element-d973c72 elementor-section-boxed elementor-section-height-default elementor-section-height-default\" data-id=\"d973c72\" data-element_type=\"section\" data-e-type=\"section\">\n\t\t\t\t\t\t<div class=\"elementor-container elementor-column-gap-default\">\n\t\t\t\t\t<div class=\"elementor-column elementor-col-100 elementor-top-column elementor-element elementor-element-0bb2a20\" data-id=\"0bb2a20\" data-element_type=\"column\" data-e-type=\"column\">\n\t\t\t<div class=\"elementor-widget-wrap elementor-element-populated\">\n\t\t\t\t\t\t<div class=\"elementor-element elementor-element-784affb elementor-widget elementor-widget-spacer\" data-id=\"784affb\" data-element_type=\"widget\" data-e-type=\"widget\" data-widget_type=\"spacer.default\">\n\t\t\t\t<div class=\"elementor-widget-container\">\n\t\t\t\t\t\t\t<div class=\"elementor-spacer\">\n\t\t\t<div class=\"elementor-spacer-inner\"><\/div>\n\t\t<\/div>\n\t\t\t\t\t\t<\/div>\n\t\t\t\t<\/div>\n\t\t\t\t\t<\/div>\n\t\t<\/div>\n\t\t\t\t\t<\/div>\n\t\t<\/section>\n\t\t\t\t<\/div>","protected":false},"excerpt":{"rendered":"<p>Impressum Name:Stra\u00dfe:PLZ \/ Ort:Land: Telefon:Fax: E-Mail:Internet: Sitz der Gesellschaft:Registergericht und Handelsregisternummer:UStID-Nummer:Gesch\u00e4ftsf\u00fchrer: Verantwortlich f\u00fcr den Inhaltnach \u00a7 55 Abs. 2 RStV: \u00a0 \u00a0 Wilke Technology GmbHHeider-Hof-Weg 23D52080 AachenDeutschland +49 2405 408 55 &#8211; 0+49 2405 408 55 &#8211; 444 info@wilke.dewww.wilke.de AachenAmtsgericht Aachen HRB 4272DE 121688007Dipl.-Ing. Hans-J\u00fcrgen Wilke &amp;Argiroula Wilke Hans-J\u00fcrgen WilkeHeider-Hof-Weg 23D52080 Aachen \u00a0 Haftungshinweis:\u00a0Diese Website [&hellip;]<\/p>\n","protected":false},"author":2,"featured_media":0,"parent":500,"menu_order":2,"comment_status":"closed","ping_status":"closed","template":"","meta":{"ocean_post_layout":"full-screen","ocean_both_sidebars_style":"","ocean_both_sidebars_content_width":0,"ocean_both_sidebars_sidebars_width":0,"ocean_sidebar":"0","ocean_second_sidebar":"0","ocean_disable_margins":"enable","ocean_add_body_class":"","ocean_shortcode_before_top_bar":"","ocean_shortcode_after_top_bar":"","ocean_shortcode_before_header":"","ocean_shortcode_after_header":"","ocean_has_shortcode":"","ocean_shortcode_after_title":"","ocean_shortcode_before_footer_widgets":"","ocean_shortcode_after_footer_widgets":"","ocean_shortcode_before_footer_bottom":"","ocean_shortcode_after_footer_bottom":"","ocean_display_top_bar":"off","ocean_display_header":"on","ocean_header_style":"","ocean_center_header_left_menu":"0","ocean_custom_header_template":"0","ocean_custom_logo":0,"ocean_custom_retina_logo":0,"ocean_custom_logo_max_width":0,"ocean_custom_logo_tablet_max_width":0,"ocean_custom_logo_mobile_max_width":0,"ocean_custom_logo_max_height":0,"ocean_custom_logo_tablet_max_height":0,"ocean_custom_logo_mobile_max_height":0,"ocean_header_custom_menu":"0","ocean_menu_typo_font_family":"0","ocean_menu_typo_font_subset":"","ocean_menu_typo_font_size":0,"ocean_menu_typo_font_size_tablet":0,"ocean_menu_typo_font_size_mobile":0,"ocean_menu_typo_font_size_unit":"px","ocean_menu_typo_font_weight":"","ocean_menu_typo_font_weight_tablet":"","ocean_menu_typo_font_weight_mobile":"","ocean_menu_typo_transform":"","ocean_menu_typo_transform_tablet":"","ocean_menu_typo_transform_mobile":"","ocean_menu_typo_line_height":0,"ocean_menu_typo_line_height_tablet":0,"ocean_menu_typo_line_height_mobile":0,"ocean_menu_typo_line_height_unit":"","ocean_menu_typo_spacing":0,"ocean_menu_typo_spacing_tablet":0,"ocean_menu_typo_spacing_mobile":0,"ocean_menu_typo_spacing_unit":"","ocean_menu_link_color":"","ocean_menu_link_color_hover":"","ocean_menu_link_color_active":"","ocean_menu_link_background":"","ocean_menu_link_hover_background":"","ocean_menu_link_active_background":"","ocean_menu_social_links_bg":"","ocean_menu_social_hover_links_bg":"","ocean_menu_social_links_color":"","ocean_menu_social_hover_links_color":"","ocean_disable_title":"on","ocean_disable_heading":"on","ocean_post_title":"","ocean_post_subheading":"","ocean_post_title_style":"","ocean_post_title_background_color":"","ocean_post_title_background":0,"ocean_post_title_bg_image_position":"","ocean_post_title_bg_image_attachment":"","ocean_post_title_bg_image_repeat":"","ocean_post_title_bg_image_size":"","ocean_post_title_height":0,"ocean_post_title_bg_overlay":0.5,"ocean_post_title_bg_overlay_color":"","ocean_disable_breadcrumbs":"off","ocean_breadcrumbs_color":"","ocean_breadcrumbs_separator_color":"","ocean_breadcrumbs_links_color":"","ocean_breadcrumbs_links_hover_color":"","ocean_display_footer_widgets":"off","ocean_display_footer_bottom":"off","ocean_custom_footer_template":"0","footnotes":""},"class_list":["post-5085","page","type-page","status-publish","hentry","entry"],"yoast_head":"<!-- This site is optimized with the Yoast SEO plugin v27.4 - https:\/\/yoast.com\/product\/yoast-seo-wordpress\/ -->\n<title>Impressum - TESTING-tigerpico-de<\/title>\n<meta name=\"robots\" content=\"index, follow, max-snippet:-1, max-image-preview:large, max-video-preview:-1\" \/>\n<link rel=\"canonical\" href=\"https:\/\/tigerpico.de\/en_us\/service_center\/impressum\/\" \/>\n<meta property=\"og:locale\" content=\"en_US\" \/>\n<meta property=\"og:type\" content=\"article\" \/>\n<meta property=\"og:title\" content=\"Impressum - TESTING-tigerpico-de\" \/>\n<meta property=\"og:description\" content=\"Impressum Name:Stra\u00dfe:PLZ \/ Ort:Land: Telefon:Fax: E-Mail:Internet: Sitz der Gesellschaft:Registergericht und Handelsregisternummer:UStID-Nummer:Gesch\u00e4ftsf\u00fchrer: Verantwortlich f\u00fcr den Inhaltnach \u00a7 55 Abs. 2 RStV: \u00a0 \u00a0 Wilke Technology GmbHHeider-Hof-Weg 23D52080 AachenDeutschland +49 2405 408 55 &#8211; 0+49 2405 408 55 &#8211; 444 info@wilke.dewww.wilke.de AachenAmtsgericht Aachen HRB 4272DE 121688007Dipl.-Ing. Hans-J\u00fcrgen Wilke &amp;Argiroula Wilke Hans-J\u00fcrgen WilkeHeider-Hof-Weg 23D52080 Aachen \u00a0 Haftungshinweis:\u00a0Diese Website [&hellip;]\" \/>\n<meta property=\"og:url\" content=\"https:\/\/tigerpico.de\/en_us\/service_center\/impressum\/\" \/>\n<meta property=\"og:site_name\" content=\"TESTING-tigerpico-de\" \/>\n<meta property=\"article:publisher\" content=\"https:\/\/www.facebook.com\/WilkeTechnology\/\" \/>\n<meta property=\"article:modified_time\" content=\"2023-01-13T14:46:08+00:00\" \/>\n<meta property=\"og:image\" content=\"https:\/\/tigerpico.de\/wp-content\/uploads\/2022\/11\/Wilke_Logo_mittelgruen-300x298.png\" \/>\n<meta name=\"twitter:card\" content=\"summary_large_image\" \/>\n<meta name=\"twitter:label1\" content=\"Est. reading time\" \/>\n\t<meta name=\"twitter:data1\" content=\"3 minutes\" \/>\n<script type=\"application\/ld+json\" class=\"yoast-schema-graph\">{\"@context\":\"https:\\\/\\\/schema.org\",\"@graph\":[{\"@type\":\"WebPage\",\"@id\":\"https:\\\/\\\/tigerpico.de\\\/service_center\\\/impressum\",\"url\":\"https:\\\/\\\/tigerpico.de\\\/service_center\\\/impressum\",\"name\":\"Impressum - TESTING-tigerpico-de\",\"isPartOf\":{\"@id\":\"https:\\\/\\\/tigerpico.de\\\/#website\"},\"primaryImageOfPage\":{\"@id\":\"https:\\\/\\\/tigerpico.de\\\/service_center\\\/impressum#primaryimage\"},\"image\":{\"@id\":\"https:\\\/\\\/tigerpico.de\\\/service_center\\\/impressum#primaryimage\"},\"thumbnailUrl\":\"https:\\\/\\\/tigerpico.de\\\/wp-content\\\/uploads\\\/2022\\\/11\\\/Wilke_Logo_mittelgruen-300x298.png\",\"datePublished\":\"2022-06-23T07:21:07+00:00\",\"dateModified\":\"2023-01-13T14:46:08+00:00\",\"breadcrumb\":{\"@id\":\"https:\\\/\\\/tigerpico.de\\\/service_center\\\/impressum#breadcrumb\"},\"inLanguage\":\"en-US\",\"potentialAction\":[{\"@type\":\"ReadAction\",\"target\":[\"https:\\\/\\\/tigerpico.de\\\/service_center\\\/impressum\"]}]},{\"@type\":\"ImageObject\",\"inLanguage\":\"en-US\",\"@id\":\"https:\\\/\\\/tigerpico.de\\\/service_center\\\/impressum#primaryimage\",\"url\":\"https:\\\/\\\/tigerpico.de\\\/wp-content\\\/uploads\\\/2022\\\/11\\\/Wilke_Logo_mittelgruen-300x298.png\",\"contentUrl\":\"https:\\\/\\\/tigerpico.de\\\/wp-content\\\/uploads\\\/2022\\\/11\\\/Wilke_Logo_mittelgruen-300x298.png\"},{\"@type\":\"BreadcrumbList\",\"@id\":\"https:\\\/\\\/tigerpico.de\\\/service_center\\\/impressum#breadcrumb\",\"itemListElement\":[{\"@type\":\"ListItem\",\"position\":1,\"name\":\"Startseite\",\"item\":\"https:\\\/\\\/tigerpico.de\\\/\"},{\"@type\":\"ListItem\",\"position\":2,\"name\":\"Service Center\",\"item\":\"https:\\\/\\\/tigerpico.de\\\/service_center\"},{\"@type\":\"ListItem\",\"position\":3,\"name\":\"Impressum\"}]},{\"@type\":\"WebSite\",\"@id\":\"https:\\\/\\\/tigerpico.de\\\/#website\",\"url\":\"https:\\\/\\\/tigerpico.de\\\/\",\"name\":\"TESTING-tigerpico-de\",\"description\":\"Wilke Technology\",\"publisher\":{\"@id\":\"https:\\\/\\\/tigerpico.de\\\/#organization\"},\"potentialAction\":[{\"@type\":\"SearchAction\",\"target\":{\"@type\":\"EntryPoint\",\"urlTemplate\":\"https:\\\/\\\/tigerpico.de\\\/?s={search_term_string}\"},\"query-input\":{\"@type\":\"PropertyValueSpecification\",\"valueRequired\":true,\"valueName\":\"search_term_string\"}}],\"inLanguage\":\"en-US\"},{\"@type\":\"Organization\",\"@id\":\"https:\\\/\\\/tigerpico.de\\\/#organization\",\"name\":\"TESTING-tigerpico-de\",\"url\":\"https:\\\/\\\/tigerpico.de\\\/\",\"logo\":{\"@type\":\"ImageObject\",\"inLanguage\":\"en-US\",\"@id\":\"https:\\\/\\\/tigerpico.de\\\/#\\\/schema\\\/logo\\\/image\\\/\",\"url\":\"https:\\\/\\\/tigerpico.de\\\/wp-content\\\/uploads\\\/2022\\\/05\\\/Wilke_Logo_mittelgrun-4.png\",\"contentUrl\":\"https:\\\/\\\/tigerpico.de\\\/wp-content\\\/uploads\\\/2022\\\/05\\\/Wilke_Logo_mittelgrun-4.png\",\"width\":1690,\"height\":1680,\"caption\":\"TESTING-tigerpico-de\"},\"image\":{\"@id\":\"https:\\\/\\\/tigerpico.de\\\/#\\\/schema\\\/logo\\\/image\\\/\"},\"sameAs\":[\"https:\\\/\\\/www.facebook.com\\\/WilkeTechnology\\\/\",\"https:\\\/\\\/de.linkedin.com\\\/company\\\/wilke-technology-gmbh\",\"https:\\\/\\\/www.xing.com\\\/pages\\\/wilke-technology-gmbh\\\/about_us\"]}]}<\/script>\n<!-- \/ Yoast SEO plugin. -->","yoast_head_json":{"title":"Impressum - TESTING-tigerpico-de","robots":{"index":"index","follow":"follow","max-snippet":"max-snippet:-1","max-image-preview":"max-image-preview:large","max-video-preview":"max-video-preview:-1"},"canonical":"https:\/\/tigerpico.de\/en_us\/service_center\/impressum\/","og_locale":"en_US","og_type":"article","og_title":"Impressum - TESTING-tigerpico-de","og_description":"Impressum Name:Stra\u00dfe:PLZ \/ Ort:Land: Telefon:Fax: E-Mail:Internet: Sitz der Gesellschaft:Registergericht und Handelsregisternummer:UStID-Nummer:Gesch\u00e4ftsf\u00fchrer: Verantwortlich f\u00fcr den Inhaltnach \u00a7 55 Abs. 2 RStV: \u00a0 \u00a0 Wilke Technology GmbHHeider-Hof-Weg 23D52080 AachenDeutschland +49 2405 408 55 &#8211; 0+49 2405 408 55 &#8211; 444 info@wilke.dewww.wilke.de AachenAmtsgericht Aachen HRB 4272DE 121688007Dipl.-Ing. Hans-J\u00fcrgen Wilke &amp;Argiroula Wilke Hans-J\u00fcrgen WilkeHeider-Hof-Weg 23D52080 Aachen \u00a0 Haftungshinweis:\u00a0Diese Website [&hellip;]","og_url":"https:\/\/tigerpico.de\/en_us\/service_center\/impressum\/","og_site_name":"TESTING-tigerpico-de","article_publisher":"https:\/\/www.facebook.com\/WilkeTechnology\/","article_modified_time":"2023-01-13T14:46:08+00:00","og_image":[{"url":"https:\/\/tigerpico.de\/wp-content\/uploads\/2022\/11\/Wilke_Logo_mittelgruen-300x298.png","type":"","width":"","height":""}],"twitter_card":"summary_large_image","twitter_misc":{"Est. reading time":"3 minutes"},"schema":{"@context":"https:\/\/schema.org","@graph":[{"@type":"WebPage","@id":"https:\/\/tigerpico.de\/service_center\/impressum","url":"https:\/\/tigerpico.de\/service_center\/impressum","name":"Impressum - TESTING-tigerpico-de","isPartOf":{"@id":"https:\/\/tigerpico.de\/#website"},"primaryImageOfPage":{"@id":"https:\/\/tigerpico.de\/service_center\/impressum#primaryimage"},"image":{"@id":"https:\/\/tigerpico.de\/service_center\/impressum#primaryimage"},"thumbnailUrl":"https:\/\/tigerpico.de\/wp-content\/uploads\/2022\/11\/Wilke_Logo_mittelgruen-300x298.png","datePublished":"2022-06-23T07:21:07+00:00","dateModified":"2023-01-13T14:46:08+00:00","breadcrumb":{"@id":"https:\/\/tigerpico.de\/service_center\/impressum#breadcrumb"},"inLanguage":"en-US","potentialAction":[{"@type":"ReadAction","target":["https:\/\/tigerpico.de\/service_center\/impressum"]}]},{"@type":"ImageObject","inLanguage":"en-US","@id":"https:\/\/tigerpico.de\/service_center\/impressum#primaryimage","url":"https:\/\/tigerpico.de\/wp-content\/uploads\/2022\/11\/Wilke_Logo_mittelgruen-300x298.png","contentUrl":"https:\/\/tigerpico.de\/wp-content\/uploads\/2022\/11\/Wilke_Logo_mittelgruen-300x298.png"},{"@type":"BreadcrumbList","@id":"https:\/\/tigerpico.de\/service_center\/impressum#breadcrumb","itemListElement":[{"@type":"ListItem","position":1,"name":"Startseite","item":"https:\/\/tigerpico.de\/"},{"@type":"ListItem","position":2,"name":"Service Center","item":"https:\/\/tigerpico.de\/service_center"},{"@type":"ListItem","position":3,"name":"Impressum"}]},{"@type":"WebSite","@id":"https:\/\/tigerpico.de\/#website","url":"https:\/\/tigerpico.de\/","name":"TESTING-tigerpico-de","description":"Wilke Technology","publisher":{"@id":"https:\/\/tigerpico.de\/#organization"},"potentialAction":[{"@type":"SearchAction","target":{"@type":"EntryPoint","urlTemplate":"https:\/\/tigerpico.de\/?s={search_term_string}"},"query-input":{"@type":"PropertyValueSpecification","valueRequired":true,"valueName":"search_term_string"}}],"inLanguage":"en-US"},{"@type":"Organization","@id":"https:\/\/tigerpico.de\/#organization","name":"TESTING-tigerpico-de","url":"https:\/\/tigerpico.de\/","logo":{"@type":"ImageObject","inLanguage":"en-US","@id":"https:\/\/tigerpico.de\/#\/schema\/logo\/image\/","url":"https:\/\/tigerpico.de\/wp-content\/uploads\/2022\/05\/Wilke_Logo_mittelgrun-4.png","contentUrl":"https:\/\/tigerpico.de\/wp-content\/uploads\/2022\/05\/Wilke_Logo_mittelgrun-4.png","width":1690,"height":1680,"caption":"TESTING-tigerpico-de"},"image":{"@id":"https:\/\/tigerpico.de\/#\/schema\/logo\/image\/"},"sameAs":["https:\/\/www.facebook.com\/WilkeTechnology\/","https:\/\/de.linkedin.com\/company\/wilke-technology-gmbh","https:\/\/www.xing.com\/pages\/wilke-technology-gmbh\/about_us"]}]}},"_links":{"self":[{"href":"https:\/\/tigerpico.de\/en_us\/wp-json\/wp\/v2\/pages\/5085","targetHints":{"allow":["GET"]}}],"collection":[{"href":"https:\/\/tigerpico.de\/en_us\/wp-json\/wp\/v2\/pages"}],"about":[{"href":"https:\/\/tigerpico.de\/en_us\/wp-json\/wp\/v2\/types\/page"}],"author":[{"embeddable":true,"href":"https:\/\/tigerpico.de\/en_us\/wp-json\/wp\/v2\/users\/2"}],"replies":[{"embeddable":true,"href":"https:\/\/tigerpico.de\/en_us\/wp-json\/wp\/v2\/comments?post=5085"}],"version-history":[{"count":81,"href":"https:\/\/tigerpico.de\/en_us\/wp-json\/wp\/v2\/pages\/5085\/revisions"}],"predecessor-version":[{"id":24276,"href":"https:\/\/tigerpico.de\/en_us\/wp-json\/wp\/v2\/pages\/5085\/revisions\/24276"}],"up":[{"embeddable":true,"href":"https:\/\/tigerpico.de\/en_us\/wp-json\/wp\/v2\/pages\/500"}],"wp:attachment":[{"href":"https:\/\/tigerpico.de\/en_us\/wp-json\/wp\/v2\/media?parent=5085"}],"curies":[{"name":"wp","href":"https:\/\/api.w.org\/{rel}","templated":true}]}}