{"id":4957,"date":"2022-06-22T12:40:03","date_gmt":"2022-06-22T12:40:03","guid":{"rendered":"http:\/\/tigerpico.de\/?page_id=4957"},"modified":"2022-11-25T10:04:34","modified_gmt":"2022-11-25T10:04:34","slug":"programmbsp","status":"publish","type":"page","link":"https:\/\/tigerpico.de\/en_us\/service_center\/download_center\/programmbsp","title":{"rendered":"Programmbsp."},"content":{"rendered":"<div data-elementor-type=\"wp-page\" data-elementor-id=\"4957\" class=\"elementor elementor-4957\" data-elementor-post-type=\"page\">\n\t\t\t\t\t\t<section class=\"elementor-section elementor-top-section elementor-element elementor-element-d3348f8 elementor-section-boxed elementor-section-height-default elementor-section-height-default\" data-id=\"d3348f8\" data-element_type=\"section\" data-e-type=\"section\">\n\t\t\t\t\t\t<div class=\"elementor-container elementor-column-gap-default\">\n\t\t\t\t\t<div class=\"elementor-column elementor-col-100 elementor-top-column elementor-element elementor-element-de8f1b0\" data-id=\"de8f1b0\" data-element_type=\"column\" data-e-type=\"column\">\n\t\t\t<div class=\"elementor-widget-wrap elementor-element-populated\">\n\t\t\t\t\t\t<div class=\"elementor-element elementor-element-115bffa elementor-widget elementor-widget-heading\" data-id=\"115bffa\" data-element_type=\"widget\" data-e-type=\"widget\" data-widget_type=\"heading.default\">\n\t\t\t\t<div class=\"elementor-widget-container\">\n\t\t\t\t\t<h2 class=\"elementor-heading-title elementor-size-default\">Customer program examples<\/h2>\t\t\t\t<\/div>\n\t\t\t\t<\/div>\n\t\t\t\t\t<\/div>\n\t\t<\/div>\n\t\t\t\t\t<\/div>\n\t\t<\/section>\n\t\t\t\t<section class=\"elementor-section elementor-top-section elementor-element elementor-element-966cba0 elementor-section-boxed elementor-section-height-default elementor-section-height-default\" data-id=\"966cba0\" data-element_type=\"section\" data-e-type=\"section\">\n\t\t\t\t\t\t<div class=\"elementor-container elementor-column-gap-default\">\n\t\t\t\t\t<div class=\"elementor-column elementor-col-100 elementor-top-column elementor-element elementor-element-bc4a8a9\" data-id=\"bc4a8a9\" data-element_type=\"column\" data-e-type=\"column\">\n\t\t\t<div class=\"elementor-widget-wrap elementor-element-populated\">\n\t\t\t\t\t\t<div class=\"elementor-element elementor-element-260eb96 elementor-widget elementor-widget-html\" data-id=\"260eb96\" data-element_type=\"widget\" data-e-type=\"widget\" data-widget_type=\"html.default\">\n\t\t\t\t<div class=\"elementor-widget-container\">\n\t\t\t\t\t<nav class=\"nav-momo\">\n    <ul>\n        <li><a class=\"link-1\" href=\"https:\/\/tigerpico.de\/en_us\/service_center\/download_center\/tiger-tools\/\">Tiger tools <\/a><\/li>\n        <li><a class=\"link-2\" href=\"https:\/\/tigerpico.de\/en_us\/service_center\/download_center\/basic-tiger-geraetetreiber-systemdateien\/\">Drivers <\/a><\/li>\n        <li><a class=\"link-3\" href=\"https:\/\/tigerpico.de\/en_us\/service_center\/download_center\/handbuecher\/\">Manuals <\/a><\/li>\n        <li><a class=\"link-4\" href=\"https:\/\/tigerpico.de\/en_us\/service_center\/download_center\/tipps-tricks\/\">Tips<\/a><\/li>\n        <li><a class=\"link-5\" href=\"https:\/\/tigerpico.de\/en_us\/service_center\/download_center\/datenblaetter\/\">Data Sheets<\/a><\/li>\n        <li><a class=\"link-6\" href=\"https:\/\/tigerpico.de\/en_us\/service_center\/download_center\/schaltplaene\/\">Schematics<\/a><\/li>\n        <li><a class=\"link-7\" href=\"https:\/\/tigerpico.de\/en_us\/service_center\/download_center\/programmbsp\/\">Example Prog. <\/a><\/li>\n        <li><a class=\"link-8\" href=\"https:\/\/tigerpico.de\/en_us\/service_center\/download_center\/tiger-c-2\/\">Tiger C<\/a><\/li>\n    <\/ul>\n<\/nav>\t\t\t\t<\/div>\n\t\t\t\t<\/div>\n\t\t\t\t\t<\/div>\n\t\t<\/div>\n\t\t\t\t\t<\/div>\n\t\t<\/section>\n\t\t\t\t<section class=\"elementor-section elementor-top-section elementor-element elementor-element-6213094 elementor-section-boxed elementor-section-height-default elementor-section-height-default\" data-id=\"6213094\" data-element_type=\"section\" data-e-type=\"section\">\n\t\t\t\t\t\t<div class=\"elementor-container elementor-column-gap-default\">\n\t\t\t\t\t<div class=\"elementor-column elementor-col-50 elementor-top-column elementor-element elementor-element-110ccc7\" data-id=\"110ccc7\" data-element_type=\"column\" data-e-type=\"column\">\n\t\t\t<div class=\"elementor-widget-wrap elementor-element-populated\">\n\t\t\t\t\t\t<div class=\"elementor-element elementor-element-470665d elementor-widget elementor-widget-html\" data-id=\"470665d\" data-element_type=\"widget\" data-e-type=\"widget\" data-widget_type=\"html.default\">\n\t\t\t\t<div class=\"elementor-widget-container\">\n\t\t\t\t\t<link rel=\"stylesheet\" href=\"style.css\"\/>\n\n<table class=\"service_center\">\n    <thead>\n        <tr>\n            <td colspan=\"2\">Customer examples for BASIC-Tiger programming:<\/td>\n        <\/tr>\n    <\/thead>\n    <tbody>\n        <tr class=\"active\">\n        <tr>\n            <td><a href=\"https:\/\/tigerpico.de\/wp-content\/uploads\/Download_Center\/Programmbsp\/Kunden-Beispiele_fuer_BASIC-Tiger_Programmierung\/SNTP_RTC.zip\">Reading an SNTP time stamp<\/a><\/td>\n            <td>(8 kb)<\/td>\n        <\/tr>\n    <\/tbody>\n<\/table>\n\t\t\t\t<\/div>\n\t\t\t\t<\/div>\n\t\t\t\t\t<\/div>\n\t\t<\/div>\n\t\t\t\t<div class=\"elementor-column elementor-col-50 elementor-top-column elementor-element elementor-element-65d3a47\" data-id=\"65d3a47\" data-element_type=\"column\" data-e-type=\"column\">\n\t\t\t<div class=\"elementor-widget-wrap elementor-element-populated\">\n\t\t\t\t\t\t<div class=\"elementor-element elementor-element-cc439ac elementor-widget elementor-widget-heading\" data-id=\"cc439ac\" data-element_type=\"widget\" data-e-type=\"widget\" data-widget_type=\"heading.default\">\n\t\t\t\t<div class=\"elementor-widget-container\">\n\t\t\t\t\t<h2 class=\"elementor-heading-title elementor-size-default\">Details<\/h2>\t\t\t\t<\/div>\n\t\t\t\t<\/div>\n\t\t\t\t<div class=\"elementor-element elementor-element-3d6b5e3 elementor-widget elementor-widget-text-editor\" data-id=\"3d6b5e3\" data-element_type=\"widget\" data-e-type=\"widget\" data-widget_type=\"text-editor.default\">\n\t\t\t\t<div class=\"elementor-widget-container\">\n\t\t\t\t\t\t\t\t\t<p><span style=\"color: #000000;\"><strong>Description of Sntp_Rtc_Demo.tig<br \/><\/strong><br \/>The program opens a socket, reads a SNTP time stamp, writes date and time on a 16x2 LCD, and keeps a socket open for incoming connections. When you open a Telnet connection on the Tiger port, the Tiger outputs date and time (DST corrected), as well as times of sunrise and sunset in a loop for maximum 600 times (corresponds to server_ethe.tig)<\/span><\/p><ul><li><span style=\"color: #000000;\">New functions:<br \/><\/span><span style=\"color: #000000;\">Converting the SNTP time (seconds from 1 Jan 1900 0:00) to seconds since 1 Jan 2000 0:00 regarding the MSB in year 2036 and setting the RTC (for this in TIG2DOS and DOS2TIG the year has to be changed from 1980 to 2000). With this the RTC is always set correctly until 2068 (then the LONG variable of the time becomes negative).<\/span><\/li><li><span style=\"color: #000000;\">Calculation of day of week<\/span><\/li><li><span style=\"color: #000000;\">Exact calculation of DST for Germany with correct DST correction in DOS2TIG and TIG2DOS (in older versions of the routines, partially still used in sample programs the DST in these functions is fixed from 31 Mar to 31 Oct).<\/span><\/li><li><span style=\"color: #000000;\">Calculation of sunrise and sunset depending on longitude and latitude.<\/span><\/li><\/ul>\t\t\t\t\t\t\t\t<\/div>\n\t\t\t\t<\/div>\n\t\t\t\t\t<\/div>\n\t\t<\/div>\n\t\t\t\t\t<\/div>\n\t\t<\/section>\n\t\t\t\t<section class=\"elementor-section elementor-top-section elementor-element elementor-element-fbcb8f9 elementor-section-boxed elementor-section-height-default elementor-section-height-default\" data-id=\"fbcb8f9\" data-element_type=\"section\" data-e-type=\"section\">\n\t\t\t\t\t\t<div class=\"elementor-container elementor-column-gap-default\">\n\t\t\t\t\t<div class=\"elementor-column elementor-col-100 elementor-top-column elementor-element elementor-element-ba3e815\" data-id=\"ba3e815\" data-element_type=\"column\" data-e-type=\"column\">\n\t\t\t<div class=\"elementor-widget-wrap elementor-element-populated\">\n\t\t\t\t\t\t<div class=\"elementor-element elementor-element-ab610bd elementor-widget elementor-widget-spacer\" data-id=\"ab610bd\" data-element_type=\"widget\" data-e-type=\"widget\" data-widget_type=\"spacer.default\">\n\t\t\t\t<div class=\"elementor-widget-container\">\n\t\t\t\t\t\t\t<div class=\"elementor-spacer\">\n\t\t\t<div class=\"elementor-spacer-inner\"><\/div>\n\t\t<\/div>\n\t\t\t\t\t\t<\/div>\n\t\t\t\t<\/div>\n\t\t\t\t\t<\/div>\n\t\t<\/div>\n\t\t\t\t\t<\/div>\n\t\t<\/section>\n\t\t\t\t<\/div>","protected":false},"excerpt":{"rendered":"<p>Programmbeispiele unserer Kunden: Tiger Tools Treiber handb\u00fccher tipps &#038; Tricks Datenbl\u00e4tter schaltpl\u00e4ne programmbsp. Tiger C Kunden-Beispiele f\u00fcr BASIC-Tiger Programmierung Auslesen eines SNTP-Timestamps (8 kb) Details Beschreibung von Sntp_Rtc_Demo.tigDas Programm \u00f6ffnet einen Socket, liest einen SNTP-Timestamp, schreibt Datum\/Uhrzeit ggf. in ein 16&#215;2 LCD, und h\u00e4lt einen Socket f\u00fcr ankommende Verbindungen offen. Wenn man eine Telnet-Verbindung auf [&hellip;]<\/p>\n","protected":false},"author":2,"featured_media":0,"parent":3731,"menu_order":3,"comment_status":"closed","ping_status":"closed","template":"","meta":{"ocean_post_layout":"full-screen","ocean_both_sidebars_style":"","ocean_both_sidebars_content_width":0,"ocean_both_sidebars_sidebars_width":0,"ocean_sidebar":"0","ocean_second_sidebar":"0","ocean_disable_margins":"enable","ocean_add_body_class":"","ocean_shortcode_before_top_bar":"","ocean_shortcode_after_top_bar":"","ocean_shortcode_before_header":"","ocean_shortcode_after_header":"","ocean_has_shortcode":"","ocean_shortcode_after_title":"","ocean_shortcode_before_footer_widgets":"","ocean_shortcode_after_footer_widgets":"","ocean_shortcode_before_footer_bottom":"","ocean_shortcode_after_footer_bottom":"","ocean_display_top_bar":"off","ocean_display_header":"on","ocean_header_style":"","ocean_center_header_left_menu":"0","ocean_custom_header_template":"0","ocean_custom_logo":0,"ocean_custom_retina_logo":0,"ocean_custom_logo_max_width":0,"ocean_custom_logo_tablet_max_width":0,"ocean_custom_logo_mobile_max_width":0,"ocean_custom_logo_max_height":0,"ocean_custom_logo_tablet_max_height":0,"ocean_custom_logo_mobile_max_height":0,"ocean_header_custom_menu":"0","ocean_menu_typo_font_family":"0","ocean_menu_typo_font_subset":"","ocean_menu_typo_font_size":0,"ocean_menu_typo_font_size_tablet":0,"ocean_menu_typo_font_size_mobile":0,"ocean_menu_typo_font_size_unit":"px","ocean_menu_typo_font_weight":"","ocean_menu_typo_font_weight_tablet":"","ocean_menu_typo_font_weight_mobile":"","ocean_menu_typo_transform":"","ocean_menu_typo_transform_tablet":"","ocean_menu_typo_transform_mobile":"","ocean_menu_typo_line_height":0,"ocean_menu_typo_line_height_tablet":0,"ocean_menu_typo_line_height_mobile":0,"ocean_menu_typo_line_height_unit":"","ocean_menu_typo_spacing":0,"ocean_menu_typo_spacing_tablet":0,"ocean_menu_typo_spacing_mobile":0,"ocean_menu_typo_spacing_unit":"","ocean_menu_link_color":"","ocean_menu_link_color_hover":"","ocean_menu_link_color_active":"","ocean_menu_link_background":"","ocean_menu_link_hover_background":"","ocean_menu_link_active_background":"","ocean_menu_social_links_bg":"","ocean_menu_social_hover_links_bg":"","ocean_menu_social_links_color":"","ocean_menu_social_hover_links_color":"","ocean_disable_title":"on","ocean_disable_heading":"default","ocean_post_title":"","ocean_post_subheading":"","ocean_post_title_style":"","ocean_post_title_background_color":"","ocean_post_title_background":0,"ocean_post_title_bg_image_position":"","ocean_post_title_bg_image_attachment":"","ocean_post_title_bg_image_repeat":"","ocean_post_title_bg_image_size":"","ocean_post_title_height":0,"ocean_post_title_bg_overlay":0.5,"ocean_post_title_bg_overlay_color":"","ocean_disable_breadcrumbs":"default","ocean_breadcrumbs_color":"","ocean_breadcrumbs_separator_color":"","ocean_breadcrumbs_links_color":"","ocean_breadcrumbs_links_hover_color":"","ocean_display_footer_widgets":"default","ocean_display_footer_bottom":"default","ocean_custom_footer_template":"0","footnotes":""},"class_list":["post-4957","page","type-page","status-publish","hentry","entry"],"yoast_head":"<!-- This site is optimized with the Yoast SEO plugin v27.4 - https:\/\/yoast.com\/product\/yoast-seo-wordpress\/ -->\n<title>Programmbsp. - TESTING-tigerpico-de<\/title>\n<meta name=\"robots\" content=\"index, follow, max-snippet:-1, max-image-preview:large, max-video-preview:-1\" \/>\n<link rel=\"canonical\" href=\"https:\/\/tigerpico.de\/en_us\/service_center\/download_center\/programmbsp\/\" \/>\n<meta property=\"og:locale\" content=\"en_US\" \/>\n<meta property=\"og:type\" content=\"article\" \/>\n<meta property=\"og:title\" content=\"Programmbsp. - TESTING-tigerpico-de\" \/>\n<meta property=\"og:description\" content=\"Programmbeispiele unserer Kunden: Tiger Tools Treiber handb\u00fccher tipps &#038; Tricks Datenbl\u00e4tter schaltpl\u00e4ne programmbsp. Tiger C Kunden-Beispiele f\u00fcr BASIC-Tiger Programmierung Auslesen eines SNTP-Timestamps (8 kb) Details Beschreibung von Sntp_Rtc_Demo.tigDas Programm \u00f6ffnet einen Socket, liest einen SNTP-Timestamp, schreibt Datum\/Uhrzeit ggf. in ein 16&#215;2 LCD, und h\u00e4lt einen Socket f\u00fcr ankommende Verbindungen offen. Wenn man eine Telnet-Verbindung auf [&hellip;]\" \/>\n<meta property=\"og:url\" content=\"https:\/\/tigerpico.de\/en_us\/service_center\/download_center\/programmbsp\/\" \/>\n<meta property=\"og:site_name\" content=\"TESTING-tigerpico-de\" \/>\n<meta property=\"article:publisher\" content=\"https:\/\/www.facebook.com\/WilkeTechnology\/\" \/>\n<meta property=\"article:modified_time\" content=\"2022-11-25T10:04:34+00:00\" \/>\n<meta name=\"twitter:card\" content=\"summary_large_image\" \/>\n<meta name=\"twitter:label1\" content=\"Est. reading time\" \/>\n\t<meta name=\"twitter:data1\" content=\"1 minute\" \/>\n<script type=\"application\/ld+json\" class=\"yoast-schema-graph\">{\"@context\":\"https:\\\/\\\/schema.org\",\"@graph\":[{\"@type\":\"WebPage\",\"@id\":\"https:\\\/\\\/tigerpico.de\\\/service_center\\\/download_center\\\/programmbsp\",\"url\":\"https:\\\/\\\/tigerpico.de\\\/service_center\\\/download_center\\\/programmbsp\",\"name\":\"Programmbsp. - TESTING-tigerpico-de\",\"isPartOf\":{\"@id\":\"https:\\\/\\\/tigerpico.de\\\/#website\"},\"datePublished\":\"2022-06-22T12:40:03+00:00\",\"dateModified\":\"2022-11-25T10:04:34+00:00\",\"breadcrumb\":{\"@id\":\"https:\\\/\\\/tigerpico.de\\\/service_center\\\/download_center\\\/programmbsp#breadcrumb\"},\"inLanguage\":\"en-US\",\"potentialAction\":[{\"@type\":\"ReadAction\",\"target\":[\"https:\\\/\\\/tigerpico.de\\\/service_center\\\/download_center\\\/programmbsp\"]}]},{\"@type\":\"BreadcrumbList\",\"@id\":\"https:\\\/\\\/tigerpico.de\\\/service_center\\\/download_center\\\/programmbsp#breadcrumb\",\"itemListElement\":[{\"@type\":\"ListItem\",\"position\":1,\"name\":\"Startseite\",\"item\":\"https:\\\/\\\/tigerpico.de\\\/\"},{\"@type\":\"ListItem\",\"position\":2,\"name\":\"Service Center\",\"item\":\"https:\\\/\\\/tigerpico.de\\\/service_center\"},{\"@type\":\"ListItem\",\"position\":3,\"name\":\"Download Center\",\"item\":\"https:\\\/\\\/tigerpico.de\\\/service_center\\\/download_center\"},{\"@type\":\"ListItem\",\"position\":4,\"name\":\"Programmbsp.\"}]},{\"@type\":\"WebSite\",\"@id\":\"https:\\\/\\\/tigerpico.de\\\/#website\",\"url\":\"https:\\\/\\\/tigerpico.de\\\/\",\"name\":\"TESTING-tigerpico-de\",\"description\":\"Wilke Technology\",\"publisher\":{\"@id\":\"https:\\\/\\\/tigerpico.de\\\/#organization\"},\"potentialAction\":[{\"@type\":\"SearchAction\",\"target\":{\"@type\":\"EntryPoint\",\"urlTemplate\":\"https:\\\/\\\/tigerpico.de\\\/?s={search_term_string}\"},\"query-input\":{\"@type\":\"PropertyValueSpecification\",\"valueRequired\":true,\"valueName\":\"search_term_string\"}}],\"inLanguage\":\"en-US\"},{\"@type\":\"Organization\",\"@id\":\"https:\\\/\\\/tigerpico.de\\\/#organization\",\"name\":\"TESTING-tigerpico-de\",\"url\":\"https:\\\/\\\/tigerpico.de\\\/\",\"logo\":{\"@type\":\"ImageObject\",\"inLanguage\":\"en-US\",\"@id\":\"https:\\\/\\\/tigerpico.de\\\/#\\\/schema\\\/logo\\\/image\\\/\",\"url\":\"https:\\\/\\\/tigerpico.de\\\/wp-content\\\/uploads\\\/2022\\\/05\\\/Wilke_Logo_mittelgrun-4.png\",\"contentUrl\":\"https:\\\/\\\/tigerpico.de\\\/wp-content\\\/uploads\\\/2022\\\/05\\\/Wilke_Logo_mittelgrun-4.png\",\"width\":1690,\"height\":1680,\"caption\":\"TESTING-tigerpico-de\"},\"image\":{\"@id\":\"https:\\\/\\\/tigerpico.de\\\/#\\\/schema\\\/logo\\\/image\\\/\"},\"sameAs\":[\"https:\\\/\\\/www.facebook.com\\\/WilkeTechnology\\\/\",\"https:\\\/\\\/de.linkedin.com\\\/company\\\/wilke-technology-gmbh\",\"https:\\\/\\\/www.xing.com\\\/pages\\\/wilke-technology-gmbh\\\/about_us\"]}]}<\/script>\n<!-- \/ Yoast SEO plugin. -->","yoast_head_json":{"title":"Programmbsp. - TESTING-tigerpico-de","robots":{"index":"index","follow":"follow","max-snippet":"max-snippet:-1","max-image-preview":"max-image-preview:large","max-video-preview":"max-video-preview:-1"},"canonical":"https:\/\/tigerpico.de\/en_us\/service_center\/download_center\/programmbsp\/","og_locale":"en_US","og_type":"article","og_title":"Programmbsp. - TESTING-tigerpico-de","og_description":"Programmbeispiele unserer Kunden: Tiger Tools Treiber handb\u00fccher tipps &#038; Tricks Datenbl\u00e4tter schaltpl\u00e4ne programmbsp. Tiger C Kunden-Beispiele f\u00fcr BASIC-Tiger Programmierung Auslesen eines SNTP-Timestamps (8 kb) Details Beschreibung von Sntp_Rtc_Demo.tigDas Programm \u00f6ffnet einen Socket, liest einen SNTP-Timestamp, schreibt Datum\/Uhrzeit ggf. in ein 16&#215;2 LCD, und h\u00e4lt einen Socket f\u00fcr ankommende Verbindungen offen. Wenn man eine Telnet-Verbindung auf [&hellip;]","og_url":"https:\/\/tigerpico.de\/en_us\/service_center\/download_center\/programmbsp\/","og_site_name":"TESTING-tigerpico-de","article_publisher":"https:\/\/www.facebook.com\/WilkeTechnology\/","article_modified_time":"2022-11-25T10:04:34+00:00","twitter_card":"summary_large_image","twitter_misc":{"Est. reading time":"1 minute"},"schema":{"@context":"https:\/\/schema.org","@graph":[{"@type":"WebPage","@id":"https:\/\/tigerpico.de\/service_center\/download_center\/programmbsp","url":"https:\/\/tigerpico.de\/service_center\/download_center\/programmbsp","name":"Programmbsp. - TESTING-tigerpico-de","isPartOf":{"@id":"https:\/\/tigerpico.de\/#website"},"datePublished":"2022-06-22T12:40:03+00:00","dateModified":"2022-11-25T10:04:34+00:00","breadcrumb":{"@id":"https:\/\/tigerpico.de\/service_center\/download_center\/programmbsp#breadcrumb"},"inLanguage":"en-US","potentialAction":[{"@type":"ReadAction","target":["https:\/\/tigerpico.de\/service_center\/download_center\/programmbsp"]}]},{"@type":"BreadcrumbList","@id":"https:\/\/tigerpico.de\/service_center\/download_center\/programmbsp#breadcrumb","itemListElement":[{"@type":"ListItem","position":1,"name":"Startseite","item":"https:\/\/tigerpico.de\/"},{"@type":"ListItem","position":2,"name":"Service Center","item":"https:\/\/tigerpico.de\/service_center"},{"@type":"ListItem","position":3,"name":"Download Center","item":"https:\/\/tigerpico.de\/service_center\/download_center"},{"@type":"ListItem","position":4,"name":"Programmbsp."}]},{"@type":"WebSite","@id":"https:\/\/tigerpico.de\/#website","url":"https:\/\/tigerpico.de\/","name":"TESTING-tigerpico-de","description":"Wilke Technology","publisher":{"@id":"https:\/\/tigerpico.de\/#organization"},"potentialAction":[{"@type":"SearchAction","target":{"@type":"EntryPoint","urlTemplate":"https:\/\/tigerpico.de\/?s={search_term_string}"},"query-input":{"@type":"PropertyValueSpecification","valueRequired":true,"valueName":"search_term_string"}}],"inLanguage":"en-US"},{"@type":"Organization","@id":"https:\/\/tigerpico.de\/#organization","name":"TESTING-tigerpico-de","url":"https:\/\/tigerpico.de\/","logo":{"@type":"ImageObject","inLanguage":"en-US","@id":"https:\/\/tigerpico.de\/#\/schema\/logo\/image\/","url":"https:\/\/tigerpico.de\/wp-content\/uploads\/2022\/05\/Wilke_Logo_mittelgrun-4.png","contentUrl":"https:\/\/tigerpico.de\/wp-content\/uploads\/2022\/05\/Wilke_Logo_mittelgrun-4.png","width":1690,"height":1680,"caption":"TESTING-tigerpico-de"},"image":{"@id":"https:\/\/tigerpico.de\/#\/schema\/logo\/image\/"},"sameAs":["https:\/\/www.facebook.com\/WilkeTechnology\/","https:\/\/de.linkedin.com\/company\/wilke-technology-gmbh","https:\/\/www.xing.com\/pages\/wilke-technology-gmbh\/about_us"]}]}},"_links":{"self":[{"href":"https:\/\/tigerpico.de\/en_us\/wp-json\/wp\/v2\/pages\/4957","targetHints":{"allow":["GET"]}}],"collection":[{"href":"https:\/\/tigerpico.de\/en_us\/wp-json\/wp\/v2\/pages"}],"about":[{"href":"https:\/\/tigerpico.de\/en_us\/wp-json\/wp\/v2\/types\/page"}],"author":[{"embeddable":true,"href":"https:\/\/tigerpico.de\/en_us\/wp-json\/wp\/v2\/users\/2"}],"replies":[{"embeddable":true,"href":"https:\/\/tigerpico.de\/en_us\/wp-json\/wp\/v2\/comments?post=4957"}],"version-history":[{"count":85,"href":"https:\/\/tigerpico.de\/en_us\/wp-json\/wp\/v2\/pages\/4957\/revisions"}],"predecessor-version":[{"id":22783,"href":"https:\/\/tigerpico.de\/en_us\/wp-json\/wp\/v2\/pages\/4957\/revisions\/22783"}],"up":[{"embeddable":true,"href":"https:\/\/tigerpico.de\/en_us\/wp-json\/wp\/v2\/pages\/3731"}],"wp:attachment":[{"href":"https:\/\/tigerpico.de\/en_us\/wp-json\/wp\/v2\/media?parent=4957"}],"curies":[{"name":"wp","href":"https:\/\/api.w.org\/{rel}","templated":true}]}}