{"id":4925,"date":"2022-06-22T11:31:17","date_gmt":"2022-06-22T11:31:17","guid":{"rendered":"http:\/\/tigerpico.de\/?page_id=4925"},"modified":"2022-11-25T10:09:15","modified_gmt":"2022-11-25T10:09:15","slug":"schaltplaene","status":"publish","type":"page","link":"https:\/\/tigerpico.de\/en_us\/service_center\/download_center\/schaltplaene","title":{"rendered":"Schematics"},"content":{"rendered":"<div data-elementor-type=\"wp-page\" data-elementor-id=\"4925\" class=\"elementor elementor-4925\" data-elementor-post-type=\"page\">\n\t\t\t\t\t\t<section class=\"elementor-section elementor-top-section elementor-element elementor-element-ce24be8 elementor-section-boxed elementor-section-height-default elementor-section-height-default\" data-id=\"ce24be8\" data-element_type=\"section\" data-e-type=\"section\">\n\t\t\t\t\t\t<div class=\"elementor-container elementor-column-gap-default\">\n\t\t\t\t\t<div class=\"elementor-column elementor-col-100 elementor-top-column elementor-element elementor-element-4f21c11\" data-id=\"4f21c11\" data-element_type=\"column\" data-e-type=\"column\">\n\t\t\t<div class=\"elementor-widget-wrap elementor-element-populated\">\n\t\t\t\t\t\t<div class=\"elementor-element elementor-element-bd6be39 elementor-widget elementor-widget-heading\" data-id=\"bd6be39\" data-element_type=\"widget\" data-e-type=\"widget\" data-widget_type=\"heading.default\">\n\t\t\t\t<div class=\"elementor-widget-container\">\n\t\t\t\t\t<h2 class=\"elementor-heading-title elementor-size-default\">Schematics<\/h2>\t\t\t\t<\/div>\n\t\t\t\t<\/div>\n\t\t\t\t<div class=\"elementor-element elementor-element-1763bd8 elementor-widget elementor-widget-html\" data-id=\"1763bd8\" data-element_type=\"widget\" data-e-type=\"widget\" data-widget_type=\"html.default\">\n\t\t\t\t<div class=\"elementor-widget-container\">\n\t\t\t\t\t<nav class=\"nav-momo\">\n    <ul>\n        <li><a class=\"link-1\" href=\"https:\/\/tigerpico.de\/en_us\/service_center\/download_center\/tiger-tools\/\">Tiger tools <\/a><\/li>\n        <li><a class=\"link-2\" href=\"https:\/\/tigerpico.de\/en_us\/service_center\/download_center\/basic-tiger-geraetetreiber-systemdateien\/\">Drivers <\/a><\/li>\n        <li><a class=\"link-3\" href=\"https:\/\/tigerpico.de\/en_us\/service_center\/download_center\/handbuecher\/\">Manuals <\/a><\/li>\n        <li><a class=\"link-4\" href=\"https:\/\/tigerpico.de\/en_us\/service_center\/download_center\/tipps-tricks\/\">Tips<\/a><\/li>\n        <li><a class=\"link-5\" href=\"https:\/\/tigerpico.de\/en_us\/service_center\/download_center\/datenblaetter\/\">Data Sheets<\/a><\/li>\n        <li><a class=\"link-6\" href=\"https:\/\/tigerpico.de\/en_us\/service_center\/download_center\/schaltplaene\/\">Schematics<\/a><\/li>\n        <li><a class=\"link-7\" href=\"https:\/\/tigerpico.de\/en_us\/service_center\/download_center\/programmbsp\/\">Example Prog. <\/a><\/li>\n        <li><a class=\"link-8\" href=\"https:\/\/tigerpico.de\/en_us\/service_center\/download_center\/tiger-c-2\/\">Tiger C<\/a><\/li>\n    <\/ul>\n<\/nav>\n\t\t\t\t<\/div>\n\t\t\t\t<\/div>\n\t\t\t\t\t<\/div>\n\t\t<\/div>\n\t\t\t\t\t<\/div>\n\t\t<\/section>\n\t\t\t\t<section class=\"elementor-section elementor-top-section elementor-element elementor-element-fe8e993 elementor-section-boxed elementor-section-height-default elementor-section-height-default\" data-id=\"fe8e993\" data-element_type=\"section\" data-e-type=\"section\">\n\t\t\t\t\t\t<div class=\"elementor-container elementor-column-gap-default\">\n\t\t\t\t\t<div class=\"elementor-column elementor-col-100 elementor-top-column elementor-element elementor-element-d94c55b\" data-id=\"d94c55b\" data-element_type=\"column\" data-e-type=\"column\">\n\t\t\t<div class=\"elementor-widget-wrap elementor-element-populated\">\n\t\t\t\t\t\t<section class=\"elementor-section elementor-inner-section elementor-element elementor-element-bffdbf3 elementor-section-boxed elementor-section-height-default elementor-section-height-default\" data-id=\"bffdbf3\" data-element_type=\"section\" data-e-type=\"section\">\n\t\t\t\t\t\t<div class=\"elementor-container elementor-column-gap-default\">\n\t\t\t\t\t<div class=\"elementor-column elementor-col-50 elementor-inner-column elementor-element elementor-element-c333d34\" data-id=\"c333d34\" data-element_type=\"column\" data-e-type=\"column\">\n\t\t\t<div class=\"elementor-widget-wrap elementor-element-populated\">\n\t\t\t\t\t\t<div class=\"elementor-element elementor-element-f0c4b55 elementor-widget elementor-widget-html\" data-id=\"f0c4b55\" data-element_type=\"widget\" data-e-type=\"widget\" data-widget_type=\"html.default\">\n\t\t\t\t<div class=\"elementor-widget-container\">\n\t\t\t\t\t<link rel=\"stylesheet\" href=\"style.css\"\/>\n\n<table class=\"service_center\">\n    <thead>\n        <tr>\n            <td colspan=\"2\">Schematics<\/td>\n        <\/tr>\n    <\/thead>\n    <tbody>\n        <tr class=\"active\">\n        <tr>\n            <td><a href=\"https:\/\/tigerpico.de\/wp-content\/uploads\/Download_Center\/Schaltplaene\/Schaltplaene_1\/Schematic_Graphic_Toolkit_V15.pdf\">Basic-Tiger Graphic Toolkit Board<\/a><\/td>\n            <td>v1.5<\/td>\n        <\/tr>\n        <tr>\n            <td><a href=\"https:\/\/tigerpico.de\/wp-content\/uploads\/Download_Center\/Schaltplaene\/Schaltplaene_1\/Schematic_Basic-Tiger_Prototyping_Board_V11.pdf\">Basic-Tiger Prototyping Board<\/a><\/td>\n            <td>v1.1<\/td>\n        <\/tr>\n                <tr>\n            <td><a href=\"https:\/\/tigerpico.de\/wp-content\/uploads\/Download_Center\/Schaltplaene\/Schaltplaene_1\/Schematic_Datalogger7000_V11.pdf\">Data Logger DL7000<\/a><\/td>\n            <td>v1.1<\/td>\n        <\/tr>\n        <tr>\n            <td><a href=\"https:\/\/tigerpico.de\/wp-content\/uploads\/Download_Center\/Schaltplaene\/Schaltplaene_1\/Display_voltage_converter.pdf\">Display Voltage Converter Schematic<\/a><\/td>\n            <td>v1.0<\/td>\n        <\/tr>\n                <tr>\n            <td><a href=\"https:\/\/tigerpico.de\/wp-content\/uploads\/Download_Center\/Schaltplaene\/Schaltplaene_1\/Schematic_Icom-200_V12.pdf\">iCOM-200<\/a><\/td>\n            <td>v1.2<\/td>\n        <\/tr>\n        <tr>\n            <td><a href=\"https:\/\/tigerpico.de\/wp-content\/uploads\/Download_Center\/Schaltplaene\/Schaltplaene_1\/Schematic_Icom-241_V11.pdf\">iCOM-241<\/a><\/td>\n            <td>v1.1<\/td>\n        <\/tr>\n                <tr>\n            <td><a href=\"https:\/\/tigerpico.de\/wp-content\/uploads\/Download_Center\/Schaltplaene\/Schaltplaene_1\/Schematic_SBC3010_V1_6.pdf\">Single Board Computer SBC3010<\/a><\/td>\n            <td>v1.6<\/td>\n        <\/tr>\n        <tr>\n            <td><a href=\"https:\/\/tigerpico.de\/wp-content\/uploads\/Download_Center\/Schaltplaene\/Schaltplaene_1\/Schematic_SBC3060_V1_1.pdf\">Single Board Computer SBC3060<\/a><\/td>\n            <td>v1.1<\/td>\n        <\/tr>\n                <tr>\n            <td><a href=\"https:\/\/tigerpico.de\/wp-content\/uploads\/Download_Center\/Schaltplaene\/Schaltplaene_1\/Schematic_SBC4010_V1_1_B1_4_BAT.pdf\">Single Board Computer SBC4010 with battery<\/a><\/td>\n            <td>v1.1<\/td>\n        <\/tr>\n        <tr>\n            <td><a href=\"https:\/\/tigerpico.de\/wp-content\/uploads\/Download_Center\/Schaltplaene\/Schaltplaene_1\/Schematic_SBC4010_V1_1_B2_4.pdf\">Single Board Computer SBC4010 without battery<\/a><\/td>\n            <td>v1.1<\/td>\n        <\/tr>\n                <tr>\n            <td><a href=\"https:\/\/tigerpico.de\/wp-content\/uploads\/Download_Center\/Schaltplaene\/Schaltplaene_1\/Schematic_SBC_4020_V21.pdf\">Single Board Computer SBC4020<\/a><\/td>\n            <td>v2.1<\/td>\n        <\/tr>\n \n    <\/tbody>\n<\/table>\n\t\t\t\t<\/div>\n\t\t\t\t<\/div>\n\t\t\t\t\t<\/div>\n\t\t<\/div>\n\t\t\t\t<div class=\"elementor-column elementor-col-50 elementor-inner-column elementor-element elementor-element-a722c9b\" data-id=\"a722c9b\" data-element_type=\"column\" data-e-type=\"column\">\n\t\t\t<div class=\"elementor-widget-wrap elementor-element-populated\">\n\t\t\t\t\t\t<div class=\"elementor-element elementor-element-9e23cef elementor-widget elementor-widget-html\" data-id=\"9e23cef\" data-element_type=\"widget\" data-e-type=\"widget\" data-widget_type=\"html.default\">\n\t\t\t\t<div class=\"elementor-widget-container\">\n\t\t\t\t\t<link rel=\"stylesheet\" href=\"style.css\"\/>\n\n<table class=\"service_center\">\n    <thead>\n        <tr>\n            <td colspan=\"2\">Schematics <\/td>\n        <\/tr>\n    <\/thead>\n    <tbody>\n        <tr class=\"active\">\n        <tr>\n            <td><a href=\"https:\/\/tigerpico.de\/wp-content\/uploads\/Download_Center\/Schaltplaene\/Schaltplaene_2\/Schematic_SMC_Adapter_V2_1d.pdf\">SmartMedia Interface<\/a><\/td>\n            <td>v2.1<\/td>\n        <\/tr>\n        <tr>\n            <td><a href=\"https:\/\/tigerpico.de\/wp-content\/uploads\/Download_Center\/Schaltplaene\/Schaltplaene_2\/Schematic_Tiger_CanBus_Adapter.pdf\">Tiger CAN-Bus Adapter<\/a><\/td>\n            <td>v1.0<\/td>\n        <\/tr>\n                <tr>\n            <td><a href=\"https:\/\/tigerpico.de\/wp-content\/uploads\/Download_Center\/Schaltplaene\/Schaltplaene_2\/Schematic_Tiger_CanBus_Protoboard.pdf\">Tiger CAN-Bus Prototyping Board<\/a><\/td>\n            <td>v1.0<\/td>\n        <\/tr>\n        <tr>\n            <td><a href=\"https:\/\/tigerpico.de\/wp-content\/uploads\/Download_Center\/Schaltplaene\/Schaltplaene_2\/Schematic_Tiger_CanBus_SlioBoard.pdf\">Tiger CAN-Bus SLIO Board<\/a><\/td>\n            <td>v1.0<\/td>\n        <\/tr>\n                <tr>\n            <td><a href=\"https:\/\/tigerpico.de\/wp-content\/uploads\/Download_Center\/Schaltplaene\/Schaltplaene_2\/Schematic_Tiger_Plug_Play_Lab_V13.pdf\">Tiger Plug & Play Lab<\/a><\/td>\n            <td>v1.3<\/td>\n        <\/tr>\n        <tr>\n            <td><a href=\"https:\/\/tigerpico.de\/wp-content\/uploads\/Download_Center\/Schaltplaene\/Schaltplaene_2\/Schematic_TINY-Tiger_2_Proto_V1_1_B2_0_v002.pdf\">Tiny-Tiger 2 Prototyping Board<\/a><\/td>\n            <td>v1.1<\/td>\n        <\/tr>\n                <tr>\n            <td><a href=\"https:\/\/tigerpico.de\/wp-content\/uploads\/Download_Center\/Schaltplaene\/Schaltplaene_2\/Schematic_Tiny-Tiger_Discovery_Board_V15.pdf\">Tiny-Tiger Discovery Board<\/a><\/td>\n            <td>v1.5<\/td>\n        <\/tr>\n        <tr>\n            <td><a href=\"https:\/\/tigerpico.de\/wp-content\/uploads\/Download_Center\/Schaltplaene\/Schaltplaene_2\/Schematic_Tiny-Tiger_Prototyping_Board_V12.pdf\">Tiny-Tiger Prototyping Board<\/a><\/td>\n            <td>v1.2<\/td>\n        <\/tr>\n                <tr>\n            <td><a href=\"https:\/\/tigerpico.de\/wp-content\/uploads\/Download_Center\/Schaltplaene\/Schaltplaene_2\/Schematic_TP1000_V1_3.zip\">TP1000 Full & Basic Version<\/a><\/td>\n            <td>v1.3<\/td>\n        <\/tr>\n        <tr>\n            <td><a href=\"https:\/\/tigerpico.de\/wp-content\/uploads\/Download_Center\/Schaltplaene\/Schaltplaene_2\/Schematics_TP3000_V1.2_BV1.0.PDF\">TP3000<\/a><\/td>\n            <td>v1.2<\/td>\n        <\/tr>\n    <\/tbody>\n<\/table>\n\t\t\t\t<\/div>\n\t\t\t\t<\/div>\n\t\t\t\t\t<\/div>\n\t\t<\/div>\n\t\t\t\t\t<\/div>\n\t\t<\/section>\n\t\t\t\t\t<\/div>\n\t\t<\/div>\n\t\t\t\t\t<\/div>\n\t\t<\/section>\n\t\t\t\t<\/div>","protected":false},"excerpt":{"rendered":"<p>Schaltpl\u00e4ne Tiger Tools Treiber handb\u00fccher tipps &#038; Tricks Datenbl\u00e4tter schaltpl\u00e4ne programmbsp. Tiger C Schaltpl\u00e4ne Basic-Tiger Graphic Toolkit Board v1.5 Basic-Tiger Prototyping Board v1.1 Datalogger DL7000 v1.1 Display Voltage Converter Schematic v1.0 iCOM-200 v1.2 iCOM-241 v1.1 Single Board Computer SBC3010 v1.6 Single Board Computer SBC3060 v1.1 Single Board Computer SBC4010 mit Batterie v1.1 Single Board Computer [&hellip;]<\/p>\n","protected":false},"author":2,"featured_media":0,"parent":3731,"menu_order":3,"comment_status":"closed","ping_status":"closed","template":"","meta":{"ocean_post_layout":"full-screen","ocean_both_sidebars_style":"","ocean_both_sidebars_content_width":0,"ocean_both_sidebars_sidebars_width":0,"ocean_sidebar":"0","ocean_second_sidebar":"0","ocean_disable_margins":"enable","ocean_add_body_class":"","ocean_shortcode_before_top_bar":"","ocean_shortcode_after_top_bar":"","ocean_shortcode_before_header":"","ocean_shortcode_after_header":"","ocean_has_shortcode":"","ocean_shortcode_after_title":"","ocean_shortcode_before_footer_widgets":"","ocean_shortcode_after_footer_widgets":"","ocean_shortcode_before_footer_bottom":"","ocean_shortcode_after_footer_bottom":"","ocean_display_top_bar":"off","ocean_display_header":"on","ocean_header_style":"","ocean_center_header_left_menu":"0","ocean_custom_header_template":"0","ocean_custom_logo":0,"ocean_custom_retina_logo":0,"ocean_custom_logo_max_width":0,"ocean_custom_logo_tablet_max_width":0,"ocean_custom_logo_mobile_max_width":0,"ocean_custom_logo_max_height":0,"ocean_custom_logo_tablet_max_height":0,"ocean_custom_logo_mobile_max_height":0,"ocean_header_custom_menu":"0","ocean_menu_typo_font_family":"0","ocean_menu_typo_font_subset":"","ocean_menu_typo_font_size":0,"ocean_menu_typo_font_size_tablet":0,"ocean_menu_typo_font_size_mobile":0,"ocean_menu_typo_font_size_unit":"px","ocean_menu_typo_font_weight":"","ocean_menu_typo_font_weight_tablet":"","ocean_menu_typo_font_weight_mobile":"","ocean_menu_typo_transform":"","ocean_menu_typo_transform_tablet":"","ocean_menu_typo_transform_mobile":"","ocean_menu_typo_line_height":0,"ocean_menu_typo_line_height_tablet":0,"ocean_menu_typo_line_height_mobile":0,"ocean_menu_typo_line_height_unit":"","ocean_menu_typo_spacing":0,"ocean_menu_typo_spacing_tablet":0,"ocean_menu_typo_spacing_mobile":0,"ocean_menu_typo_spacing_unit":"","ocean_menu_link_color":"","ocean_menu_link_color_hover":"","ocean_menu_link_color_active":"","ocean_menu_link_background":"","ocean_menu_link_hover_background":"","ocean_menu_link_active_background":"","ocean_menu_social_links_bg":"","ocean_menu_social_hover_links_bg":"","ocean_menu_social_links_color":"","ocean_menu_social_hover_links_color":"","ocean_disable_title":"on","ocean_disable_heading":"on","ocean_post_title":"","ocean_post_subheading":"","ocean_post_title_style":"","ocean_post_title_background_color":"","ocean_post_title_background":0,"ocean_post_title_bg_image_position":"","ocean_post_title_bg_image_attachment":"","ocean_post_title_bg_image_repeat":"","ocean_post_title_bg_image_size":"","ocean_post_title_height":0,"ocean_post_title_bg_overlay":0.5,"ocean_post_title_bg_overlay_color":"","ocean_disable_breadcrumbs":"default","ocean_breadcrumbs_color":"","ocean_breadcrumbs_separator_color":"","ocean_breadcrumbs_links_color":"","ocean_breadcrumbs_links_hover_color":"","ocean_display_footer_widgets":"default","ocean_display_footer_bottom":"default","ocean_custom_footer_template":"0","footnotes":""},"class_list":["post-4925","page","type-page","status-publish","hentry","entry"],"yoast_head":"<!-- This site is optimized with the Yoast SEO plugin v27.4 - https:\/\/yoast.com\/product\/yoast-seo-wordpress\/ -->\n<title>Schaltpl\u00e4ne - TESTING-tigerpico-de<\/title>\n<meta name=\"robots\" content=\"index, follow, max-snippet:-1, max-image-preview:large, max-video-preview:-1\" \/>\n<link rel=\"canonical\" href=\"https:\/\/tigerpico.de\/en_us\/service_center\/download_center\/schaltplaene\/\" \/>\n<meta property=\"og:locale\" content=\"en_US\" \/>\n<meta property=\"og:type\" content=\"article\" \/>\n<meta property=\"og:title\" content=\"Schaltpl\u00e4ne - TESTING-tigerpico-de\" \/>\n<meta property=\"og:description\" content=\"Schaltpl\u00e4ne Tiger Tools Treiber handb\u00fccher tipps &#038; Tricks Datenbl\u00e4tter schaltpl\u00e4ne programmbsp. Tiger C Schaltpl\u00e4ne Basic-Tiger Graphic Toolkit Board v1.5 Basic-Tiger Prototyping Board v1.1 Datalogger DL7000 v1.1 Display Voltage Converter Schematic v1.0 iCOM-200 v1.2 iCOM-241 v1.1 Single Board Computer SBC3010 v1.6 Single Board Computer SBC3060 v1.1 Single Board Computer SBC4010 mit Batterie v1.1 Single Board Computer [&hellip;]\" \/>\n<meta property=\"og:url\" content=\"https:\/\/tigerpico.de\/en_us\/service_center\/download_center\/schaltplaene\/\" \/>\n<meta property=\"og:site_name\" content=\"TESTING-tigerpico-de\" \/>\n<meta property=\"article:publisher\" content=\"https:\/\/www.facebook.com\/WilkeTechnology\/\" \/>\n<meta property=\"article:modified_time\" content=\"2022-11-25T10:09:15+00:00\" \/>\n<meta name=\"twitter:card\" content=\"summary_large_image\" \/>\n<meta name=\"twitter:label1\" content=\"Est. reading time\" \/>\n\t<meta name=\"twitter:data1\" content=\"1 minute\" \/>\n<script type=\"application\/ld+json\" class=\"yoast-schema-graph\">{\"@context\":\"https:\\\/\\\/schema.org\",\"@graph\":[{\"@type\":\"WebPage\",\"@id\":\"https:\\\/\\\/tigerpico.de\\\/service_center\\\/download_center\\\/schaltplaene\",\"url\":\"https:\\\/\\\/tigerpico.de\\\/service_center\\\/download_center\\\/schaltplaene\",\"name\":\"Schaltpl\u00e4ne - TESTING-tigerpico-de\",\"isPartOf\":{\"@id\":\"https:\\\/\\\/tigerpico.de\\\/#website\"},\"datePublished\":\"2022-06-22T11:31:17+00:00\",\"dateModified\":\"2022-11-25T10:09:15+00:00\",\"breadcrumb\":{\"@id\":\"https:\\\/\\\/tigerpico.de\\\/service_center\\\/download_center\\\/schaltplaene#breadcrumb\"},\"inLanguage\":\"en-US\",\"potentialAction\":[{\"@type\":\"ReadAction\",\"target\":[\"https:\\\/\\\/tigerpico.de\\\/service_center\\\/download_center\\\/schaltplaene\"]}]},{\"@type\":\"BreadcrumbList\",\"@id\":\"https:\\\/\\\/tigerpico.de\\\/service_center\\\/download_center\\\/schaltplaene#breadcrumb\",\"itemListElement\":[{\"@type\":\"ListItem\",\"position\":1,\"name\":\"Startseite\",\"item\":\"https:\\\/\\\/tigerpico.de\\\/\"},{\"@type\":\"ListItem\",\"position\":2,\"name\":\"Service Center\",\"item\":\"https:\\\/\\\/tigerpico.de\\\/service_center\"},{\"@type\":\"ListItem\",\"position\":3,\"name\":\"Download Center\",\"item\":\"https:\\\/\\\/tigerpico.de\\\/service_center\\\/download_center\"},{\"@type\":\"ListItem\",\"position\":4,\"name\":\"Schaltpl\u00e4ne\"}]},{\"@type\":\"WebSite\",\"@id\":\"https:\\\/\\\/tigerpico.de\\\/#website\",\"url\":\"https:\\\/\\\/tigerpico.de\\\/\",\"name\":\"TESTING-tigerpico-de\",\"description\":\"Wilke Technology\",\"publisher\":{\"@id\":\"https:\\\/\\\/tigerpico.de\\\/#organization\"},\"potentialAction\":[{\"@type\":\"SearchAction\",\"target\":{\"@type\":\"EntryPoint\",\"urlTemplate\":\"https:\\\/\\\/tigerpico.de\\\/?s={search_term_string}\"},\"query-input\":{\"@type\":\"PropertyValueSpecification\",\"valueRequired\":true,\"valueName\":\"search_term_string\"}}],\"inLanguage\":\"en-US\"},{\"@type\":\"Organization\",\"@id\":\"https:\\\/\\\/tigerpico.de\\\/#organization\",\"name\":\"TESTING-tigerpico-de\",\"url\":\"https:\\\/\\\/tigerpico.de\\\/\",\"logo\":{\"@type\":\"ImageObject\",\"inLanguage\":\"en-US\",\"@id\":\"https:\\\/\\\/tigerpico.de\\\/#\\\/schema\\\/logo\\\/image\\\/\",\"url\":\"https:\\\/\\\/tigerpico.de\\\/wp-content\\\/uploads\\\/2022\\\/05\\\/Wilke_Logo_mittelgrun-4.png\",\"contentUrl\":\"https:\\\/\\\/tigerpico.de\\\/wp-content\\\/uploads\\\/2022\\\/05\\\/Wilke_Logo_mittelgrun-4.png\",\"width\":1690,\"height\":1680,\"caption\":\"TESTING-tigerpico-de\"},\"image\":{\"@id\":\"https:\\\/\\\/tigerpico.de\\\/#\\\/schema\\\/logo\\\/image\\\/\"},\"sameAs\":[\"https:\\\/\\\/www.facebook.com\\\/WilkeTechnology\\\/\",\"https:\\\/\\\/de.linkedin.com\\\/company\\\/wilke-technology-gmbh\",\"https:\\\/\\\/www.xing.com\\\/pages\\\/wilke-technology-gmbh\\\/about_us\"]}]}<\/script>\n<!-- \/ Yoast SEO plugin. -->","yoast_head_json":{"title":"Schaltpl\u00e4ne - TESTING-tigerpico-de","robots":{"index":"index","follow":"follow","max-snippet":"max-snippet:-1","max-image-preview":"max-image-preview:large","max-video-preview":"max-video-preview:-1"},"canonical":"https:\/\/tigerpico.de\/en_us\/service_center\/download_center\/schaltplaene\/","og_locale":"en_US","og_type":"article","og_title":"Schaltpl\u00e4ne - TESTING-tigerpico-de","og_description":"Schaltpl\u00e4ne Tiger Tools Treiber handb\u00fccher tipps &#038; Tricks Datenbl\u00e4tter schaltpl\u00e4ne programmbsp. Tiger C Schaltpl\u00e4ne Basic-Tiger Graphic Toolkit Board v1.5 Basic-Tiger Prototyping Board v1.1 Datalogger DL7000 v1.1 Display Voltage Converter Schematic v1.0 iCOM-200 v1.2 iCOM-241 v1.1 Single Board Computer SBC3010 v1.6 Single Board Computer SBC3060 v1.1 Single Board Computer SBC4010 mit Batterie v1.1 Single Board Computer [&hellip;]","og_url":"https:\/\/tigerpico.de\/en_us\/service_center\/download_center\/schaltplaene\/","og_site_name":"TESTING-tigerpico-de","article_publisher":"https:\/\/www.facebook.com\/WilkeTechnology\/","article_modified_time":"2022-11-25T10:09:15+00:00","twitter_card":"summary_large_image","twitter_misc":{"Est. reading time":"1 minute"},"schema":{"@context":"https:\/\/schema.org","@graph":[{"@type":"WebPage","@id":"https:\/\/tigerpico.de\/service_center\/download_center\/schaltplaene","url":"https:\/\/tigerpico.de\/service_center\/download_center\/schaltplaene","name":"Schaltpl\u00e4ne - TESTING-tigerpico-de","isPartOf":{"@id":"https:\/\/tigerpico.de\/#website"},"datePublished":"2022-06-22T11:31:17+00:00","dateModified":"2022-11-25T10:09:15+00:00","breadcrumb":{"@id":"https:\/\/tigerpico.de\/service_center\/download_center\/schaltplaene#breadcrumb"},"inLanguage":"en-US","potentialAction":[{"@type":"ReadAction","target":["https:\/\/tigerpico.de\/service_center\/download_center\/schaltplaene"]}]},{"@type":"BreadcrumbList","@id":"https:\/\/tigerpico.de\/service_center\/download_center\/schaltplaene#breadcrumb","itemListElement":[{"@type":"ListItem","position":1,"name":"Startseite","item":"https:\/\/tigerpico.de\/"},{"@type":"ListItem","position":2,"name":"Service Center","item":"https:\/\/tigerpico.de\/service_center"},{"@type":"ListItem","position":3,"name":"Download Center","item":"https:\/\/tigerpico.de\/service_center\/download_center"},{"@type":"ListItem","position":4,"name":"Schaltpl\u00e4ne"}]},{"@type":"WebSite","@id":"https:\/\/tigerpico.de\/#website","url":"https:\/\/tigerpico.de\/","name":"TESTING-tigerpico-de","description":"Wilke Technology","publisher":{"@id":"https:\/\/tigerpico.de\/#organization"},"potentialAction":[{"@type":"SearchAction","target":{"@type":"EntryPoint","urlTemplate":"https:\/\/tigerpico.de\/?s={search_term_string}"},"query-input":{"@type":"PropertyValueSpecification","valueRequired":true,"valueName":"search_term_string"}}],"inLanguage":"en-US"},{"@type":"Organization","@id":"https:\/\/tigerpico.de\/#organization","name":"TESTING-tigerpico-de","url":"https:\/\/tigerpico.de\/","logo":{"@type":"ImageObject","inLanguage":"en-US","@id":"https:\/\/tigerpico.de\/#\/schema\/logo\/image\/","url":"https:\/\/tigerpico.de\/wp-content\/uploads\/2022\/05\/Wilke_Logo_mittelgrun-4.png","contentUrl":"https:\/\/tigerpico.de\/wp-content\/uploads\/2022\/05\/Wilke_Logo_mittelgrun-4.png","width":1690,"height":1680,"caption":"TESTING-tigerpico-de"},"image":{"@id":"https:\/\/tigerpico.de\/#\/schema\/logo\/image\/"},"sameAs":["https:\/\/www.facebook.com\/WilkeTechnology\/","https:\/\/de.linkedin.com\/company\/wilke-technology-gmbh","https:\/\/www.xing.com\/pages\/wilke-technology-gmbh\/about_us"]}]}},"_links":{"self":[{"href":"https:\/\/tigerpico.de\/en_us\/wp-json\/wp\/v2\/pages\/4925","targetHints":{"allow":["GET"]}}],"collection":[{"href":"https:\/\/tigerpico.de\/en_us\/wp-json\/wp\/v2\/pages"}],"about":[{"href":"https:\/\/tigerpico.de\/en_us\/wp-json\/wp\/v2\/types\/page"}],"author":[{"embeddable":true,"href":"https:\/\/tigerpico.de\/en_us\/wp-json\/wp\/v2\/users\/2"}],"replies":[{"embeddable":true,"href":"https:\/\/tigerpico.de\/en_us\/wp-json\/wp\/v2\/comments?post=4925"}],"version-history":[{"count":91,"href":"https:\/\/tigerpico.de\/en_us\/wp-json\/wp\/v2\/pages\/4925\/revisions"}],"predecessor-version":[{"id":22786,"href":"https:\/\/tigerpico.de\/en_us\/wp-json\/wp\/v2\/pages\/4925\/revisions\/22786"}],"up":[{"embeddable":true,"href":"https:\/\/tigerpico.de\/en_us\/wp-json\/wp\/v2\/pages\/3731"}],"wp:attachment":[{"href":"https:\/\/tigerpico.de\/en_us\/wp-json\/wp\/v2\/media?parent=4925"}],"curies":[{"name":"wp","href":"https:\/\/api.w.org\/{rel}","templated":true}]}}