{"id":3811,"date":"2022-06-14T14:37:40","date_gmt":"2022-06-14T14:37:40","guid":{"rendered":"http:\/\/tigerpico.de\/?page_id=3811"},"modified":"2022-11-25T09:38:28","modified_gmt":"2022-11-25T09:38:28","slug":"tiger-tools","status":"publish","type":"page","link":"https:\/\/tigerpico.de\/en_us\/service_center\/download_center\/tiger-tools","title":{"rendered":"Tiger tools"},"content":{"rendered":"<div data-elementor-type=\"wp-page\" data-elementor-id=\"3811\" class=\"elementor elementor-3811\" data-elementor-post-type=\"page\">\n\t\t\t\t\t\t<section class=\"elementor-section elementor-top-section elementor-element elementor-element-058a40c elementor-section-boxed elementor-section-height-default elementor-section-height-default\" data-id=\"058a40c\" data-element_type=\"section\" data-e-type=\"section\">\n\t\t\t\t\t\t<div class=\"elementor-container elementor-column-gap-default\">\n\t\t\t\t\t<div class=\"elementor-column elementor-col-100 elementor-top-column elementor-element elementor-element-7beb2b4\" data-id=\"7beb2b4\" data-element_type=\"column\" data-e-type=\"column\">\n\t\t\t<div class=\"elementor-widget-wrap elementor-element-populated\">\n\t\t\t\t\t\t<div class=\"elementor-element elementor-element-a13597e elementor-widget elementor-widget-heading\" data-id=\"a13597e\" data-element_type=\"widget\" data-e-type=\"widget\" data-widget_type=\"heading.default\">\n\t\t\t\t<div class=\"elementor-widget-container\">\n\t\t\t\t\t<h2 class=\"elementor-heading-title elementor-size-default\">Tiger tools<\/h2>\t\t\t\t<\/div>\n\t\t\t\t<\/div>\n\t\t\t\t\t<\/div>\n\t\t<\/div>\n\t\t\t\t\t<\/div>\n\t\t<\/section>\n\t\t\t\t<section class=\"elementor-section elementor-top-section elementor-element elementor-element-6ef2e2d elementor-section-boxed elementor-section-height-default elementor-section-height-default\" data-id=\"6ef2e2d\" data-element_type=\"section\" data-e-type=\"section\">\n\t\t\t\t\t\t<div class=\"elementor-container elementor-column-gap-default\">\n\t\t\t\t\t<div class=\"elementor-column elementor-col-100 elementor-top-column elementor-element elementor-element-3a1f8a2\" data-id=\"3a1f8a2\" data-element_type=\"column\" data-e-type=\"column\">\n\t\t\t<div class=\"elementor-widget-wrap elementor-element-populated\">\n\t\t\t\t\t\t<div class=\"elementor-element elementor-element-e49f584 elementor-widget elementor-widget-html\" data-id=\"e49f584\" data-element_type=\"widget\" data-e-type=\"widget\" data-widget_type=\"html.default\">\n\t\t\t\t<div class=\"elementor-widget-container\">\n\t\t\t\t\t<nav class=\"nav-momo\">\n    <ul>\n        <li><a class=\"link-1\" href=\"https:\/\/tigerpico.de\/en_us\/service_center\/download_center\/tiger-tools\/\">Tiger tools <\/a><\/li>\n        <li><a class=\"link-2\" href=\"https:\/\/tigerpico.de\/en_us\/service_center\/download_center\/basic-tiger-geraetetreiber-systemdateien\/\">Drivers <\/a><\/li>\n        <li><a class=\"link-3\" href=\"https:\/\/tigerpico.de\/en_us\/service_center\/download_center\/handbuecher\/\">Manuals <\/a><\/li>\n        <li><a class=\"link-4\" href=\"https:\/\/tigerpico.de\/en_us\/service_center\/download_center\/tipps-tricks\/\">Tips<\/a><\/li>\n        <li><a class=\"link-5\" href=\"https:\/\/tigerpico.de\/en_us\/service_center\/download_center\/datenblaetter\/\">Data Sheets<\/a><\/li>\n        <li><a class=\"link-6\" href=\"https:\/\/tigerpico.de\/en_us\/service_center\/download_center\/schaltplaene\/\">Schematics<\/a><\/li>\n        <li><a class=\"link-7\" href=\"https:\/\/tigerpico.de\/en_us\/service_center\/download_center\/programmbsp\/\">Example Prog. <\/a><\/li>\n        <li><a class=\"link-8\" href=\"https:\/\/tigerpico.de\/en_us\/service_center\/download_center\/tiger-c-2\/\">Tiger C<\/a><\/li>\n    <\/ul>\n<\/nav>\n\t\t\t\t<\/div>\n\t\t\t\t<\/div>\n\t\t\t\t\t<\/div>\n\t\t<\/div>\n\t\t\t\t\t<\/div>\n\t\t<\/section>\n\t\t\t\t<section class=\"elementor-section elementor-top-section elementor-element elementor-element-72891ac elementor-section-boxed elementor-section-height-default elementor-section-height-default\" data-id=\"72891ac\" data-element_type=\"section\" data-e-type=\"section\">\n\t\t\t\t\t\t<div class=\"elementor-container elementor-column-gap-default\">\n\t\t\t\t\t<div class=\"elementor-column elementor-col-50 elementor-top-column elementor-element elementor-element-98c456f\" data-id=\"98c456f\" data-element_type=\"column\" data-e-type=\"column\">\n\t\t\t<div class=\"elementor-widget-wrap elementor-element-populated\">\n\t\t\t\t\t\t<div class=\"elementor-element elementor-element-725e0d7 elementor-widget elementor-widget-global elementor-global-17274 elementor-widget-html\" data-id=\"725e0d7\" data-element_type=\"widget\" data-e-type=\"widget\" data-widget_type=\"html.default\">\n\t\t\t\t<div class=\"elementor-widget-container\">\n\t\t\t\t\t<link rel=\"stylesheet\" href=\"style.css\"\/>\n\n<table class=\"service_center\">\n    <thead>\n        <tr>\n            <td colspan=\"2\">Tiger tools<\/td>\n        <\/tr>\n    <\/thead>\n    <tbody>\n        <tr class=\"active\">\n        <tr>\n            <td><a href=\"https:\/\/tigerpico.de\/wp-content\/uploads\/Download_Center\/Tiger_Tools\/Setup_TigerBasic_v5.5.16V37.exe\">Tiger-BASIC 5.5.16 Lite \/ Full Version* with Tiger plus Support<\/a><\/td>\n            <td>(210 mb)\n<\/td>\n        <\/tr>\n        <tr>\n            <td><a href=\"https:\/\/tigerpico.de\/wp-content\/uploads\/Download_Center\/Tiger_Tools\/Setup_TigerDownloader_v3.2.1V1.exe\">Tiger Downloader v3.2.1 with Tiger plus Support<\/a><\/td>\n            <td>(67 mb)<\/td>\n        <\/tr>\n    <\/tbody>\n<\/table>\n\t\t\t\t<\/div>\n\t\t\t\t<\/div>\n\t\t\t\t\t<\/div>\n\t\t<\/div>\n\t\t\t\t<div class=\"elementor-column elementor-col-50 elementor-top-column elementor-element elementor-element-a35df55\" data-id=\"a35df55\" data-element_type=\"column\" data-e-type=\"column\">\n\t\t\t<div class=\"elementor-widget-wrap elementor-element-populated\">\n\t\t\t\t\t\t<div class=\"elementor-element elementor-element-8c0189c elementor-widget elementor-widget-text-editor\" data-id=\"8c0189c\" data-element_type=\"widget\" data-e-type=\"widget\" data-widget_type=\"text-editor.default\">\n\t\t\t\t<div class=\"elementor-widget-container\">\n\t\t\t\t\t\t\t\t\t<h2><span style=\"color: #000000;\">Tiger-Basic<\/span><\/h2><p><span style=\"color: #000000;\">The download of Tiger-BASIC contains an executable installation program that installs the complete Version of the Tiger-BASIC IDE on your computer, including all drivers, example programs, libraries, documentation etc.<\/span><\/p><p><span style=\"color: #000000;\"><strong>Note:<\/strong><\/span><br \/><span style=\"color: #000000;\">Without entering a valid license code the Tiger-BASIC installation runs as Lite Version and is limited to compiling a maximum of 5,000 code lines. By entering a valid license code during installation or later this limit can be removed and the Tiger-BASIC installation converted to the full version.<\/span><\/p><p><span style=\"color: #000000;\">The Lite Version of the Tiger-BASIC IDE is sufficient for most projects. Should you nevertheless reach the limit of 5,000 code lines (e.g. when using the Tiger Graphic Library), you can at any time purchase the full version (license). Serial numbers purchased with older versions remain valid and can be used for most recent version of the Tiger-BASIC IDE.<\/span><\/p><h2><span style=\"color: #000000;\">Tiger Downloader<\/span><\/h2><p><span style=\"color: #000000;\">The Tiger Downloader v3 consists of an executable installation program that only installs the Tiger Downloader on your computer. This is a newly developed, improved and modern version of the Tiger Downloader. This allows compiled Tiger BASIC programs to be transferred to a Tiger module without the need for the complete IDE or source code. Here you will find the manual for the Tiger Downloader.\u00a0<a style=\"color: #000000;\" href=\"https:\/\/wilke.de\/uploads\/media\/Manual_TigerBasic_Downloader_v3.pdf\" target=\"_blank\" rel=\"noopener\">Here<\/a>\u00a0finden sie das Handbuch f\u00fcr den Tiger Downloader.<\/span><\/p>\t\t\t\t\t\t\t\t<\/div>\n\t\t\t\t<\/div>\n\t\t\t\t\t<\/div>\n\t\t<\/div>\n\t\t\t\t\t<\/div>\n\t\t<\/section>\n\t\t\t\t<\/div>","protected":false},"excerpt":{"rendered":"<p>Tiger Tools Tiger Tools Treiber handb\u00fccher tipps &#038; Tricks Datenbl\u00e4tter schaltpl\u00e4ne programmbsp. Tiger C Tiger Tools Tiger-BASIC 5.5.16 Lite \/ Vollversion mit Tiger plus Support (210 mb) Tiger Downloader v3.2.1 mit Tiger plus Support (67 mb) Tiger-Basic Der Download von Tiger-BASIC besteht aus einem ausf\u00fchrbaren Installationsprogramm, das die komplette Version der Tiger-BASIC Entwicklungsumgebung auf Ihrem [&hellip;]<\/p>\n","protected":false},"author":2,"featured_media":0,"parent":3731,"menu_order":3,"comment_status":"closed","ping_status":"closed","template":"","meta":{"ocean_post_layout":"full-screen","ocean_both_sidebars_style":"","ocean_both_sidebars_content_width":0,"ocean_both_sidebars_sidebars_width":0,"ocean_sidebar":"0","ocean_second_sidebar":"0","ocean_disable_margins":"enable","ocean_add_body_class":"","ocean_shortcode_before_top_bar":"","ocean_shortcode_after_top_bar":"","ocean_shortcode_before_header":"","ocean_shortcode_after_header":"","ocean_has_shortcode":"","ocean_shortcode_after_title":"","ocean_shortcode_before_footer_widgets":"","ocean_shortcode_after_footer_widgets":"","ocean_shortcode_before_footer_bottom":"","ocean_shortcode_after_footer_bottom":"","ocean_display_top_bar":"off","ocean_display_header":"on","ocean_header_style":"","ocean_center_header_left_menu":"0","ocean_custom_header_template":"0","ocean_custom_logo":0,"ocean_custom_retina_logo":0,"ocean_custom_logo_max_width":0,"ocean_custom_logo_tablet_max_width":0,"ocean_custom_logo_mobile_max_width":0,"ocean_custom_logo_max_height":0,"ocean_custom_logo_tablet_max_height":0,"ocean_custom_logo_mobile_max_height":0,"ocean_header_custom_menu":"0","ocean_menu_typo_font_family":"0","ocean_menu_typo_font_subset":"","ocean_menu_typo_font_size":0,"ocean_menu_typo_font_size_tablet":0,"ocean_menu_typo_font_size_mobile":0,"ocean_menu_typo_font_size_unit":"px","ocean_menu_typo_font_weight":"","ocean_menu_typo_font_weight_tablet":"","ocean_menu_typo_font_weight_mobile":"","ocean_menu_typo_transform":"","ocean_menu_typo_transform_tablet":"","ocean_menu_typo_transform_mobile":"","ocean_menu_typo_line_height":0,"ocean_menu_typo_line_height_tablet":0,"ocean_menu_typo_line_height_mobile":0,"ocean_menu_typo_line_height_unit":"","ocean_menu_typo_spacing":0,"ocean_menu_typo_spacing_tablet":0,"ocean_menu_typo_spacing_mobile":0,"ocean_menu_typo_spacing_unit":"","ocean_menu_link_color":"","ocean_menu_link_color_hover":"","ocean_menu_link_color_active":"","ocean_menu_link_background":"","ocean_menu_link_hover_background":"","ocean_menu_link_active_background":"","ocean_menu_social_links_bg":"","ocean_menu_social_hover_links_bg":"","ocean_menu_social_links_color":"","ocean_menu_social_hover_links_color":"","ocean_disable_title":"on","ocean_disable_heading":"on","ocean_post_title":"","ocean_post_subheading":"","ocean_post_title_style":"","ocean_post_title_background_color":"","ocean_post_title_background":0,"ocean_post_title_bg_image_position":"","ocean_post_title_bg_image_attachment":"","ocean_post_title_bg_image_repeat":"","ocean_post_title_bg_image_size":"","ocean_post_title_height":0,"ocean_post_title_bg_overlay":0.5,"ocean_post_title_bg_overlay_color":"","ocean_disable_breadcrumbs":"default","ocean_breadcrumbs_color":"","ocean_breadcrumbs_separator_color":"","ocean_breadcrumbs_links_color":"","ocean_breadcrumbs_links_hover_color":"","ocean_display_footer_widgets":"default","ocean_display_footer_bottom":"default","ocean_custom_footer_template":"0","footnotes":""},"class_list":["post-3811","page","type-page","status-publish","hentry","entry"],"yoast_head":"<!-- This site is optimized with the Yoast SEO plugin v27.4 - https:\/\/yoast.com\/product\/yoast-seo-wordpress\/ -->\n<title>Tiger Tools - TESTING-tigerpico-de<\/title>\n<meta name=\"robots\" content=\"index, follow, max-snippet:-1, max-image-preview:large, max-video-preview:-1\" \/>\n<link rel=\"canonical\" href=\"https:\/\/tigerpico.de\/en_us\/service_center\/download_center\/tiger-tools\/\" \/>\n<meta property=\"og:locale\" content=\"en_US\" \/>\n<meta property=\"og:type\" content=\"article\" \/>\n<meta property=\"og:title\" content=\"Tiger Tools - TESTING-tigerpico-de\" \/>\n<meta property=\"og:description\" content=\"Tiger Tools Tiger Tools Treiber handb\u00fccher tipps &#038; Tricks Datenbl\u00e4tter schaltpl\u00e4ne programmbsp. Tiger C Tiger Tools Tiger-BASIC 5.5.16 Lite \/ Vollversion mit Tiger plus Support (210 mb) Tiger Downloader v3.2.1 mit Tiger plus Support (67 mb) Tiger-Basic Der Download von Tiger-BASIC besteht aus einem ausf\u00fchrbaren Installationsprogramm, das die komplette Version der Tiger-BASIC Entwicklungsumgebung auf Ihrem [&hellip;]\" \/>\n<meta property=\"og:url\" content=\"https:\/\/tigerpico.de\/en_us\/service_center\/download_center\/tiger-tools\/\" \/>\n<meta property=\"og:site_name\" content=\"TESTING-tigerpico-de\" \/>\n<meta property=\"article:publisher\" content=\"https:\/\/www.facebook.com\/WilkeTechnology\/\" \/>\n<meta property=\"article:modified_time\" content=\"2022-11-25T09:38:28+00:00\" \/>\n<meta name=\"twitter:card\" content=\"summary_large_image\" \/>\n<meta name=\"twitter:label1\" content=\"Est. reading time\" \/>\n\t<meta name=\"twitter:data1\" content=\"2 minutes\" \/>\n<script type=\"application\/ld+json\" class=\"yoast-schema-graph\">{\"@context\":\"https:\\\/\\\/schema.org\",\"@graph\":[{\"@type\":\"WebPage\",\"@id\":\"https:\\\/\\\/tigerpico.de\\\/service_center\\\/download_center\\\/tiger-tools\",\"url\":\"https:\\\/\\\/tigerpico.de\\\/service_center\\\/download_center\\\/tiger-tools\",\"name\":\"Tiger Tools - TESTING-tigerpico-de\",\"isPartOf\":{\"@id\":\"https:\\\/\\\/tigerpico.de\\\/#website\"},\"datePublished\":\"2022-06-14T14:37:40+00:00\",\"dateModified\":\"2022-11-25T09:38:28+00:00\",\"breadcrumb\":{\"@id\":\"https:\\\/\\\/tigerpico.de\\\/service_center\\\/download_center\\\/tiger-tools#breadcrumb\"},\"inLanguage\":\"en-US\",\"potentialAction\":[{\"@type\":\"ReadAction\",\"target\":[\"https:\\\/\\\/tigerpico.de\\\/service_center\\\/download_center\\\/tiger-tools\"]}]},{\"@type\":\"BreadcrumbList\",\"@id\":\"https:\\\/\\\/tigerpico.de\\\/service_center\\\/download_center\\\/tiger-tools#breadcrumb\",\"itemListElement\":[{\"@type\":\"ListItem\",\"position\":1,\"name\":\"Startseite\",\"item\":\"https:\\\/\\\/tigerpico.de\\\/\"},{\"@type\":\"ListItem\",\"position\":2,\"name\":\"Service Center\",\"item\":\"https:\\\/\\\/tigerpico.de\\\/service_center\"},{\"@type\":\"ListItem\",\"position\":3,\"name\":\"Download Center\",\"item\":\"https:\\\/\\\/tigerpico.de\\\/service_center\\\/download_center\"},{\"@type\":\"ListItem\",\"position\":4,\"name\":\"Tiger Tools\"}]},{\"@type\":\"WebSite\",\"@id\":\"https:\\\/\\\/tigerpico.de\\\/#website\",\"url\":\"https:\\\/\\\/tigerpico.de\\\/\",\"name\":\"TESTING-tigerpico-de\",\"description\":\"Wilke Technology\",\"publisher\":{\"@id\":\"https:\\\/\\\/tigerpico.de\\\/#organization\"},\"potentialAction\":[{\"@type\":\"SearchAction\",\"target\":{\"@type\":\"EntryPoint\",\"urlTemplate\":\"https:\\\/\\\/tigerpico.de\\\/?s={search_term_string}\"},\"query-input\":{\"@type\":\"PropertyValueSpecification\",\"valueRequired\":true,\"valueName\":\"search_term_string\"}}],\"inLanguage\":\"en-US\"},{\"@type\":\"Organization\",\"@id\":\"https:\\\/\\\/tigerpico.de\\\/#organization\",\"name\":\"TESTING-tigerpico-de\",\"url\":\"https:\\\/\\\/tigerpico.de\\\/\",\"logo\":{\"@type\":\"ImageObject\",\"inLanguage\":\"en-US\",\"@id\":\"https:\\\/\\\/tigerpico.de\\\/#\\\/schema\\\/logo\\\/image\\\/\",\"url\":\"https:\\\/\\\/tigerpico.de\\\/wp-content\\\/uploads\\\/2022\\\/05\\\/Wilke_Logo_mittelgrun-4.png\",\"contentUrl\":\"https:\\\/\\\/tigerpico.de\\\/wp-content\\\/uploads\\\/2022\\\/05\\\/Wilke_Logo_mittelgrun-4.png\",\"width\":1690,\"height\":1680,\"caption\":\"TESTING-tigerpico-de\"},\"image\":{\"@id\":\"https:\\\/\\\/tigerpico.de\\\/#\\\/schema\\\/logo\\\/image\\\/\"},\"sameAs\":[\"https:\\\/\\\/www.facebook.com\\\/WilkeTechnology\\\/\",\"https:\\\/\\\/de.linkedin.com\\\/company\\\/wilke-technology-gmbh\",\"https:\\\/\\\/www.xing.com\\\/pages\\\/wilke-technology-gmbh\\\/about_us\"]}]}<\/script>\n<!-- \/ Yoast SEO plugin. -->","yoast_head_json":{"title":"Tiger Tools - TESTING-tigerpico-de","robots":{"index":"index","follow":"follow","max-snippet":"max-snippet:-1","max-image-preview":"max-image-preview:large","max-video-preview":"max-video-preview:-1"},"canonical":"https:\/\/tigerpico.de\/en_us\/service_center\/download_center\/tiger-tools\/","og_locale":"en_US","og_type":"article","og_title":"Tiger Tools - TESTING-tigerpico-de","og_description":"Tiger Tools Tiger Tools Treiber handb\u00fccher tipps &#038; Tricks Datenbl\u00e4tter schaltpl\u00e4ne programmbsp. Tiger C Tiger Tools Tiger-BASIC 5.5.16 Lite \/ Vollversion mit Tiger plus Support (210 mb) Tiger Downloader v3.2.1 mit Tiger plus Support (67 mb) Tiger-Basic Der Download von Tiger-BASIC besteht aus einem ausf\u00fchrbaren Installationsprogramm, das die komplette Version der Tiger-BASIC Entwicklungsumgebung auf Ihrem [&hellip;]","og_url":"https:\/\/tigerpico.de\/en_us\/service_center\/download_center\/tiger-tools\/","og_site_name":"TESTING-tigerpico-de","article_publisher":"https:\/\/www.facebook.com\/WilkeTechnology\/","article_modified_time":"2022-11-25T09:38:28+00:00","twitter_card":"summary_large_image","twitter_misc":{"Est. reading time":"2 minutes"},"schema":{"@context":"https:\/\/schema.org","@graph":[{"@type":"WebPage","@id":"https:\/\/tigerpico.de\/service_center\/download_center\/tiger-tools","url":"https:\/\/tigerpico.de\/service_center\/download_center\/tiger-tools","name":"Tiger Tools - TESTING-tigerpico-de","isPartOf":{"@id":"https:\/\/tigerpico.de\/#website"},"datePublished":"2022-06-14T14:37:40+00:00","dateModified":"2022-11-25T09:38:28+00:00","breadcrumb":{"@id":"https:\/\/tigerpico.de\/service_center\/download_center\/tiger-tools#breadcrumb"},"inLanguage":"en-US","potentialAction":[{"@type":"ReadAction","target":["https:\/\/tigerpico.de\/service_center\/download_center\/tiger-tools"]}]},{"@type":"BreadcrumbList","@id":"https:\/\/tigerpico.de\/service_center\/download_center\/tiger-tools#breadcrumb","itemListElement":[{"@type":"ListItem","position":1,"name":"Startseite","item":"https:\/\/tigerpico.de\/"},{"@type":"ListItem","position":2,"name":"Service Center","item":"https:\/\/tigerpico.de\/service_center"},{"@type":"ListItem","position":3,"name":"Download Center","item":"https:\/\/tigerpico.de\/service_center\/download_center"},{"@type":"ListItem","position":4,"name":"Tiger Tools"}]},{"@type":"WebSite","@id":"https:\/\/tigerpico.de\/#website","url":"https:\/\/tigerpico.de\/","name":"TESTING-tigerpico-de","description":"Wilke Technology","publisher":{"@id":"https:\/\/tigerpico.de\/#organization"},"potentialAction":[{"@type":"SearchAction","target":{"@type":"EntryPoint","urlTemplate":"https:\/\/tigerpico.de\/?s={search_term_string}"},"query-input":{"@type":"PropertyValueSpecification","valueRequired":true,"valueName":"search_term_string"}}],"inLanguage":"en-US"},{"@type":"Organization","@id":"https:\/\/tigerpico.de\/#organization","name":"TESTING-tigerpico-de","url":"https:\/\/tigerpico.de\/","logo":{"@type":"ImageObject","inLanguage":"en-US","@id":"https:\/\/tigerpico.de\/#\/schema\/logo\/image\/","url":"https:\/\/tigerpico.de\/wp-content\/uploads\/2022\/05\/Wilke_Logo_mittelgrun-4.png","contentUrl":"https:\/\/tigerpico.de\/wp-content\/uploads\/2022\/05\/Wilke_Logo_mittelgrun-4.png","width":1690,"height":1680,"caption":"TESTING-tigerpico-de"},"image":{"@id":"https:\/\/tigerpico.de\/#\/schema\/logo\/image\/"},"sameAs":["https:\/\/www.facebook.com\/WilkeTechnology\/","https:\/\/de.linkedin.com\/company\/wilke-technology-gmbh","https:\/\/www.xing.com\/pages\/wilke-technology-gmbh\/about_us"]}]}},"_links":{"self":[{"href":"https:\/\/tigerpico.de\/en_us\/wp-json\/wp\/v2\/pages\/3811","targetHints":{"allow":["GET"]}}],"collection":[{"href":"https:\/\/tigerpico.de\/en_us\/wp-json\/wp\/v2\/pages"}],"about":[{"href":"https:\/\/tigerpico.de\/en_us\/wp-json\/wp\/v2\/types\/page"}],"author":[{"embeddable":true,"href":"https:\/\/tigerpico.de\/en_us\/wp-json\/wp\/v2\/users\/2"}],"replies":[{"embeddable":true,"href":"https:\/\/tigerpico.de\/en_us\/wp-json\/wp\/v2\/comments?post=3811"}],"version-history":[{"count":247,"href":"https:\/\/tigerpico.de\/en_us\/wp-json\/wp\/v2\/pages\/3811\/revisions"}],"predecessor-version":[{"id":22738,"href":"https:\/\/tigerpico.de\/en_us\/wp-json\/wp\/v2\/pages\/3811\/revisions\/22738"}],"up":[{"embeddable":true,"href":"https:\/\/tigerpico.de\/en_us\/wp-json\/wp\/v2\/pages\/3731"}],"wp:attachment":[{"href":"https:\/\/tigerpico.de\/en_us\/wp-json\/wp\/v2\/media?parent=3811"}],"curies":[{"name":"wp","href":"https:\/\/api.w.org\/{rel}","templated":true}]}}